



{"id":32242,"date":"2026-04-19T10:15:36","date_gmt":"2026-04-19T08:15:36","guid":{"rendered":"https:\/\/www.faustyna.pl\/zmbm\/?page_id=32242"},"modified":"2026-04-19T10:15:36","modified_gmt":"2026-04-19T08:15:36","slug":"narodowy-kongres-faustinum-wlochy","status":"publish","type":"page","link":"https:\/\/www.faustyna.pl\/zmbm\/narodowy-kongres-faustinum-wlochy\/","title":{"rendered":"Narodowy Kongres Faustinum \u2013 W\u0142ochy"},"content":{"rendered":"<p style=\"text-align: justify\"><a href=\"https:\/\/www.faustyna.pl\/zmbm\/wp-content\/uploads\/2026\/04\/Narody_Konfres_Faustinum_ISMM.jpg\" data-gallery><img loading=\"lazy\" decoding=\"async\" class=\"size-medium wp-image-32243 alignnone\" src=\"https:\/\/www.faustyna.pl\/zmbm\/wp-content\/uploads\/2026\/04\/Narody_Konfres_Faustinum_ISMM-560x333.jpg\" alt=\"\" width=\"560\" height=\"333\" srcset=\"https:\/\/www.faustyna.pl\/zmbm\/wp-content\/uploads\/2026\/04\/Narody_Konfres_Faustinum_ISMM-560x333.jpg 560w, https:\/\/www.faustyna.pl\/zmbm\/wp-content\/uploads\/2026\/04\/Narody_Konfres_Faustinum_ISMM-140x83.jpg 140w, https:\/\/www.faustyna.pl\/zmbm\/wp-content\/uploads\/2026\/04\/Narody_Konfres_Faustinum_ISMM.jpg 1024w\" sizes=\"auto, (max-width: 560px) 100vw, 560px\" \/><\/a><\/p>\n<p style=\"text-align: justify\">W dniach 24-26 kwietnia br. w Rzymie odb\u0119dzie si\u0119 V Narodowy Kongres Cz\u0142onk\u00f3w i Wolontariuszy Faustinum zatytu\u0142owany: \u201eSpotka\u0107 mistrza, mi\u0142osierdzie w sercu Ko\u015bcio\u0142a\u201d. W programie: \u00a0Eucharystia przy grobie Jana Paw\u0142a II w Bazylice \u015bw. Piotra i w sanktuarium Santo Spirito in Sassia; katechezy: kard. Gerharda Ludwiga M\u00fcllera, prefekta emerytowanego ds. Dykasterii i Doktryny Wiary,\u00a0ks. Matteo Castellina i ks. Attilio Guelli OFMCap; wsp\u00f3lna modlitwa (Godzina Mi\u0142osierdzia, Koronka, R\u00f3\u017caniec i adoracja) oraz \u015bwiadectwa i braterskie spotkania. W niedziel\u0119 uroczysta ceremonia przyj\u0119cia nowych cz\u0142onk\u00f3w do Faustinum, kt\u00f3rej b\u0119dzie\u00a0 przewodniczy\u0142 b\u0119dzie kard. Gerhard Ludwig M\u00fcller. W spotkaniu we\u017amie udzia\u0142 przewodnicz\u0105ca stowarzyszenia Aposto\u0142\u00f3w Bo\u017cego Mi\u0142osierdzia Faustinum s. Emanuela Gemza i siostry z rzymskiej wsp\u00f3lnoty Zgromadzenia Matki Bo\u017cej Mi\u0142osierdzia.<\/p>\n<p style=\"text-align: justify\">Stowarzyszenie \u201eFaustinum\u201d z siedzib\u0105 w Sanktuarium Bo\u017cego Mi\u0142osierdzia w Krakowie-\u0141agiewnikach erygowa\u0142 metropolita krakowski kard. Franciszek Macharski 6 marca 1996 roku. Zrzesza ono kap\u0142an\u00f3w, osoby konsekrowane i wiernych \u015bwieckich z prawie 90 kraj\u00f3w \u015bwiata, kt\u00f3rzy wraz ze Zgromadzeniem Si\u00f3str Matki Bo\u017cej Mi\u0142osierdzia w\u0142\u0105czaj\u0105 si\u0119 w misj\u0119 \u015bw. Siostry Faustyny niesienia \u015bwiatu or\u0119dzia Mi\u0142osierdzia \u015bwiadectwem \u017cycia, czynem, s\u0142owem i modlitw\u0105. Stowarzyszenie prowadzi formacj\u0119 aposto\u0142\u00f3w Bo\u017cego Mi\u0142osierdzia \u2013 podstawow\u0105 i permanentn\u0105, wsp\u00f3lnotow\u0105 i indywidualn\u0105 \u2013 w kilku j\u0119zykach w oparciu o s\u0142owo Bo\u017ce, nauczanie Ko\u015bcio\u0142a i szko\u0142\u0119 duchowo\u015bci \u015bw. Siostry Faustyny.<\/p>\n","protected":false},"excerpt":{"rendered":"<p>W dniach 24-26 kwietnia br. w Rzymie odb\u0119dzie si\u0119 V Narodowy Kongres Cz\u0142onk\u00f3w i Wolontariuszy Faustinum zatytu\u0142owany: \u201eSpotka\u0107 mistrza, mi\u0142osierdzie w sercu Ko\u015bcio\u0142a\u201d. W programie: \u00a0Eucharystia przy grobie Jana Paw\u0142a II w Bazylice \u015bw. Piotra i w sanktuarium Santo Spirito in Sassia; katechezy: kard. Gerharda Ludwiga M\u00fcllera, prefekta emerytowanego ds. Dykasterii i Doktryny Wiary,\u00a0ks. Matteo [&hellip;]<\/p>\n","protected":false},"author":2,"featured_media":32243,"parent":0,"menu_order":-1782,"comment_status":"closed","ping_status":"closed","template":"","meta":{"footnotes":""},"categories":[4],"tags":[],"class_list":["post-32242","page","type-page","status-publish","has-post-thumbnail","hentry","category-aktualnosci"],"_links":{"self":[{"href":"https:\/\/www.faustyna.pl\/zmbm\/wp-json\/wp\/v2\/pages\/32242","targetHints":{"allow":["GET"]}}],"collection":[{"href":"https:\/\/www.faustyna.pl\/zmbm\/wp-json\/wp\/v2\/pages"}],"about":[{"href":"https:\/\/www.faustyna.pl\/zmbm\/wp-json\/wp\/v2\/types\/page"}],"author":[{"embeddable":true,"href":"https:\/\/www.faustyna.pl\/zmbm\/wp-json\/wp\/v2\/users\/2"}],"replies":[{"embeddable":true,"href":"https:\/\/www.faustyna.pl\/zmbm\/wp-json\/wp\/v2\/comments?post=32242"}],"version-history":[{"count":1,"href":"https:\/\/www.faustyna.pl\/zmbm\/wp-json\/wp\/v2\/pages\/32242\/revisions"}],"predecessor-version":[{"id":32244,"href":"https:\/\/www.faustyna.pl\/zmbm\/wp-json\/wp\/v2\/pages\/32242\/revisions\/32244"}],"wp:featuredmedia":[{"embeddable":true,"href":"https:\/\/www.faustyna.pl\/zmbm\/wp-json\/wp\/v2\/media\/32243"}],"wp:attachment":[{"href":"https:\/\/www.faustyna.pl\/zmbm\/wp-json\/wp\/v2\/media?parent=32242"}],"wp:term":[{"taxonomy":"category","embeddable":true,"href":"https:\/\/www.faustyna.pl\/zmbm\/wp-json\/wp\/v2\/categories?post=32242"},{"taxonomy":"post_tag","embeddable":true,"href":"https:\/\/www.faustyna.pl\/zmbm\/wp-json\/wp\/v2\/tags?post=32242"}],"curies":[{"name":"wp","href":"https:\/\/api.w.org\/{rel}","templated":true}]}}