



{"id":32258,"date":"2026-04-25T14:33:39","date_gmt":"2026-04-25T12:33:39","guid":{"rendered":"https:\/\/www.faustyna.pl\/zmbm\/?page_id=32258"},"modified":"2026-04-26T19:22:20","modified_gmt":"2026-04-26T17:22:20","slug":"slowo-boze-i-dzienniczek-iv-niedziela-wielkanocna","status":"publish","type":"page","link":"https:\/\/www.faustyna.pl\/zmbm\/slowo-boze-i-dzienniczek-iv-niedziela-wielkanocna\/","title":{"rendered":"S\u0142owo Bo\u017ce i \u201eDzienniczek\u201d \u2013 IV niedziela wielkanocna"},"content":{"rendered":"<p><em><a href=\"https:\/\/www.faustyna.pl\/zmbm\/wp-content\/uploads\/2026\/04\/Dobry_Pasterz_609_Al.png\" data-gallery><img loading=\"lazy\" decoding=\"async\" class=\"size-medium wp-image-32259 alignnone\" src=\"https:\/\/www.faustyna.pl\/zmbm\/wp-content\/uploads\/2026\/04\/Dobry_Pasterz_609_Al-560x333.png\" alt=\"\" width=\"560\" height=\"333\" srcset=\"https:\/\/www.faustyna.pl\/zmbm\/wp-content\/uploads\/2026\/04\/Dobry_Pasterz_609_Al-560x333.png 560w, https:\/\/www.faustyna.pl\/zmbm\/wp-content\/uploads\/2026\/04\/Dobry_Pasterz_609_Al-140x83.png 140w, https:\/\/www.faustyna.pl\/zmbm\/wp-content\/uploads\/2026\/04\/Dobry_Pasterz_609_Al.png 1024w\" sizes=\"auto, (max-width: 560px) 100vw, 560px\" \/><\/a><\/em><\/p>\n<p style=\"text-align: justify\"><em>\u201eUroczy\u015bcie zapewniam was: Kto nie wchodzi do zagrody owiec przez bram\u0119, lecz innym sposobem, jest z\u0142odziejem i przest\u0119pc\u0105. Ten natomiast, kto wchodzi do niej przez bram\u0119, jest pasterzem owiec. Jemu te\u017c otwiera od\u017awierny, a owce s\u0142uchaj\u0105 jego g\u0142osu. Te, kt\u00f3re nale\u017c\u0105 do niego, wo\u0142a po imieniu i wyprowadza. Gdy wyprowadzi wszystkie swoje owce, idzie przed nimi, a one id\u0105 za nim, gdy\u017c rozpoznaj\u0105 jego g\u0142os. Za kim\u015b obcym nie p\u00f3jd\u0105 wcale, lecz uciekn\u0105 od niego, bo nie znaj\u0105 g\u0142osu obcych\u201d. Jezus opowiedzia\u0142 im t\u0119 przypowie\u015b\u0107, lecz oni nie zrozumieli, o czym m\u00f3wi\u0142. Jezus zacz\u0105\u0142 wi\u0119c ponownie m\u00f3wi\u0107: \u201eUroczy\u015bcie zapewniam was: To Ja jestem bram\u0105 owiec. Wszyscy, kt\u00f3rzy Mnie poprzedzili, s\u0105 z\u0142odziejami i przest\u0119pcami, a owce nie by\u0142y im pos\u0142uszne. Ja jestem bram\u0105. Je\u015bli kto\u015b j\u0105 przekroczy, uzyska zbawienie. B\u0119dzie wchodzi\u0142 i wychodzi\u0142 i znajdzie pokarm. Z\u0142odziej przychodzi tylko po to, aby co\u015b ukra\u015b\u0107, zabi\u0107 lub zniszczy\u0107. Ja natomiast przyszed\u0142em, aby moje owce mia\u0142y \u017cycie i to \u017cycie w pe\u0142ni\u201d<\/em> (J 10, 1-10).<\/p>\n<h3 style=\"text-align: center\"><span style=\"color: #800000\"><strong>Z \u201eDzienniczka\u201d \u015bw. Faustyny<\/strong><\/span><\/h3>\n<p style=\"text-align: justify\">Jezus: <strong><em>Jak wielk\u0105 rado\u015bci\u0105 nape\u0142ni\u0142o si\u0119 serce Moje, kiedy wracasz do Mnie. W<\/em><\/strong>ym momencie wprowadza j\u0105 do mieszkania w\u0142asnego Serca, a wszystkie grzechy znik\u0142y w okamgnieniu, mi\u0142o\u015bci \u017car zniszczy\u0142 je (Dz. 1486).<strong><em>idz\u0119 ci\u0119 bardzo s\u0142ab\u0105, dlatego bior\u0119 ci\u0119 na w\u0142asne ramiona i nios\u0119 ci\u0119 w dom Ojca Mojego.<\/em><\/strong><\/p>\n<p style=\"text-align: justify\">\u2013 Dusza, jakby przebudzona: Czy to mo\u017cliwe, \u017ceby jeszcze dla mnie by\u0142o mi\u0142osierdzie? \u2013 Pyta si\u0119 pe\u0142na trwogi.<\/p>\n<p style=\"text-align: justify\">\u2013 Jezus:\u00a0<strong><em>W\u0142a\u015bnie ty, dzieci\u0119 Moje, masz wy\u0142\u0105czne prawo do Mojego mi\u0142osierdzia. Pozw\u00f3l Mojemu mi\u0142osierdziu dzia\u0142a\u0107 w tobie, w twej biednej duszy; pozw\u00f3l, niech wejd\u0105 do duszy promienie \u0142aski, one wprowadz\u0105 \u015bwiat\u0142o, ciep\u0142o i \u017cycie<\/em><\/strong><em>.<\/em><\/p>\n<p style=\"text-align: justify\">\u00a0\u2013 Dusza: Jednak l\u0119k mnie ogarnia na samo wspomnienie moich grzech\u00f3w i ta straszna trwoga pobudza mnie do pow\u0105tpiewania o Twojej dobroci.<\/p>\n<p style=\"text-align: justify\">\u2013 Jezus:\u00a0<strong><em>Wiedz, duszo, \u017ce wszystkie grzechy twoje nie zrani\u0142y Mi tak bole\u015bnie serca, jak obecna twoja nieufno\u015b\u0107; po tylu wysi\u0142kach Mojej<\/em><\/strong><em>\u00a0<strong>mi\u0142o\u015bci i mi\u0142osierdzia nie dowierzasz Mojej dobroci.<\/strong><\/em><\/p>\n<p style=\"text-align: justify\">\u00a0\u2013 Dusza: O Panie, ratuj mnie sam, bo gin\u0119, b\u0105d\u017a mi Zbawicielem. O Panie, reszt\u0119 wypowiedzie\u0107 nie jestem zdolna, rozdarte jest moje biedne serce, ale Ty, Panie&#8230;<\/p>\n<p style=\"text-align: justify\">Jezus nie pozwoli\u0142 doko\u0144czy\u0107 tych s\u0142\u00f3w duszy, ale podnosi j\u0105 z ziemi, z otch\u0142ani n\u0119dzy i w jedn<\/p>\n","protected":false},"excerpt":{"rendered":"<p>\u201eUroczy\u015bcie zapewniam was: Kto nie wchodzi do zagrody owiec przez bram\u0119, lecz innym sposobem, jest z\u0142odziejem i przest\u0119pc\u0105. Ten natomiast, kto wchodzi do niej przez bram\u0119, jest pasterzem owiec. Jemu te\u017c otwiera od\u017awierny, a owce s\u0142uchaj\u0105 jego g\u0142osu. Te, kt\u00f3re nale\u017c\u0105 do niego, wo\u0142a po imieniu i wyprowadza. Gdy wyprowadzi wszystkie swoje owce, idzie przed [&hellip;]<\/p>\n","protected":false},"author":2,"featured_media":32259,"parent":0,"menu_order":-1587,"comment_status":"closed","ping_status":"closed","template":"","meta":{"footnotes":""},"categories":[104],"tags":[],"class_list":["post-32258","page","type-page","status-publish","has-post-thumbnail","hentry","category-archiwum"],"_links":{"self":[{"href":"https:\/\/www.faustyna.pl\/zmbm\/wp-json\/wp\/v2\/pages\/32258","targetHints":{"allow":["GET"]}}],"collection":[{"href":"https:\/\/www.faustyna.pl\/zmbm\/wp-json\/wp\/v2\/pages"}],"about":[{"href":"https:\/\/www.faustyna.pl\/zmbm\/wp-json\/wp\/v2\/types\/page"}],"author":[{"embeddable":true,"href":"https:\/\/www.faustyna.pl\/zmbm\/wp-json\/wp\/v2\/users\/2"}],"replies":[{"embeddable":true,"href":"https:\/\/www.faustyna.pl\/zmbm\/wp-json\/wp\/v2\/comments?post=32258"}],"version-history":[{"count":1,"href":"https:\/\/www.faustyna.pl\/zmbm\/wp-json\/wp\/v2\/pages\/32258\/revisions"}],"predecessor-version":[{"id":32260,"href":"https:\/\/www.faustyna.pl\/zmbm\/wp-json\/wp\/v2\/pages\/32258\/revisions\/32260"}],"wp:featuredmedia":[{"embeddable":true,"href":"https:\/\/www.faustyna.pl\/zmbm\/wp-json\/wp\/v2\/media\/32259"}],"wp:attachment":[{"href":"https:\/\/www.faustyna.pl\/zmbm\/wp-json\/wp\/v2\/media?parent=32258"}],"wp:term":[{"taxonomy":"category","embeddable":true,"href":"https:\/\/www.faustyna.pl\/zmbm\/wp-json\/wp\/v2\/categories?post=32258"},{"taxonomy":"post_tag","embeddable":true,"href":"https:\/\/www.faustyna.pl\/zmbm\/wp-json\/wp\/v2\/tags?post=32258"}],"curies":[{"name":"wp","href":"https:\/\/api.w.org\/{rel}","templated":true}]}}