



{"id":32279,"date":"2026-05-04T08:35:19","date_gmt":"2026-05-04T06:35:19","guid":{"rendered":"https:\/\/www.faustyna.pl\/zmbm\/?page_id=32279"},"modified":"2026-05-04T08:46:39","modified_gmt":"2026-05-04T06:46:39","slug":"kobiety-w-biblii-2","status":"publish","type":"page","link":"https:\/\/www.faustyna.pl\/zmbm\/kobiety-w-biblii-2\/","title":{"rendered":"\u201eKobiety w Biblii\u201d"},"content":{"rendered":"<p><a href=\"https:\/\/www.faustyna.pl\/zmbm\/wp-content\/uploads\/2026\/05\/Jezus-i-jawnogrzesznica_Al.png\" data-gallery><img loading=\"lazy\" decoding=\"async\" class=\"size-medium wp-image-32280 alignnone\" src=\"https:\/\/www.faustyna.pl\/zmbm\/wp-content\/uploads\/2026\/05\/Jezus-i-jawnogrzesznica_Al-560x333.png\" alt=\"\" width=\"560\" height=\"333\" srcset=\"https:\/\/www.faustyna.pl\/zmbm\/wp-content\/uploads\/2026\/05\/Jezus-i-jawnogrzesznica_Al-560x333.png 560w, https:\/\/www.faustyna.pl\/zmbm\/wp-content\/uploads\/2026\/05\/Jezus-i-jawnogrzesznica_Al-140x83.png 140w, https:\/\/www.faustyna.pl\/zmbm\/wp-content\/uploads\/2026\/05\/Jezus-i-jawnogrzesznica_Al.png 1024w\" sizes=\"auto, (max-width: 560px) 100vw, 560px\" \/><\/a><\/p>\n<p style=\"text-align: justify\">W tym cyklu, w dniach 8-10 maja, w Sanktuarium Bo\u017cego Mi\u0142osierdzia w Krakowie-\u0141agiewnikach odb\u0119d\u0105 si\u0119 kolejne rekolekcje \u2013 tym razem na temat: \u201eKobiety, kt\u00f3rych histori\u0119 przyj\u0105\u0142 Jezus\u201d. Mottem do tego tematu b\u0119d\u0105 s\u0142owa \u015bw. Faustyny: <em>Bo\u017ce wielkiego mi\u0142osierdzia,\u00a0<\/em>(\u2026)<em>\u00a0Ty\u00a0nie\u00a0odrzucasz grzesznik\u00f3w, ale\u00a0z\u00a0niezg\u0142\u0119bionego mi\u0142osierdzia swego otworzy\u0142e\u015b i\u00a0im\u00a0skarb, z\u00a0kt\u00f3rego\u00a0czerpa\u0107 mog\u0105 w\u00a0obfito\u015bci nie\u00a0tylko\u00a0usprawiedliwienie, ale\u00a0wszelk\u0105 \u015bwi\u0119to\u015b\u0107, do\u00a0jakiej dusza doj\u015b\u0107 mo\u017ce\u00a0<\/em>(Dz. 1122). Uczestnicy rekolekcji w klimacie ciszy b\u0119d\u0105 rozwa\u017ca\u0107 s\u0142owo Bo\u017ce, kt\u00f3re pokazuje nie\u0142atwe historie biblijnych kobiet. B\u00f3g z mi\u0142o\u015bci\u0105 przyjmuje je i nas z ca\u0142ym baga\u017cem historii i potrafi wyprowadzi\u0107 dobro nawet z wydarze\u0144, kt\u00f3re oceniamy jako z\u0142e i grzeszne tak\u017ce w naszym osobistym \u017cyciu. Rekolekcje poprowadzi ks. Piotr Stawarz, salwatorianin, kierownik duchowy i rekolekcjonista, duszpasterz CFD w Krakowie. Wi\u0119cej informacji na: <a href=\"http:\/\/www.faustinum.pl\">www.faustinum.pl<\/a><\/p>\n","protected":false},"excerpt":{"rendered":"<p>W tym cyklu, w dniach 8-10 maja, w Sanktuarium Bo\u017cego Mi\u0142osierdzia w Krakowie-\u0141agiewnikach odb\u0119d\u0105 si\u0119 kolejne rekolekcje \u2013 tym razem na temat: \u201eKobiety, kt\u00f3rych histori\u0119 przyj\u0105\u0142 Jezus\u201d. Mottem do tego tematu b\u0119d\u0105 s\u0142owa \u015bw. Faustyny: Bo\u017ce wielkiego mi\u0142osierdzia,\u00a0(\u2026)\u00a0Ty\u00a0nie\u00a0odrzucasz grzesznik\u00f3w, ale\u00a0z\u00a0niezg\u0142\u0119bionego mi\u0142osierdzia swego otworzy\u0142e\u015b i\u00a0im\u00a0skarb, z\u00a0kt\u00f3rego\u00a0czerpa\u0107 mog\u0105 w\u00a0obfito\u015bci nie\u00a0tylko\u00a0usprawiedliwienie, ale\u00a0wszelk\u0105 \u015bwi\u0119to\u015b\u0107, do\u00a0jakiej dusza doj\u015b\u0107 mo\u017ce\u00a0(Dz. 1122). [&hellip;]<\/p>\n","protected":false},"author":2,"featured_media":32280,"parent":0,"menu_order":-1789,"comment_status":"closed","ping_status":"closed","template":"","meta":{"footnotes":""},"categories":[4],"tags":[],"class_list":["post-32279","page","type-page","status-publish","has-post-thumbnail","hentry","category-aktualnosci"],"_links":{"self":[{"href":"https:\/\/www.faustyna.pl\/zmbm\/wp-json\/wp\/v2\/pages\/32279","targetHints":{"allow":["GET"]}}],"collection":[{"href":"https:\/\/www.faustyna.pl\/zmbm\/wp-json\/wp\/v2\/pages"}],"about":[{"href":"https:\/\/www.faustyna.pl\/zmbm\/wp-json\/wp\/v2\/types\/page"}],"author":[{"embeddable":true,"href":"https:\/\/www.faustyna.pl\/zmbm\/wp-json\/wp\/v2\/users\/2"}],"replies":[{"embeddable":true,"href":"https:\/\/www.faustyna.pl\/zmbm\/wp-json\/wp\/v2\/comments?post=32279"}],"version-history":[{"count":2,"href":"https:\/\/www.faustyna.pl\/zmbm\/wp-json\/wp\/v2\/pages\/32279\/revisions"}],"predecessor-version":[{"id":32282,"href":"https:\/\/www.faustyna.pl\/zmbm\/wp-json\/wp\/v2\/pages\/32279\/revisions\/32282"}],"wp:featuredmedia":[{"embeddable":true,"href":"https:\/\/www.faustyna.pl\/zmbm\/wp-json\/wp\/v2\/media\/32280"}],"wp:attachment":[{"href":"https:\/\/www.faustyna.pl\/zmbm\/wp-json\/wp\/v2\/media?parent=32279"}],"wp:term":[{"taxonomy":"category","embeddable":true,"href":"https:\/\/www.faustyna.pl\/zmbm\/wp-json\/wp\/v2\/categories?post=32279"},{"taxonomy":"post_tag","embeddable":true,"href":"https:\/\/www.faustyna.pl\/zmbm\/wp-json\/wp\/v2\/tags?post=32279"}],"curies":[{"name":"wp","href":"https:\/\/api.w.org\/{rel}","templated":true}]}}