



{"id":32358,"date":"2026-05-08T08:23:51","date_gmt":"2026-05-08T06:23:51","guid":{"rendered":"https:\/\/www.faustyna.pl\/zmbm\/?page_id=32358"},"modified":"2026-05-08T08:24:21","modified_gmt":"2026-05-08T06:24:21","slug":"msza-sw-za-dzielo-koronki-za-konajacych","status":"publish","type":"page","link":"https:\/\/www.faustyna.pl\/zmbm\/msza-sw-za-dzielo-koronki-za-konajacych\/","title":{"rendered":"Msza \u015bw. za dzie\u0142o \u201eKoronki za konaj\u0105cych\u201d"},"content":{"rendered":"<p><a href=\"https:\/\/www.faustyna.pl\/zmbm\/wp-content\/uploads\/2026\/05\/Koronka_za_konajacych_Al.png\" data-gallery><img loading=\"lazy\" decoding=\"async\" class=\"size-medium wp-image-32359 alignnone\" src=\"https:\/\/www.faustyna.pl\/zmbm\/wp-content\/uploads\/2026\/05\/Koronka_za_konajacych_Al-560x333.png\" alt=\"\" width=\"560\" height=\"333\" srcset=\"https:\/\/www.faustyna.pl\/zmbm\/wp-content\/uploads\/2026\/05\/Koronka_za_konajacych_Al-560x333.png 560w, https:\/\/www.faustyna.pl\/zmbm\/wp-content\/uploads\/2026\/05\/Koronka_za_konajacych_Al-140x83.png 140w, https:\/\/www.faustyna.pl\/zmbm\/wp-content\/uploads\/2026\/05\/Koronka_za_konajacych_Al.png 1024w\" sizes=\"auto, (max-width: 560px) 100vw, 560px\" \/><\/a><\/p>\n<p style=\"text-align: justify\">11 maja o godzinie 17.00\u00a0 w Sanktuarium Bo\u017cego Mi\u0142osierdzia w Krakowie-\u0141agiewnikach przed \u0142askami s\u0142yn\u0105cym obrazem Jezusa Mi\u0142osiernego i przy grobie \u015bw. Faustyny celebrowana b\u0119dzie Msza \u015bw. w intencjach: o szcz\u0119\u015bliw\u0105 i spokojn\u0105 \u015bmier\u0107 dla umieraj\u0105cych, zg\u0142oszonych do dzie\u0142a \u201eKoronki za konaj\u0105cych\u201d oraz o potrzebne \u0142aski dla os\u00f3b, kt\u00f3re spiesz\u0105 im \u00a0z pomoc\u0105 w tym dziele. Ka\u017cdego dnia wspieramy modlitw\u0105 Koronki do Mi\u0142osierdzia Bo\u017cego od 150-200 os\u00f3b, kt\u00f3re najbardziej potrzebuj\u0105 wsparcia, bo s\u0105 najs\u0142absi, a decyduj\u0105 ostatecznie o swoim \u017cyciu w wieczno\u015bci. W tym roku do\u0142\u0105czy\u0142y do tego dzie\u0142a osoby z 38 kraj\u00f3w \u015bwiata, kt\u00f3re zadeklarowa\u0142y przynajmniej jedn\u0105 godzin\u0119 w tygodniu, by odpowiedzie\u0107 na powiadomienie o osobie konaj\u0105cej i w jej intencji odm\u00f3wi\u0107 1 raz Koronk\u0119 do Mi\u0142osierdzia Bo\u017cego. <a href=\"https:\/\/www.faustyna.pl\/zmbm\/koronka-za-konajacych\/\">Wi\u0119cej o tym dziele.<\/a><\/p>\n","protected":false},"excerpt":{"rendered":"<p>11 maja o godzinie 17.00\u00a0 w Sanktuarium Bo\u017cego Mi\u0142osierdzia w Krakowie-\u0141agiewnikach przed \u0142askami s\u0142yn\u0105cym obrazem Jezusa Mi\u0142osiernego i przy grobie \u015bw. Faustyny celebrowana b\u0119dzie Msza \u015bw. w intencjach: o szcz\u0119\u015bliw\u0105 i spokojn\u0105 \u015bmier\u0107 dla umieraj\u0105cych, zg\u0142oszonych do dzie\u0142a \u201eKoronki za konaj\u0105cych\u201d oraz o potrzebne \u0142aski dla os\u00f3b, kt\u00f3re spiesz\u0105 im \u00a0z pomoc\u0105 w tym dziele. [&hellip;]<\/p>\n","protected":false},"author":2,"featured_media":32359,"parent":0,"menu_order":-1784,"comment_status":"closed","ping_status":"closed","template":"","meta":{"footnotes":""},"categories":[4],"tags":[],"class_list":["post-32358","page","type-page","status-publish","has-post-thumbnail","hentry","category-aktualnosci"],"_links":{"self":[{"href":"https:\/\/www.faustyna.pl\/zmbm\/wp-json\/wp\/v2\/pages\/32358","targetHints":{"allow":["GET"]}}],"collection":[{"href":"https:\/\/www.faustyna.pl\/zmbm\/wp-json\/wp\/v2\/pages"}],"about":[{"href":"https:\/\/www.faustyna.pl\/zmbm\/wp-json\/wp\/v2\/types\/page"}],"author":[{"embeddable":true,"href":"https:\/\/www.faustyna.pl\/zmbm\/wp-json\/wp\/v2\/users\/2"}],"replies":[{"embeddable":true,"href":"https:\/\/www.faustyna.pl\/zmbm\/wp-json\/wp\/v2\/comments?post=32358"}],"version-history":[{"count":2,"href":"https:\/\/www.faustyna.pl\/zmbm\/wp-json\/wp\/v2\/pages\/32358\/revisions"}],"predecessor-version":[{"id":32361,"href":"https:\/\/www.faustyna.pl\/zmbm\/wp-json\/wp\/v2\/pages\/32358\/revisions\/32361"}],"wp:featuredmedia":[{"embeddable":true,"href":"https:\/\/www.faustyna.pl\/zmbm\/wp-json\/wp\/v2\/media\/32359"}],"wp:attachment":[{"href":"https:\/\/www.faustyna.pl\/zmbm\/wp-json\/wp\/v2\/media?parent=32358"}],"wp:term":[{"taxonomy":"category","embeddable":true,"href":"https:\/\/www.faustyna.pl\/zmbm\/wp-json\/wp\/v2\/categories?post=32358"},{"taxonomy":"post_tag","embeddable":true,"href":"https:\/\/www.faustyna.pl\/zmbm\/wp-json\/wp\/v2\/tags?post=32358"}],"curies":[{"name":"wp","href":"https:\/\/api.w.org\/{rel}","templated":true}]}}