



{"id":32593,"date":"2026-05-09T14:39:18","date_gmt":"2026-05-09T12:39:18","guid":{"rendered":"https:\/\/www.faustyna.pl\/zmbm\/?page_id=32593"},"modified":"2026-05-10T19:36:07","modified_gmt":"2026-05-10T17:36:07","slug":"slowo-boze-i-dzienniczek-vi-niedziela-wielkanocna","status":"publish","type":"page","link":"https:\/\/www.faustyna.pl\/zmbm\/slowo-boze-i-dzienniczek-vi-niedziela-wielkanocna\/","title":{"rendered":"S\u0142owo Bo\u017ce i \u201eDzienniczek\u201d \u2013 VI niedziela wielkanocna"},"content":{"rendered":"<p><em><a href=\"https:\/\/www.faustyna.pl\/zmbm\/wp-content\/uploads\/2026\/05\/Wieczernik_obietica_Ducha_Swietego_Al.png\" data-gallery><img loading=\"lazy\" decoding=\"async\" class=\"size-medium wp-image-32594 alignnone\" src=\"https:\/\/www.faustyna.pl\/zmbm\/wp-content\/uploads\/2026\/05\/Wieczernik_obietica_Ducha_Swietego_Al-560x333.png\" alt=\"\" width=\"560\" height=\"333\" srcset=\"https:\/\/www.faustyna.pl\/zmbm\/wp-content\/uploads\/2026\/05\/Wieczernik_obietica_Ducha_Swietego_Al-560x333.png 560w, https:\/\/www.faustyna.pl\/zmbm\/wp-content\/uploads\/2026\/05\/Wieczernik_obietica_Ducha_Swietego_Al-140x83.png 140w, https:\/\/www.faustyna.pl\/zmbm\/wp-content\/uploads\/2026\/05\/Wieczernik_obietica_Ducha_Swietego_Al.png 1024w\" sizes=\"auto, (max-width: 560px) 100vw, 560px\" \/><\/a><\/em><\/p>\n<p style=\"text-align: justify\"><em>Je\u015bli Mnie mi\u0142ujecie, b\u0119dziecie zachowywali Moje przykazania. A Ja b\u0119d\u0119 prosi\u0142 Ojca i da wam innego Wspomo\u017cyciela, aby pozosta\u0142 z wami na zawsze, Ducha Prawdy, kt\u00f3re \u015bwiat nie jest w stanie przyj\u0105\u0107, poniewa\u017c ani Go nie widzi, ani nie zna. Wy Go znacie, bo przebywa w\u015br\u00f3d was i b\u0119dzie w was. Nie pozostawi\u0119 was sierotami, lecz powr\u00f3c\u0119 do was. Jeszcze troch\u0119, a \u015bwiat ju\u017c Mnie nie zobaczy. Wy jednak b\u0119dziecie Mnie widzie\u0107, poniewa\u017c Ja \u017cyj\u0119 i wy b\u0119dziecie \u017cy\u0107. W owym dniu poznacie, \u017ce Ja jestem w Moim Ojcu, wy we Mnie, a Ja w was. Kto zna Moje przykazania i post\u0119puje wed\u0142ug nich, ten Mnie mi\u0142uje. Kto za\u015b Mnie mi\u0142uje, do\u015bwiadczy mi\u0142o\u015bci Mego Ojca i Ja tak\u017ce go umi\u0142uj\u0119\u00a0 i mu si\u0119 objawi\u0119\u00a0 <\/em>(J 14, 15-21).<strong>\u00a0<\/strong><\/p>\n<h3 style=\"text-align: center\"><span style=\"color: #800000\"><strong>Z \u201eDzienniczka\u201d \u015bw. Faustyny<\/strong><\/span><\/h3>\n<p style=\"text-align: justify\">Wierne poddawanie si\u0119 zawsze i wsz\u0119dzie woli Bo\u017cej, we wszystkich wypadkach i okoliczno\u015bciach \u017cycia, oddaje Bogu wielk\u0105 chwa\u0142\u0119; takie poddanie si\u0119 woli Bo\u017cej wi\u0119ksz\u0105 ma w Jego oczach wag\u0119 ni\u017c d\u0142ugie posty, umartwienia i najsurowsze pokuty. O, jak wielka jest nagroda za jeden akt mi\u0142osnego poddania si\u0119 woli Boga. Pisz\u0105c to, w zachwyt dusza moja wpada, jak j\u0105 B\u00f3g mi\u0142uje, a jakim pokojem ju\u017c tu na ziemi dusza si\u0119 cieszy (Dz. 724).<\/p>\n","protected":false},"excerpt":{"rendered":"<p>Je\u015bli Mnie mi\u0142ujecie, b\u0119dziecie zachowywali Moje przykazania. A Ja b\u0119d\u0119 prosi\u0142 Ojca i da wam innego Wspomo\u017cyciela, aby pozosta\u0142 z wami na zawsze, Ducha Prawdy, kt\u00f3re \u015bwiat nie jest w stanie przyj\u0105\u0107, poniewa\u017c ani Go nie widzi, ani nie zna. Wy Go znacie, bo przebywa w\u015br\u00f3d was i b\u0119dzie w was. Nie pozostawi\u0119 was sierotami, [&hellip;]<\/p>\n","protected":false},"author":2,"featured_media":32594,"parent":0,"menu_order":-1593,"comment_status":"closed","ping_status":"closed","template":"","meta":{"footnotes":""},"categories":[104],"tags":[],"class_list":["post-32593","page","type-page","status-publish","has-post-thumbnail","hentry","category-archiwum"],"_links":{"self":[{"href":"https:\/\/www.faustyna.pl\/zmbm\/wp-json\/wp\/v2\/pages\/32593","targetHints":{"allow":["GET"]}}],"collection":[{"href":"https:\/\/www.faustyna.pl\/zmbm\/wp-json\/wp\/v2\/pages"}],"about":[{"href":"https:\/\/www.faustyna.pl\/zmbm\/wp-json\/wp\/v2\/types\/page"}],"author":[{"embeddable":true,"href":"https:\/\/www.faustyna.pl\/zmbm\/wp-json\/wp\/v2\/users\/2"}],"replies":[{"embeddable":true,"href":"https:\/\/www.faustyna.pl\/zmbm\/wp-json\/wp\/v2\/comments?post=32593"}],"version-history":[{"count":1,"href":"https:\/\/www.faustyna.pl\/zmbm\/wp-json\/wp\/v2\/pages\/32593\/revisions"}],"predecessor-version":[{"id":32595,"href":"https:\/\/www.faustyna.pl\/zmbm\/wp-json\/wp\/v2\/pages\/32593\/revisions\/32595"}],"wp:featuredmedia":[{"embeddable":true,"href":"https:\/\/www.faustyna.pl\/zmbm\/wp-json\/wp\/v2\/media\/32594"}],"wp:attachment":[{"href":"https:\/\/www.faustyna.pl\/zmbm\/wp-json\/wp\/v2\/media?parent=32593"}],"wp:term":[{"taxonomy":"category","embeddable":true,"href":"https:\/\/www.faustyna.pl\/zmbm\/wp-json\/wp\/v2\/categories?post=32593"},{"taxonomy":"post_tag","embeddable":true,"href":"https:\/\/www.faustyna.pl\/zmbm\/wp-json\/wp\/v2\/tags?post=32593"}],"curies":[{"name":"wp","href":"https:\/\/api.w.org\/{rel}","templated":true}]}}