



{"id":32626,"date":"2026-05-12T08:07:48","date_gmt":"2026-05-12T06:07:48","guid":{"rendered":"https:\/\/www.faustyna.pl\/zmbm\/?page_id=32626"},"modified":"2026-05-12T08:07:48","modified_gmt":"2026-05-12T06:07:48","slug":"australia-i-oceania-modla-sie-koronka-2","status":"publish","type":"page","link":"https:\/\/www.faustyna.pl\/zmbm\/australia-i-oceania-modla-sie-koronka-2\/","title":{"rendered":"Australia i Oceania modl\u0105 si\u0119 Koronk\u0105"},"content":{"rendered":"<p><a href=\"https:\/\/www.faustyna.pl\/zmbm\/wp-content\/uploads\/2026\/05\/Australia-i-Oceania_Al.png\" data-gallery><img loading=\"lazy\" decoding=\"async\" class=\"size-medium wp-image-32627 alignnone\" src=\"https:\/\/www.faustyna.pl\/zmbm\/wp-content\/uploads\/2026\/05\/Australia-i-Oceania_Al-560x333.png\" alt=\"\" width=\"560\" height=\"333\" srcset=\"https:\/\/www.faustyna.pl\/zmbm\/wp-content\/uploads\/2026\/05\/Australia-i-Oceania_Al-560x333.png 560w, https:\/\/www.faustyna.pl\/zmbm\/wp-content\/uploads\/2026\/05\/Australia-i-Oceania_Al-140x83.png 140w, https:\/\/www.faustyna.pl\/zmbm\/wp-content\/uploads\/2026\/05\/Australia-i-Oceania_Al.png 1024w\" sizes=\"auto, (max-width: 560px) 100vw, 560px\" \/><\/a><\/p>\n<p style=\"text-align: justify\">18 maja br., w rocznic\u0119 urodzin \u015bw. Jana Paw\u0142a II, o godzinie 15.00 po raz dziewi\u0105ty wierni Australii i Oceanii \u0142\u0105czy\u0107 si\u0119 b\u0119d\u0105 w modlitwie s\u0142owami Koronki do Mi\u0142osierdzia Bo\u017cego. Akcja jest owocem Kongresu Mi\u0142osierdzia Bo\u017cego, kt\u00f3ry odby\u0142 si\u0119 w\u00a0 Melbourne w 2018 roku, a polega na \u0142\u0105czeniu si\u0119 w modlitwie dwa razy w roku: 18 maja \u2013 rocznica urodzin \u015bw. Jana Paw\u0142a II, oraz 13 wrze\u015bnia \u2013 rocznica objawienia Koronki do Mi\u0142osierdzia Bo\u017cego przede wszystkim wiernych z Australii i Oceanii. W\u0142\u0105czy\u0142y si\u0119 do niej tak\u017ce siostry ze Zgromadzenia Matki Bo\u017cej Mi\u0142osierdzia. 18 maja tego roku wszyscy uczestnicz\u0105cy w tej akcji, tak\u017ce z innych kraj\u00f3w \u015bwiata, modli\u0107 si\u0119 b\u0119d\u0105 w nast\u0119puj\u0105cych intencjach:<\/p>\n<ul>\n<li>O pok\u00f3j dla ca\u0142ego \u015bwiata, o uleczenie ran narod\u00f3w dotkni\u0119tych nienawi\u015bci\u0105 i przemoc\u0105<\/li>\n<li>Za ko\u015bci\u00f3\u0142 i ojca \u015bw. Leona XIV, biskup\u00f3w, kap\u0142an\u00f3w i ca\u0142y Lud Bo\u017cy, aby dla wszystkich ludzi jasnym znakiem obecno\u015bci Boga i bezpieczn\u0105 przystani\u0105 zbawienia.<\/li>\n<li>O triumf mi\u0142osierdzia Bo\u017cego w sercach w\u0105tpi\u0105cych, zagubionych i poszukuj\u0105cych.<\/li>\n<li>O ochron\u0119 zdrowia ludzi przed chorobami, kt\u00f3re budz\u0105 l\u0119k i niepok\u00f3j.<\/li>\n<li>W intencjach ludzi bior\u0105cych udzia\u0142 w tej akcji.<\/li>\n<\/ul>\n<p>Wi\u0119cej i zapisy:\u00a0<a href=\"http:\/\/www.worldchaplet.org\">www.worldchaplet.org<\/a><\/p>\n","protected":false},"excerpt":{"rendered":"<p>18 maja br., w rocznic\u0119 urodzin \u015bw. Jana Paw\u0142a II, o godzinie 15.00 po raz dziewi\u0105ty wierni Australii i Oceanii \u0142\u0105czy\u0107 si\u0119 b\u0119d\u0105 w modlitwie s\u0142owami Koronki do Mi\u0142osierdzia Bo\u017cego. Akcja jest owocem Kongresu Mi\u0142osierdzia Bo\u017cego, kt\u00f3ry odby\u0142 si\u0119 w\u00a0 Melbourne w 2018 roku, a polega na \u0142\u0105czeniu si\u0119 w modlitwie dwa razy w roku: [&hellip;]<\/p>\n","protected":false},"author":2,"featured_media":32627,"parent":0,"menu_order":-1794,"comment_status":"closed","ping_status":"closed","template":"","meta":{"footnotes":""},"categories":[4],"tags":[],"class_list":["post-32626","page","type-page","status-publish","has-post-thumbnail","hentry","category-aktualnosci"],"_links":{"self":[{"href":"https:\/\/www.faustyna.pl\/zmbm\/wp-json\/wp\/v2\/pages\/32626","targetHints":{"allow":["GET"]}}],"collection":[{"href":"https:\/\/www.faustyna.pl\/zmbm\/wp-json\/wp\/v2\/pages"}],"about":[{"href":"https:\/\/www.faustyna.pl\/zmbm\/wp-json\/wp\/v2\/types\/page"}],"author":[{"embeddable":true,"href":"https:\/\/www.faustyna.pl\/zmbm\/wp-json\/wp\/v2\/users\/2"}],"replies":[{"embeddable":true,"href":"https:\/\/www.faustyna.pl\/zmbm\/wp-json\/wp\/v2\/comments?post=32626"}],"version-history":[{"count":1,"href":"https:\/\/www.faustyna.pl\/zmbm\/wp-json\/wp\/v2\/pages\/32626\/revisions"}],"predecessor-version":[{"id":32628,"href":"https:\/\/www.faustyna.pl\/zmbm\/wp-json\/wp\/v2\/pages\/32626\/revisions\/32628"}],"wp:featuredmedia":[{"embeddable":true,"href":"https:\/\/www.faustyna.pl\/zmbm\/wp-json\/wp\/v2\/media\/32627"}],"wp:attachment":[{"href":"https:\/\/www.faustyna.pl\/zmbm\/wp-json\/wp\/v2\/media?parent=32626"}],"wp:term":[{"taxonomy":"category","embeddable":true,"href":"https:\/\/www.faustyna.pl\/zmbm\/wp-json\/wp\/v2\/categories?post=32626"},{"taxonomy":"post_tag","embeddable":true,"href":"https:\/\/www.faustyna.pl\/zmbm\/wp-json\/wp\/v2\/tags?post=32626"}],"curies":[{"name":"wp","href":"https:\/\/api.w.org\/{rel}","templated":true}]}}