



{"id":32632,"date":"2026-05-12T08:13:12","date_gmt":"2026-05-12T06:13:12","guid":{"rendered":"https:\/\/www.faustyna.pl\/zmbm\/?page_id=32632"},"modified":"2026-05-12T08:13:12","modified_gmt":"2026-05-12T06:13:12","slug":"dzien-milosierdzia-dla-warszawy-i-okolic","status":"publish","type":"page","link":"https:\/\/www.faustyna.pl\/zmbm\/dzien-milosierdzia-dla-warszawy-i-okolic\/","title":{"rendered":"\u201eDzie\u0144 Mi\u0142osierdzia dla Warszawy i okolic\u201d"},"content":{"rendered":"<p><a href=\"https:\/\/www.faustyna.pl\/zmbm\/wp-content\/uploads\/2026\/05\/Walendow_ISMM.jpg\" data-gallery><img loading=\"lazy\" decoding=\"async\" class=\"size-medium wp-image-32633 alignnone\" src=\"https:\/\/www.faustyna.pl\/zmbm\/wp-content\/uploads\/2026\/05\/Walendow_ISMM-560x334.jpg\" alt=\"\" width=\"560\" height=\"334\" srcset=\"https:\/\/www.faustyna.pl\/zmbm\/wp-content\/uploads\/2026\/05\/Walendow_ISMM-560x334.jpg 560w, https:\/\/www.faustyna.pl\/zmbm\/wp-content\/uploads\/2026\/05\/Walendow_ISMM-140x83.jpg 140w, https:\/\/www.faustyna.pl\/zmbm\/wp-content\/uploads\/2026\/05\/Walendow_ISMM.jpg 1024w\" sizes=\"auto, (max-width: 560px) 100vw, 560px\" \/><\/a><\/p>\n<p style=\"text-align: justify\">Pod takim has\u0142em 23 maja br. w klasztorze Zgromadzenia Si\u00f3str Matki Bo\u017cej Mi\u0142osierdzia w Walendowie pod Warszaw\u0105 rozpocznie si\u0119 cykl spotka\u0144, kt\u00f3rych tematem przewodnim b\u0119dzie mi\u0142osierdzie Boskie i ludzkie. W programie \u2013 od godziny 15.00 do 21.00 \u2013 modlitwa w Godzinie Mi\u0142osierdzia i Koronka, kt\u00f3ra b\u0119dzie rozpoczyna\u0107 ka\u017cde spotkanie, s\u0142owo, spacer, adoracja, mo\u017cliwo\u015b\u0107 spowiedzi i modlitwa uwielbienia. Go\u015bciem specjalnym pierwszego spotkania b\u0119dzie s. Gaudia Skass z krakowskiej wsp\u00f3lnoty Zgromadzenia Matki Bo\u017cej Mi\u0142osierdzia, a jego has\u0142em: \u201eOddychaj spokojnie\u201d. Organizatorzy kwartalnych spotka\u0144 \u2013 walendowska wsp\u00f3lnota Zgromadzenia Matki Bo\u017cej Mi\u0142osierdzia \u2013 zapraszaj\u0105 zm\u0119czonych, zagonionych, zestresowanych swoj\u0105 codzienno\u015bci\u0105, aby przyjechali i sp\u0119dzili czas z mi\u0142osiernym Bogiem, przy kt\u00f3rym mo\u017cna oddycha\u0107 spokojnie. Spotkania odbywaj\u0105 si\u0119 w klasztorze z du\u017cym ogrodem, w kt\u00f3rym dwukrotnie przebywa\u0142a \u015bw. Siostra Faustyna.<\/p>\n","protected":false},"excerpt":{"rendered":"<p>Pod takim has\u0142em 23 maja br. w klasztorze Zgromadzenia Si\u00f3str Matki Bo\u017cej Mi\u0142osierdzia w Walendowie pod Warszaw\u0105 rozpocznie si\u0119 cykl spotka\u0144, kt\u00f3rych tematem przewodnim b\u0119dzie mi\u0142osierdzie Boskie i ludzkie. W programie \u2013 od godziny 15.00 do 21.00 \u2013 modlitwa w Godzinie Mi\u0142osierdzia i Koronka, kt\u00f3ra b\u0119dzie rozpoczyna\u0107 ka\u017cde spotkanie, s\u0142owo, spacer, adoracja, mo\u017cliwo\u015b\u0107 spowiedzi i [&hellip;]<\/p>\n","protected":false},"author":2,"featured_media":32633,"parent":0,"menu_order":-1786,"comment_status":"closed","ping_status":"closed","template":"","meta":{"footnotes":""},"categories":[4],"tags":[],"class_list":["post-32632","page","type-page","status-publish","has-post-thumbnail","hentry","category-aktualnosci"],"_links":{"self":[{"href":"https:\/\/www.faustyna.pl\/zmbm\/wp-json\/wp\/v2\/pages\/32632","targetHints":{"allow":["GET"]}}],"collection":[{"href":"https:\/\/www.faustyna.pl\/zmbm\/wp-json\/wp\/v2\/pages"}],"about":[{"href":"https:\/\/www.faustyna.pl\/zmbm\/wp-json\/wp\/v2\/types\/page"}],"author":[{"embeddable":true,"href":"https:\/\/www.faustyna.pl\/zmbm\/wp-json\/wp\/v2\/users\/2"}],"replies":[{"embeddable":true,"href":"https:\/\/www.faustyna.pl\/zmbm\/wp-json\/wp\/v2\/comments?post=32632"}],"version-history":[{"count":1,"href":"https:\/\/www.faustyna.pl\/zmbm\/wp-json\/wp\/v2\/pages\/32632\/revisions"}],"predecessor-version":[{"id":32634,"href":"https:\/\/www.faustyna.pl\/zmbm\/wp-json\/wp\/v2\/pages\/32632\/revisions\/32634"}],"wp:featuredmedia":[{"embeddable":true,"href":"https:\/\/www.faustyna.pl\/zmbm\/wp-json\/wp\/v2\/media\/32633"}],"wp:attachment":[{"href":"https:\/\/www.faustyna.pl\/zmbm\/wp-json\/wp\/v2\/media?parent=32632"}],"wp:term":[{"taxonomy":"category","embeddable":true,"href":"https:\/\/www.faustyna.pl\/zmbm\/wp-json\/wp\/v2\/categories?post=32632"},{"taxonomy":"post_tag","embeddable":true,"href":"https:\/\/www.faustyna.pl\/zmbm\/wp-json\/wp\/v2\/tags?post=32632"}],"curies":[{"name":"wp","href":"https:\/\/api.w.org\/{rel}","templated":true}]}}