



{"id":32655,"date":"2026-05-13T08:30:50","date_gmt":"2026-05-13T06:30:50","guid":{"rendered":"https:\/\/www.faustyna.pl\/zmbm\/?page_id=32655"},"modified":"2026-05-13T09:24:31","modified_gmt":"2026-05-13T07:24:31","slug":"dzien-skupienia-i-formacji-we-wloszech","status":"publish","type":"page","link":"https:\/\/www.faustyna.pl\/zmbm\/dzien-skupienia-i-formacji-we-wloszech\/","title":{"rendered":"Dzie\u0144 skupienia i formacji we W\u0142oszech"},"content":{"rendered":"<p><a href=\"https:\/\/www.faustyna.pl\/zmbm\/wp-content\/uploads\/2026\/05\/Sanktuarium_Gherghenzano_Italia-1.png\" data-gallery><img loading=\"lazy\" decoding=\"async\" class=\"size-medium wp-image-32658 alignnone\" src=\"https:\/\/www.faustyna.pl\/zmbm\/wp-content\/uploads\/2026\/05\/Sanktuarium_Gherghenzano_Italia-1-560x334.png\" alt=\"\" width=\"560\" height=\"334\" srcset=\"https:\/\/www.faustyna.pl\/zmbm\/wp-content\/uploads\/2026\/05\/Sanktuarium_Gherghenzano_Italia-1-560x334.png 560w, https:\/\/www.faustyna.pl\/zmbm\/wp-content\/uploads\/2026\/05\/Sanktuarium_Gherghenzano_Italia-1-140x83.png 140w, https:\/\/www.faustyna.pl\/zmbm\/wp-content\/uploads\/2026\/05\/Sanktuarium_Gherghenzano_Italia-1.png 1024w\" sizes=\"auto, (max-width: 560px) 100vw, 560px\" \/><\/a><\/p>\n<p style=\"text-align: justify\">17 maja br. Sanktuarium Bo\u017cego Mi\u0142osierdzia w Gherghenzano w prowincji Bolonii odb\u0119dzie si\u0119 dzie\u0144 skupienia i formacji z cyklu katechez o Bo\u017cym Mi\u0142osierdziu. Poprowadz\u0105 go s. Tymoteusza Kmiotek i s. Wincenta M\u0105ka z rzymskiej wsp\u00f3lnoty Zgromadzenia Matki Bo\u017cej Mi\u0142osierdzia. W programie Msza \u015bw., katechezy o \u015bw. Siostrze Faustynie i wyrastaj\u0105cym z jej duchowo\u015bci Apostolskim Ruchu Bo\u017cego Mi\u0142osierdzia oraz o roli Maryi w \u017cyciu \u015bw. Faustyny. Ponad to wsp\u00f3lna modlitwa w Godzinie Mi\u0142osierdzia i Koronka do Mi\u0142osierdzia Bo\u017cego, braterskie spotkanie i dzielenie si\u0119 dzia\u0142aniem Boga w \u017cyciu.<\/p>\n","protected":false},"excerpt":{"rendered":"<p>17 maja br. Sanktuarium Bo\u017cego Mi\u0142osierdzia w Gherghenzano w prowincji Bolonii odb\u0119dzie si\u0119 dzie\u0144 skupienia i formacji z cyklu katechez o Bo\u017cym Mi\u0142osierdziu. Poprowadz\u0105 go s. Tymoteusza Kmiotek i s. Wincenta M\u0105ka z rzymskiej wsp\u00f3lnoty Zgromadzenia Matki Bo\u017cej Mi\u0142osierdzia. W programie Msza \u015bw., katechezy o \u015bw. Siostrze Faustynie i wyrastaj\u0105cym z jej duchowo\u015bci Apostolskim Ruchu [&hellip;]<\/p>\n","protected":false},"author":2,"featured_media":32658,"parent":0,"menu_order":-1795,"comment_status":"closed","ping_status":"closed","template":"","meta":{"footnotes":""},"categories":[4],"tags":[],"class_list":["post-32655","page","type-page","status-publish","has-post-thumbnail","hentry","category-aktualnosci"],"_links":{"self":[{"href":"https:\/\/www.faustyna.pl\/zmbm\/wp-json\/wp\/v2\/pages\/32655","targetHints":{"allow":["GET"]}}],"collection":[{"href":"https:\/\/www.faustyna.pl\/zmbm\/wp-json\/wp\/v2\/pages"}],"about":[{"href":"https:\/\/www.faustyna.pl\/zmbm\/wp-json\/wp\/v2\/types\/page"}],"author":[{"embeddable":true,"href":"https:\/\/www.faustyna.pl\/zmbm\/wp-json\/wp\/v2\/users\/2"}],"replies":[{"embeddable":true,"href":"https:\/\/www.faustyna.pl\/zmbm\/wp-json\/wp\/v2\/comments?post=32655"}],"version-history":[{"count":2,"href":"https:\/\/www.faustyna.pl\/zmbm\/wp-json\/wp\/v2\/pages\/32655\/revisions"}],"predecessor-version":[{"id":32660,"href":"https:\/\/www.faustyna.pl\/zmbm\/wp-json\/wp\/v2\/pages\/32655\/revisions\/32660"}],"wp:featuredmedia":[{"embeddable":true,"href":"https:\/\/www.faustyna.pl\/zmbm\/wp-json\/wp\/v2\/media\/32658"}],"wp:attachment":[{"href":"https:\/\/www.faustyna.pl\/zmbm\/wp-json\/wp\/v2\/media?parent=32655"}],"wp:term":[{"taxonomy":"category","embeddable":true,"href":"https:\/\/www.faustyna.pl\/zmbm\/wp-json\/wp\/v2\/categories?post=32655"},{"taxonomy":"post_tag","embeddable":true,"href":"https:\/\/www.faustyna.pl\/zmbm\/wp-json\/wp\/v2\/tags?post=32655"}],"curies":[{"name":"wp","href":"https:\/\/api.w.org\/{rel}","templated":true}]}}