



{"id":3334,"date":"2015-01-24T08:46:31","date_gmt":"2015-01-24T08:46:31","guid":{"rendered":"http:\/\/www.faustyna.pl\/zmbm\/?page_id=3334"},"modified":"2023-06-01T19:16:47","modified_gmt":"2023-06-01T17:16:47","slug":"koronka-za-konajacych","status":"publish","type":"page","link":"https:\/\/www.faustyna.pl\/zmbm\/koronka-za-konajacych\/","title":{"rendered":"Koronka za konaj\u0105cych"},"content":{"rendered":"<p style=\"text-align: justify;\"><strong><em>M\u00f3dl si\u0119, ile mo\u017cesz, za konaj\u0105cych, wypraszaj im ufno\u015b\u0107 w Moje mi\u0142osierdzie, bo oni najwi\u0119cej potrzebuj\u0105 ufno\u015bci, a najmniej jej maj\u0105 .Wiedz o tym, \u017ce \u0142aska wiecznego zbawienia niekt\u00f3rych dusz w ostatniej chwili zawis\u0142a od twojej modlitwy <\/em><\/strong>(Dz. 1777). Te s\u0142owa, kt\u00f3re Jezus powiedzia\u0142 do \u015bw. Siostry Faustyny, odnosz\u0105 si\u0119 tak\u017ce do nas, bo i my mo\u017cemy uratowa\u0107 kogo\u015b na wieczno\u015b\u0107 przez odmawianie z ufno\u015bci\u0105 w jego intencji Koronki do Mi\u0142osierdzia Bo\u017cego.<\/p>\n<h3><b><span style=\"font-size: 12pt; color: #a00000;\">Dzie\u0142o niesienia pomocy konaj\u0105cym<\/span><\/b><\/h3>\n<p style=\"text-align: justify;\">przez odmawianie Koronki do\u00a0Mi\u0142osierdzia Bo\u017cego ma swoje \u017ar\u00f3d\u0142o w wydarzeniach i\u00a0s\u0142owach Pana Jezusa, zapisanych w\u00a0\u201eDzienniczku&#8221; \u015bw.\u00a0Siostry Faustyny (m.in.:\u00a0<span style=\"color: #003300;\"><strong>Dz<\/strong><\/span>.\u00a0<strong><a href=\"https:\/\/www.faustyna.pl\/zmbm\/konkordancja-do-dzienniczka-sw-siostry-faustyny\/?search=przebudzona%20&amp;numer_w_dzienniczku=3XmPc_wqeVDefrONcAqykrZrI_tIDDT7KNpQRYEPd50\" target=\"_self\" rel=\"noopener noreferrer\">809<\/a>&#8211;<a href=\"https:\/\/www.faustyna.pl\/zmbm\/konkordancja-do-dzienniczka-sw-siostry-faustyny\/?search=Koronka&amp;numer_w_dzienniczku=rE2Rd4blS3uecOHvoXiqgEXz0k_gjBMIhNd0fwM3hrI\" target=\"_self\" rel=\"noopener noreferrer\">810<\/a>, <\/strong><b><a href=\"https:\/\/www.faustyna.pl\/zmbm\/konkordancja-do-dzienniczka-sw-siostry-faustyny\/?search=Konaj%C4%85cy&amp;numer_w_dzienniczku=BItuSfRmbwyXDuBex5jkbjYwpkMq6dcpJnlq0I7EtE4\" target=\"_self\" rel=\"noopener noreferrer\">811<\/a>, <\/b><strong><a href=\"https:\/\/www.faustyna.pl\/zmbm\/konkordancja-do-dzienniczka-sw-siostry-faustyny\/?search=Modlitwa&amp;numer_w_dzienniczku=9V3ifaoEBnVqF0H-3RYRZ5E2QOFCDbQfYSf7VX1m8Ss\" target=\"_self\" rel=\"noopener noreferrer\">828<\/a>, <a href=\"https:\/\/www.faustyna.pl\/zmbm\/konkordancja-do-dzienniczka-sw-siostry-faustyny\/?search=Konaj%C4%85cy&amp;numer_w_dzienniczku=fgwy78jDw9y-gLwwI3TgiyRffTZOt0Kr1NMzdceKd7Y\" target=\"_self\" rel=\"noopener noreferrer\">834<\/a>&#8211;<a href=\"https:\/\/www.faustyna.pl\/zmbm\/konkordancja-do-dzienniczka-sw-siostry-faustyny\/?search=Konaj%C4%85cy&amp;numer_w_dzienniczku=EgX1rH2VhSMboB0LEVZK72y2WiT-lu-oVUY-7D1zTig\" target=\"_self\" rel=\"noopener noreferrer\">835<\/a>, <a href=\"https:\/\/www.faustyna.pl\/zmbm\/konkordancja-do-dzienniczka-sw-siostry-faustyny\/?search=Modlitwa&amp;numer_w_dzienniczku=ZoIoIolpA9tOuGVdCv4v1dW_sazbtqBfLI4lYBevlfQ\" target=\"_self\" rel=\"noopener noreferrer\">880<\/a><\/strong>, <a href=\"https:\/\/www.faustyna.pl\/zmbm\/konkordancja-do-dzienniczka-sw-siostry-faustyny\/?search=Konaj%C4%85cy&amp;numer_w_dzienniczku=x7JIdN3PhpXWMogLZi3WtiI8cQZPN1InqgOhw0i3MMM\" target=\"_self\" rel=\"noopener noreferrer\"><b>1035<\/b><\/a>, <a href=\"https:\/\/www.faustyna.pl\/zmbm\/konkordancja-do-dzienniczka-sw-siostry-faustyny\/?search=Konaj%C4%85cy&amp;numer_w_dzienniczku=sVPO0sm3sEFbX09zIOWXEDcEPnlb13WwFR3vDL9IaY8\" target=\"_self\" rel=\"noopener noreferrer\"><b>1541<\/b><\/a><b>,<\/b> <a href=\"https:\/\/www.faustyna.pl\/zmbm\/konkordancja-do-dzienniczka-sw-siostry-faustyny\/?search=Konaj%C4%85cy&amp;numer_w_dzienniczku=v8rotR_aHzZP2a7wzQCufyTSbIk4EKd7Snfcc3FahJw\" target=\"_self\" rel=\"noopener noreferrer\"><b>1565<\/b><\/a>, <strong><a href=\"https:\/\/www.faustyna.pl\/zmbm\/konkordancja-do-dzienniczka-sw-siostry-faustyny\/?search=Ufno%C5%9B%C4%87&amp;numer_w_dzienniczku=Y75XnWyRBjp6xytLFsBKByU_4XNEj7AXtdPhBwOqOXY\" target=\"_self\" rel=\"noopener noreferrer\">1639<\/a>, <a href=\"https:\/\/www.faustyna.pl\/zmbm\/konkordancja-do-dzienniczka-sw-siostry-faustyny\/?search=Dusza&amp;numer_w_dzienniczku=3UC3XB6qlaBRlPO9hc09pnwwhpq8U3Ya1vcwtbjVJRs\" target=\"_self\" rel=\"noopener noreferrer\">1684<\/a><\/strong>, <strong><a href=\"https:\/\/www.faustyna.pl\/zmbm\/konkordancja-do-dzienniczka-sw-siostry-faustyny\/?search=Dusza&amp;numer_w_dzienniczku=U4xNGLv-MF8uBP1vNOvah9CdHLvkIuFThFM_HU0tRZs\" target=\"_self\" rel=\"noopener noreferrer\">1698<\/a>, <a href=\"https:\/\/www.faustyna.pl\/zmbm\/konkordancja-do-dzienniczka-sw-siostry-faustyny\/?search=Konaj%C4%85cy&amp;numer_w_dzienniczku=8IdAoHYpmRwMkPnh8lwQg3SISuc4WL6ul73UhWLFHqI\" target=\"_self\" rel=\"noopener noreferrer\">1797<\/a>&#8211;<a href=\"https:\/\/www.faustyna.pl\/zmbm\/konkordancja-do-dzienniczka-sw-siostry-faustyny\/?search=Dusza&amp;numer_w_dzienniczku=A9c1WjHgl0eTafb88nGQPK67PArTqbTmnUbYdXFR0YE\" target=\"_self\" rel=\"noopener noreferrer\">1798<\/a><\/strong> i\u00a0inne.). Ma ono na celu niesienie pomocy konkretnej, <b>znanej z\u00a0imienia osobie<\/b>, kt\u00f3ra odchodzi z tego \u015bwiata.<\/p>\n<p><a href=\"https:\/\/www.faustyna.pl\/zmbm\/wp-content\/uploads\/2022\/05\/Kzk-2016.jpg\" data-gallery><img loading=\"lazy\" decoding=\"async\" class=\"size-medium wp-image-24004 alignnone\" src=\"https:\/\/www.faustyna.pl\/zmbm\/wp-content\/uploads\/2022\/05\/Kzk-2016-560x347.jpg\" alt=\"\" width=\"560\" height=\"347\" srcset=\"https:\/\/www.faustyna.pl\/zmbm\/wp-content\/uploads\/2022\/05\/Kzk-2016-560x347.jpg 560w, https:\/\/www.faustyna.pl\/zmbm\/wp-content\/uploads\/2022\/05\/Kzk-2016-140x87.jpg 140w, https:\/\/www.faustyna.pl\/zmbm\/wp-content\/uploads\/2022\/05\/Kzk-2016.jpg 1024w\" sizes=\"auto, (max-width: 560px) 100vw, 560px\" \/><\/a><\/p>\n<h3><b><span style=\"font-size: 12pt; color: #a00000;\">Kto i jak mo\u017ce w\u0142\u0105czy\u0107 si\u0119\u00a0 w to dzie\u0142o?<\/span><\/b><\/h3>\n<p style=\"text-align: justify;\">Ka\u017cdy, kto pragnie wspiera\u0107 osoby umieraj\u0105ce przez modlitw\u0119 s\u0142owami Koronki do Mi\u0142osierdzia Bo\u017cego. Osoby, deklaruj\u0105ce wspieranie w ten spos\u00f3b konaj\u0105cych, winny wype\u0142ni\u0107 ni\u017cej podany formularz. Nale\u017cy w nim poda\u0107 swoje imi\u0119, miejscowo\u015b\u0107, numer telefonu kom\u00f3rkowego i e-mail, okre\u015bli\u0107 dzie\u0144 i godzin\u0119, w kt\u00f3rej sk\u0142adana jest deklaracja wspierania konaj\u0105cych (mo\u017cna wybra\u0107 tylko 1 godzin\u0119 w ci\u0105gu dnia), a tak\u017ce spos\u00f3b odbierania informacji o konaj\u0105cych (sms lub e-mail). W wybranej strefie czasowej dana osoba mo\u017ce otrzyma\u0107 tylko <strong>jedno<\/strong> powiadomienie z imieniem osoby konaj\u0105cej. Po wype\u0142nieniu formularza siostra ze Zgromadzenia Matki Bo\u017cej Mi\u0142osierdzia potwierdza przyj\u0119cie do dzie\u0142a \u201eKoronki za konaj\u0105cych\u201d, a informacja z t\u0105 wiadomo\u015bci\u0105 przychodzi na podany w formularzu adres e-mailowy.<\/p>\n<p style=\"text-align: justify;\">Po otrzymaniu wiadomo\u015bci z imieniem osoby umieraj\u0105cej przez sms-a lub e-maila, nale\u017cy <span style=\"color: #800000;\"><strong>w ci\u0105gu 15 minut zwrotnie<\/strong><\/span> odpowiedzie\u0107: <strong><span style=\"color: #800000;\">AMEN<\/span><\/strong>. To has\u0142o jest potwierdzeniem odbioru informacji i oznacza odm\u00f3wienie jeden raz Koronki do Mi\u0142osierdzia Bo\u017cego w intencji konaj\u0105cego.<\/p>\n<p style=\"text-align: justify;\">Istnieje mo\u017cliwo\u015b\u0107 rezygnacji z udzia\u0142u w tym dziele przez wype\u0142nienie formularza z has\u0142em: \u201eWypis\u201d. Automatyczny wypis z dzie\u0142a \u201eKoronki za konaj\u0105cych\u201d nast\u0119puje w\u00f3wczas, gdy system obs\u0142uguj\u0105cy to dzie\u0142o <strong>nie otrzyma<\/strong> <strong>5 razy<\/strong> odpowiedzi: <strong>AMEN w ci\u0105gu\u00a015 minut od wys\u0142ania sms-a z imieniem konaj\u0105cego.<\/strong> Gdyby taka osoba chcia\u0142a ponownie zaanga\u017cowa\u0107 si\u0119 w to Dzie\u0142o, musi jeszcze raz wype\u0142ni\u0107 formularz zg\u0142oszeniowy.<\/p>\n<p style=\"text-align: justify;\"><span style=\"color: #800000;\"><strong>Udzia\u0142 w tym dziele wymaga pokrycia koszt\u00f3w wysy\u0142anych sms-\u00f3w z\u00a0has\u0142em:\u00a0AMEN w takiej kwocie, jaka obowi\u0105zuje w sieci posiadacza kom\u00f3rki.<\/strong><\/span><\/p>\n<div style=\"text-align: right;\">\n<h3><a href=\"https:\/\/www.faustyna.pl\/zmbm\/koronka-za-konajacych-wpis\/\">Wpis do dzie\u0142a &#8222;Koronki za konaj\u0105cych&#8221;<\/a><\/h3>\n<\/div>\n<div style=\"text-align: right;\">\n<h3><b style=\"text-align: right; font-size: 11pt;\"><a href=\"https:\/\/www.faustyna.pl\/zmbm\/rezygnuje-z-udzialu-w-dziele-koronka-za-konajacych\/\" target=\"_self\" rel=\"noopener noreferrer\">Wypis z dzie\u0142a &#8222;Koronki za konaj\u0105cych&#8221;<\/a><\/b><\/h3>\n<\/div>\n<div style=\"text-align: right;\">\n<h3><b style=\"text-align: right; font-size: 11pt;\"><a href=\"https:\/\/www.faustyna.pl\/zmbm\/zobacz-na-jakie-godziny-jestes-zapisany\/\" target=\"_self\" rel=\"noopener noreferrer\">Zobacz, na jakie godziny jeste\u015b zapisany<\/a><\/b><\/h3>\n<\/div>\n<p style=\"text-align: left;\"><b><span style=\"font-size: 12pt; color: #a00000;\">\u00a0<\/span><\/b><\/p>\n<div style=\"text-align: right;\">\n<h3><span style=\"color: #800000;\"><b style=\"text-align: right; font-size: 15px;\"><a style=\"color: #800000;\" href=\"https:\/\/www.faustyna.pl\/zmbm\/formularz-do-zglaszania-osob-konajacych\/\" target=\"_self\" rel=\"noopener noreferrer\">Zg\u0142aszanie os\u00f3b konaj\u0105cych<\/a><\/b><\/span><\/h3>\n<\/div>\n<div style=\"text-align: left;\">\n<p><b style=\"text-align: right; font-size: 11pt;\"><a href=\"https:\/\/www.faustyna.pl\/index.php?option=com_content&amp;task=view&amp;id=1353&amp;Itemid=84\" target=\"_self\" rel=\"noopener noreferrer\">Wsparcie<\/a><\/b><\/p>\n<p style=\"text-align: left;\"><strong><span style=\"color: #800000;\">Na pokrycie koszt\u00f3w abonamentu i sms-\u00f3w wysy\u0142anych z imionami konaj\u0105cych<\/span><\/strong>.<\/p>\n<p><strong>Mo\u017cna wp\u0142aca\u0107 na konto:<\/strong><\/p>\n<p><strong>ZGROMADZENIE SI\u00d3STR MATKI BO\u017bEJ MI\u0141OSIERDZIA<\/strong><br \/>\nul. \u017bYTNIA 3\/9<br \/>\n01-014 WARSZAWA<\/p>\n<p>Nr rachunku:<br \/>\nPL 92 1020 1013 0000 0202 0003 0155<\/p>\n<p>Kod BIC (SWIFT): BPKOPLPW<\/p>\n<p><strong>z dopiskiem: <\/strong><span style=\"color: #800000;\"><strong><em>Dar na wsparcie \u201eKoronki za konaj\u0105cych\u201d.<\/em><\/strong><\/span><\/p>\n<p>&nbsp;<\/p>\n<p><b style=\"text-align: right; font-size: 11pt;\"><a href=\"https:\/\/www.faustyna.pl\/zmbm\/images\/Koronka_za_konajacych_PL.pdf\" target=\"_blank\" rel=\"noopener noreferrer\">Ulotka do pobrania<\/a><\/b><\/p>\n<p><b style=\"text-align: right; font-size: 11pt;\"><a href=\"https:\/\/www.faustyna.pl\/zmbm\/wp-content\/uploads\/2015\/01\/koronka-za-konajacych_plakat.pdf\" target=\"_blank\" rel=\"noopener noreferrer\">Ma\u0142y plakat do pobrania<\/a><\/b><\/p>\n<p><b style=\"text-align: right; font-size: 11pt;\"><a href=\"https:\/\/www.faustyna.pl\/zmbm\/wp-content\/uploads\/2015\/01\/kzk_wizytowka.jpg\" target=\"_blank\" rel=\"noopener noreferrer\" data-gallery>Wizyt\u00f3wka<\/a><\/b><\/p>\n<p><a href=\"https:\/\/www.faustyna.pl\/zmbm\/koronka-do-milosierdzia-bozego\/\" target=\"_self\" rel=\"noopener noreferrer\">O Koronce do Mi\u0142osierdzia Bo\u017cego i Jezusowych obietnicach<\/a><\/p>\n<\/div>\n","protected":false},"excerpt":{"rendered":"<p>M\u00f3dl si\u0119, ile mo\u017cesz, za konaj\u0105cych, wypraszaj im ufno\u015b\u0107 w Moje mi\u0142osierdzie, bo oni najwi\u0119cej potrzebuj\u0105 ufno\u015bci, a najmniej jej maj\u0105 .Wiedz o tym, \u017ce \u0142aska wiecznego zbawienia niekt\u00f3rych dusz w ostatniej chwili zawis\u0142a od twojej modlitwy (Dz. 1777). Te s\u0142owa, kt\u00f3re Jezus powiedzia\u0142 do \u015bw. Siostry Faustyny, odnosz\u0105 si\u0119 tak\u017ce do nas, bo i [&hellip;]<\/p>\n","protected":false},"author":1,"featured_media":0,"parent":0,"menu_order":0,"comment_status":"closed","ping_status":"closed","template":"","meta":{"footnotes":""},"categories":[105],"tags":[],"class_list":["post-3334","page","type-page","status-publish","hentry","category-koronka-za-konajacych"],"_links":{"self":[{"href":"https:\/\/www.faustyna.pl\/zmbm\/wp-json\/wp\/v2\/pages\/3334","targetHints":{"allow":["GET"]}}],"collection":[{"href":"https:\/\/www.faustyna.pl\/zmbm\/wp-json\/wp\/v2\/pages"}],"about":[{"href":"https:\/\/www.faustyna.pl\/zmbm\/wp-json\/wp\/v2\/types\/page"}],"author":[{"embeddable":true,"href":"https:\/\/www.faustyna.pl\/zmbm\/wp-json\/wp\/v2\/users\/1"}],"replies":[{"embeddable":true,"href":"https:\/\/www.faustyna.pl\/zmbm\/wp-json\/wp\/v2\/comments?post=3334"}],"version-history":[{"count":43,"href":"https:\/\/www.faustyna.pl\/zmbm\/wp-json\/wp\/v2\/pages\/3334\/revisions"}],"predecessor-version":[{"id":26531,"href":"https:\/\/www.faustyna.pl\/zmbm\/wp-json\/wp\/v2\/pages\/3334\/revisions\/26531"}],"wp:attachment":[{"href":"https:\/\/www.faustyna.pl\/zmbm\/wp-json\/wp\/v2\/media?parent=3334"}],"wp:term":[{"taxonomy":"category","embeddable":true,"href":"https:\/\/www.faustyna.pl\/zmbm\/wp-json\/wp\/v2\/categories?post=3334"},{"taxonomy":"post_tag","embeddable":true,"href":"https:\/\/www.faustyna.pl\/zmbm\/wp-json\/wp\/v2\/tags?post=3334"}],"curies":[{"name":"wp","href":"https:\/\/api.w.org\/{rel}","templated":true}]}}