



{"id":3353,"date":"2015-01-31T23:33:09","date_gmt":"2015-01-31T23:33:09","guid":{"rendered":"http:\/\/www.faustyna.pl\/zmbm\/?page_id=3353"},"modified":"2026-02-03T14:31:59","modified_gmt":"2026-02-03T13:31:59","slug":"transmisja-on-line","status":"publish","type":"page","link":"https:\/\/www.faustyna.pl\/zmbm\/transmisja-on-line\/","title":{"rendered":"Transmisja on-line"},"content":{"rendered":"<p style=\"text-align: justify;\"><span style=\"color: #000000;\">Takim miejscem, kt\u00f3re wybra\u0142 sam B\u00f3g, aby ludzie do\u015bwiadczali w nim Jego obecno\u015bci i Jego \u0142aski \u2013 jak przyzna\u0142 Jan Pawe\u0142 II \u2013 jest Sanktuarium Bo\u017cego Mi\u0142osierdzia w Krakowie-\u0141agiewnikach. Do tego miejsca pielgrzymuj\u0105 miliony ludzi z ca\u0142ego \u015bwiata. Dla tych, kt\u00f3rzy nie mog\u0105 przyby\u0107 fizycznie, a pragn\u0105 \u0142\u0105czy\u0107 si\u0119 w modlitwie, Zgromadzenie Si\u00f3str Matki Bo\u017cej Mi\u0142osierdzia przygotowa\u0142o ca\u0142odobow\u0105 transmisj\u0119 on-line. <\/span><\/p>\n<p><div id=\"stream\">\r\n  <iframe loading=\"lazy\" width=\"100%\" height=\"315\" \r\n    src=\"https:\/\/www.youtube.com\/embed\/live_stream?channel=UCsHNugP4z9aZC4Tl6n6imzw&playsinline=1&origin=https:\/\/faustyna.pl&enablejsapi=1&autoplay=0&rel=0&modestbranding=1&controls=1\" \r\n    title=\"Faustyna.pl\" \r\n    frameborder=\"0\" \r\n    scrolling=\"no\" \r\n    allow=\"autoplay; encrypted-media; fullscreen; picture-in-picture; clipboard-write; accelerometer; gyroscope\" \r\n    referrerpolicy=\"strict-origin-when-cross-origin\" \r\n    playsinline allowfullscreen>\r\n  <\/iframe>\r\n<\/div><\/p>\n<p style=\"text-align: justify;\"><a href=\"https:\/\/www.faustyna.pl\/index.php?option=com_content&amp;task=view&amp;id=547\">Kaplica z \u0142askami s\u0142yn\u0105cym<br \/>\nobrazem Jezusa Mi\u0142osiernego i grobem \u015bw. Faustyny<\/a><\/p>\n<p style=\"text-align: justify;\">Kaplica z cudownym obrazem Jezusa Mi\u0142osiernego i grobem \u015bw. Siostry Faustyny Kowalskiej w Sanktuarium Bo\u017cego Mi\u0142osierdzia w Krakowie-\u0141agiewnikach jest miejscem modlitwy pielgrzym\u00f3w i wsp\u00f3lnotowej codziennej modlitwy si\u00f3str ze Zgromadzenia Matki Bo\u017cej Mi\u0142osierdzia.<\/p>\n<div style=\"text-align: center;\">\n<h3 style=\"color: #800000;\">W dni powszednie program modlitwy jest nast\u0119puj\u0105cy:<\/h3>\n<\/div>\n<div style=\"margin-left: 10px;\">\n<p><strong>6:30<\/strong> \u2013 <strong>Msza \u015awi\u0119ta<\/strong><\/p>\n<p><strong>7:10<\/strong> \u2013 Modlitwa Liturgiczna Dnia \u2013 Jutrznia<\/p>\n<p>8:00 \u2013 Msze \u015awi\u0119te grup pielgrzymkowych<\/p>\n<p><strong>12:00<\/strong> \u2013 <strong>Wystawienie Naj\u015bwi\u0119tszego Sakramentu i adoracja Pana Jezusa<\/strong><\/p>\n<p><strong>15:00<\/strong> \u2013 <strong>Modlitwa w Godzinie Mi\u0142osierdzia i Koronka do Mi\u0142osierdzia Bo\u017cego<\/strong><\/p>\n<p><strong>17:00<\/strong> \u2013 <strong>Msza \u015awi\u0119ta<\/strong><\/p>\n<p>18:40 \u2013 Nieszpory (z wyj\u0105tkiem czwartku i trzeciego pi\u0105tku)<\/p>\n<p><strong>19:00<\/strong> \u2013 <strong>Wieczorne nabo\u017ce\u0144stwo<\/strong><\/p>\n<p>\u2013 Modlitwa Liturgiczna Dnia \u2013 Kompleta<\/p>\n<p>\u2013 S\u0142owo Bo\u017ce na nast\u0119pny dzie\u0144<\/p>\n<p>20:30 \u2013 R\u00f3\u017caniec w intencji rodzin oraz ma\u0142\u017ce\u0144stw, prze\u017cywaj\u0105cych trudno\u015bci i kryzysy; w czwartki tak\u017ce za<br \/>\nkap\u0142an\u00f3w<\/p>\n<p>21:00 \u2013 Apel Maryjny<\/p>\n<p>Noc \u2013 Modlitwa tylko przez transmisj\u0119 on-line<\/p>\n<\/div>\n<div style=\"text-align: center;\">\n<h3 style=\"color: #800000;\">W niedziele i \u015bwi\u0119ta:<\/h3>\n<\/div>\n<div style=\"margin-left: 10px;\">\n<p><strong>7:00<\/strong> \u2013 <strong>Msza \u015awi\u0119ta<\/strong><\/p>\n<p>\u2013 Msze \u015awi\u0119te grup pielgrzymkowych<\/p>\n<p><strong>8:30<\/strong> \u2013 <strong>Msza \u015awi\u0119ta<\/strong><\/p>\n<p><strong>12:00<\/strong> \u2013 <strong>Msza \u015awi\u0119ta <span style=\"color: #800000;\">w j\u0119zyku angielskim<\/span><\/strong><\/p>\n<p>\u2013 <strong>Wystawienie Naj\u015bwi\u0119tszego Sakramentu i adoracja Pana Jezusa<\/strong><\/p>\n<p><strong>15:00<\/strong> \u2013 <strong>Modlitwa w Godzinie Mi\u0142osierdzia i Koronka do Mi\u0142osierdzia Bo\u017cego<\/strong><\/p>\n<p><strong>19:00<\/strong> \u2013 <strong>Msza \u015awi\u0119ta<\/strong><\/p>\n<p>20:30 \u2013 R\u00f3\u017caniec w intencji rodzin i ma\u0142\u017ce\u0144stw prze\u017cywaj\u0105cych trudno\u015bci i kryzysy<\/p>\n<p>21:00 \u2013 Apel Maryjny<\/p>\n<p>Noc \u2013 Modlitwa tylko przez transmisj\u0119 on-line<\/p>\n<\/div>\n<p style=\"text-align: center;\"><strong><span style=\"color: #800000;\">W programie mog\u0105 nast\u0105pi\u0107 zmiany podyktowane<br \/>\nwydarzeniami w Sanktuarium.<\/span><\/strong><\/p>\n<h3><a href=\"http:\/\/www.faustyna.pl\/zmbm\/dary-na-rzecz-milosierdzia\/\" target=\"_blank\" rel=\"noopener noreferrer\"><strong><span style=\"color: #800000;\">Wsparcie dla transmisji on-line.<\/span><\/strong><\/a><\/h3>\n<p>Pokrycie op\u0142at: serwer\u00f3w i \u015bwiat\u0142owod\u00f3w oraz bie\u017c\u0105ca konserwacja sprz\u0119tu do transmisji.<\/p>\n<h3 style=\"text-align: center;\"><span style=\"color: #800000;\">WSPARCIE<\/span><\/h3>\n<h3><span style=\"color: #800000;\">Ofiary nale\u017cy wp\u0142aca\u0107 na konto:<\/span><\/h3>\n<p><strong>Zgromadzenie Si\u00f3str Matki Bo\u017cej Mi\u0142osierdzia<\/strong><br \/>\n<strong>Dom Zakonny w Krakowie<\/strong><br \/>\nul. Siostry Faustyny 3<br \/>\n30-608 Krak\u00f3w<\/p>\n<p><strong>Bank BG\u017b BNP Paribas S. A.<\/strong><br \/>\nul. Kasprzaka 10\/16<br \/>\n01-211 Warszawa<br \/>\nPoland<\/p>\n<p><strong>Nr rachunku:<\/strong><\/p>\n<p>80 1600 1013 0002 0012 3671 2001 \u2013 PLN<br \/>\n73 1600 1013 0002 0012 3671 2030 \u2013 EUR<br \/>\n41 1600 1013 0002 0012 3671 2024 \u2013 USD<\/p>\n<p>Kod BIC (SWIFT): PPABPLPK<\/p>\n<p>IBAN: PL<\/p>\n<p><strong>Z dopiskiem: <\/strong><span style=\"color: #800000;\"><em><strong>Transmisja on-line<\/strong><\/em><\/span><\/p>\n<div align=\"left\"><strong>\u00a9 <\/strong>Copyright by Zgromadzenie Si\u00f3str Matki Bo\u017cej Mi\u0142osierdzia<\/div>\n","protected":false},"excerpt":{"rendered":"<p>Takim miejscem, kt\u00f3re wybra\u0142 sam B\u00f3g, aby ludzie do\u015bwiadczali w nim Jego obecno\u015bci i Jego \u0142aski \u2013 jak przyzna\u0142 Jan Pawe\u0142 II \u2013 jest Sanktuarium Bo\u017cego Mi\u0142osierdzia w Krakowie-\u0141agiewnikach. Do tego miejsca pielgrzymuj\u0105 miliony ludzi z ca\u0142ego \u015bwiata. Dla tych, kt\u00f3rzy nie mog\u0105 przyby\u0107 fizycznie, a pragn\u0105 \u0142\u0105czy\u0107 si\u0119 w modlitwie, Zgromadzenie Si\u00f3str Matki Bo\u017cej [&hellip;]<\/p>\n","protected":false},"author":1,"featured_media":0,"parent":0,"menu_order":0,"comment_status":"closed","ping_status":"closed","template":"page_detailsNoHeaderSpace.php","meta":{"footnotes":""},"categories":[106],"tags":[],"class_list":["post-3353","page","type-page","status-publish","hentry","category-transmisja-on-line"],"_links":{"self":[{"href":"https:\/\/www.faustyna.pl\/zmbm\/wp-json\/wp\/v2\/pages\/3353","targetHints":{"allow":["GET"]}}],"collection":[{"href":"https:\/\/www.faustyna.pl\/zmbm\/wp-json\/wp\/v2\/pages"}],"about":[{"href":"https:\/\/www.faustyna.pl\/zmbm\/wp-json\/wp\/v2\/types\/page"}],"author":[{"embeddable":true,"href":"https:\/\/www.faustyna.pl\/zmbm\/wp-json\/wp\/v2\/users\/1"}],"replies":[{"embeddable":true,"href":"https:\/\/www.faustyna.pl\/zmbm\/wp-json\/wp\/v2\/comments?post=3353"}],"version-history":[{"count":81,"href":"https:\/\/www.faustyna.pl\/zmbm\/wp-json\/wp\/v2\/pages\/3353\/revisions"}],"predecessor-version":[{"id":31785,"href":"https:\/\/www.faustyna.pl\/zmbm\/wp-json\/wp\/v2\/pages\/3353\/revisions\/31785"}],"wp:attachment":[{"href":"https:\/\/www.faustyna.pl\/zmbm\/wp-json\/wp\/v2\/media?parent=3353"}],"wp:term":[{"taxonomy":"category","embeddable":true,"href":"https:\/\/www.faustyna.pl\/zmbm\/wp-json\/wp\/v2\/categories?post=3353"},{"taxonomy":"post_tag","embeddable":true,"href":"https:\/\/www.faustyna.pl\/zmbm\/wp-json\/wp\/v2\/tags?post=3353"}],"curies":[{"name":"wp","href":"https:\/\/api.w.org\/{rel}","templated":true}]}}