



{"id":3498,"date":"2015-02-17T23:57:05","date_gmt":"2015-02-17T22:57:05","guid":{"rendered":"http:\/\/www.faustyna.pl\/zmbm\/?page_id=3498"},"modified":"2024-06-04T21:16:49","modified_gmt":"2024-06-04T19:16:49","slug":"transmisja-godziny-milosierdzia-i-koronki","status":"publish","type":"page","link":"https:\/\/www.faustyna.pl\/zmbm\/transmisja-godziny-milosierdzia-i-koronki\/","title":{"rendered":"Transmisja Godziny Mi\u0142osierdzia i&nbsp;Koronki"},"content":{"rendered":"<p style=\"text-align: justify;\"><strong><em>Ile razy us\u0142yszysz, jak zegar bije trzeci\u0105 godzin\u0119, zanurzaj si\u0119 ca\u0142a w mi\u0142osierdziu Moim, uwielbiaj\u0105c i wys\u0142awiaj\u0105c je; wzywaj jego wszechmocy dla \u015bwiata ca\u0142ego, a szczeg\u00f3lnie dla biednych grzesznik\u00f3w <\/em><\/strong>(Dz. 1572).<\/p>\n<h3 style=\"text-align: center;\"><span style=\"color: #800000;\"><b>Transmisja online<\/b><\/span><\/h3>\n<p><div id=\"stream\"><iframe loading=\"lazy\" width=\"100%\" height=\"315\" src=\"https:\/\/www.youtube.com\/embed\/live_stream?channel=UCsHNugP4z9aZC4Tl6n6imzw\" title=\"Faustyna.pl\" scrolling=\"no\" frameborder=\"0\" allow=\"accelerometer; autoplay; clipboard-write; encrypted-media; gyroscope; picture-in-picture; web-share\" allowfullscreen><\/iframe><\/div><\/p>\n<h3 style=\"text-align: center;\"><span style=\"color: #800000;\"><b>Transmisja telewizyjna &#8211; TVP<br \/>\ncodziennie 15.00-15.20<\/b><\/span><\/h3>\n<p><iframe loading=\"lazy\" style=\"border: 0px;\" src=\"https:\/\/lagiewniki.tvp.pl\/?lang=pl&source=web\" width=\"100%\" height=\"320\" allowfullscreen=\"allowfullscreen\"><\/iframe><\/p>\n<p style=\"text-align: justify;\">Modlitw\u0119 w Godzinie Mi\u0142osierdzia i Koronk\u0119 do Mi\u0142osierdzia Bo\u017cego w Sanktuarium w Krakowie-\u0141agiewnikach prowadz\u0105 siostry ze Zgromadzenia Matki Bo\u017cej Mi\u0142osierdzia. Wraz z pielgrzymami, s\u0142uchaczami rozg\u0142o\u015bni radiowych, stacji telewizyjnych, internautami wypraszamy \u0142aski dla siebie i ca\u0142ego \u015bwiata, bo Jezus powiedzia\u0142 do \u015bw. Faustyny: <i>W godzinie tej uprosisz wszystko dla siebie i dla innych<\/i>, je\u017celi to b\u0119dzie zgodne z wol\u0105 Bo\u017c\u0105 i je\u017celi nasza modlitwa b\u0119dzie ufna, wytrwa\u0142a i po\u0142\u0105czona z aktami mi\u0142osierdzia wzgl\u0119dem bli\u017anich. Wi\u0119cej o <a href=\"https:\/\/www.faustyna.pl\/zmbm\/godzina-milosierdzia\/\" target=\"_blank\" rel=\"noopener noreferrer\">Godzinie Mi\u0142osierdzia<\/a> i <a href=\"https:\/\/www.faustyna.pl\/zmbm\/koronka-do-milosierdzia-bozego\/\" target=\"_blank\" rel=\"noopener noreferrer\">Koronce do Mi\u0142osierdzia Bo\u017cego<\/a> w linku: <a href=\"https:\/\/www.faustyna.pl\/index.php?option=com_contentplus&amp;task=sectioncontree&amp;id=16&amp;Itemid=60\" target=\"_blank\" rel=\"noopener noreferrer\">Mi\u0142osierdzie<\/a> \u2013 Nabo\u017ce\u0144stwo do Mi\u0142osierdzia Bo\u017cego.<\/p>\n<h3 style=\"text-align: center;\"><span style=\"color: #800000;\"><strong>WSPARCIE<\/strong><\/span><\/h3>\n<h3><span style=\"color: #800000;\">Ofiary nale\u017cy wp\u0142aca\u0107 na konto:<\/span><\/h3>\n<p><strong>Zgromadzenie Si\u00f3str Matki Bo\u017cej Mi\u0142osierdzia<\/strong><strong><br \/>\nDom Zakonny w Krakowie<br \/>\n<\/strong>ul. Siostry Faustyny 3<br \/>\n30-608 Krak\u00f3w<\/p>\n<p><strong>Bank BG\u017b BNP Paribas S. A.<\/strong><strong><br \/>\n<\/strong>ul. Kasprzaka 10\/16<br \/>\n01-211 Warszawa<br \/>\nPoland<\/p>\n<p><strong>Nr rachunku<\/strong>:<\/p>\n<p>80 1600 1013 0002 0012 3671 2001 \u2013 PLN<br \/>\n73 1600 1013 0002 0012 3671 2030 \u2013 EUR<br \/>\n41 1600 1013 0002 0012 3671 2024 \u2013 USD<\/p>\n<p>Kod BIC (SWIFT): PPABPLPK<\/p>\n<p>IBAN: PL<\/p>\n<p><strong>Z dopiskiem:\u00a0<\/strong><span style=\"color: #800000;\"><em><strong>Transmisja on-line\u00a0<\/strong><\/em><\/span><\/p>\n<p>&nbsp;<\/p>\n","protected":false},"excerpt":{"rendered":"<p>Ile razy us\u0142yszysz, jak zegar bije trzeci\u0105 godzin\u0119, zanurzaj si\u0119 ca\u0142a w mi\u0142osierdziu Moim, uwielbiaj\u0105c i wys\u0142awiaj\u0105c je; wzywaj jego wszechmocy dla \u015bwiata ca\u0142ego, a szczeg\u00f3lnie dla biednych grzesznik\u00f3w (Dz. 1572). Transmisja online Transmisja telewizyjna &#8211; TVP codziennie 15.00-15.20 Modlitw\u0119 w Godzinie Mi\u0142osierdzia i Koronk\u0119 do Mi\u0142osierdzia Bo\u017cego w Sanktuarium w Krakowie-\u0141agiewnikach prowadz\u0105 siostry ze [&hellip;]<\/p>\n","protected":false},"author":1,"featured_media":0,"parent":0,"menu_order":0,"comment_status":"closed","ping_status":"closed","template":"page_transmisja_new.php","meta":{"footnotes":""},"categories":[106],"tags":[],"class_list":["post-3498","page","type-page","status-publish","hentry","category-transmisja-on-line"],"_links":{"self":[{"href":"https:\/\/www.faustyna.pl\/zmbm\/wp-json\/wp\/v2\/pages\/3498","targetHints":{"allow":["GET"]}}],"collection":[{"href":"https:\/\/www.faustyna.pl\/zmbm\/wp-json\/wp\/v2\/pages"}],"about":[{"href":"https:\/\/www.faustyna.pl\/zmbm\/wp-json\/wp\/v2\/types\/page"}],"author":[{"embeddable":true,"href":"https:\/\/www.faustyna.pl\/zmbm\/wp-json\/wp\/v2\/users\/1"}],"replies":[{"embeddable":true,"href":"https:\/\/www.faustyna.pl\/zmbm\/wp-json\/wp\/v2\/comments?post=3498"}],"version-history":[{"count":50,"href":"https:\/\/www.faustyna.pl\/zmbm\/wp-json\/wp\/v2\/pages\/3498\/revisions"}],"predecessor-version":[{"id":3500,"href":"https:\/\/www.faustyna.pl\/zmbm\/wp-json\/wp\/v2\/pages\/3498\/revisions\/3500"}],"wp:attachment":[{"href":"https:\/\/www.faustyna.pl\/zmbm\/wp-json\/wp\/v2\/media?parent=3498"}],"wp:term":[{"taxonomy":"category","embeddable":true,"href":"https:\/\/www.faustyna.pl\/zmbm\/wp-json\/wp\/v2\/categories?post=3498"},{"taxonomy":"post_tag","embeddable":true,"href":"https:\/\/www.faustyna.pl\/zmbm\/wp-json\/wp\/v2\/tags?post=3498"}],"curies":[{"name":"wp","href":"https:\/\/api.w.org\/{rel}","templated":true}]}}