



{"id":3838,"date":"2015-03-16T13:29:37","date_gmt":"2015-03-16T13:29:37","guid":{"rendered":"http:\/\/www.faustyna.pl\/zmbm\/?page_id=3838"},"modified":"2015-05-12T21:17:55","modified_gmt":"2015-05-12T19:17:55","slug":"konkordancja-do-dzienniczka-sw-siostry-faustyny","status":"publish","type":"page","link":"https:\/\/www.faustyna.pl\/zmbm\/konkordancja-do-dzienniczka-sw-siostry-faustyny\/","title":{"rendered":"Konkordancja do &#8222;Dzienniczka&#8221; \u015bw. Siostry Faustyny"},"content":{"rendered":"<p style=\"text-align: justify\">Konkordancja &#8211; to zbi\u00f3r s\u0142\u00f3w z \u201eDzienniczka\u201d\u009d, u\u0142o\u017conych alfabetycznie z podaniem kontekstu w zdaniu. Pomaga ona bardzo szybko odszuka\u0107 dany cytat (wystarczy wpisa\u0107 s\u0142owo lub fraz\u0119), a tak\u017ce wszystkie wypowiedzi na podany temat. Wyszukiwanie u\u0142atwia zaznaczenie t\u0142ust\u0105 czcionk\u0105 i kursyw\u0105 s\u0142\u00f3w Pana Jezusa.<\/p>\n","protected":false},"excerpt":{"rendered":"<p>Konkordancja &#8211; to zbi\u00f3r s\u0142\u00f3w z \u201eDzienniczka\u201d\u009d, u\u0142o\u017conych alfabetycznie z podaniem kontekstu w zdaniu. Pomaga ona bardzo szybko odszuka\u0107 dany cytat (wystarczy wpisa\u0107 s\u0142owo lub fraz\u0119), a tak\u017ce wszystkie wypowiedzi na podany temat. Wyszukiwanie u\u0142atwia zaznaczenie t\u0142ust\u0105 czcionk\u0105 i kursyw\u0105 s\u0142\u00f3w Pana Jezusa.<\/p>\n","protected":false},"author":1,"featured_media":0,"parent":0,"menu_order":0,"comment_status":"closed","ping_status":"closed","template":"page_konkordancja.php","meta":{"footnotes":""},"categories":[108],"tags":[],"class_list":["post-3838","page","type-page","status-publish","hentry","category-inne"],"_links":{"self":[{"href":"https:\/\/www.faustyna.pl\/zmbm\/wp-json\/wp\/v2\/pages\/3838","targetHints":{"allow":["GET"]}}],"collection":[{"href":"https:\/\/www.faustyna.pl\/zmbm\/wp-json\/wp\/v2\/pages"}],"about":[{"href":"https:\/\/www.faustyna.pl\/zmbm\/wp-json\/wp\/v2\/types\/page"}],"author":[{"embeddable":true,"href":"https:\/\/www.faustyna.pl\/zmbm\/wp-json\/wp\/v2\/users\/1"}],"replies":[{"embeddable":true,"href":"https:\/\/www.faustyna.pl\/zmbm\/wp-json\/wp\/v2\/comments?post=3838"}],"version-history":[{"count":7,"href":"https:\/\/www.faustyna.pl\/zmbm\/wp-json\/wp\/v2\/pages\/3838\/revisions"}],"predecessor-version":[{"id":4415,"href":"https:\/\/www.faustyna.pl\/zmbm\/wp-json\/wp\/v2\/pages\/3838\/revisions\/4415"}],"wp:attachment":[{"href":"https:\/\/www.faustyna.pl\/zmbm\/wp-json\/wp\/v2\/media?parent=3838"}],"wp:term":[{"taxonomy":"category","embeddable":true,"href":"https:\/\/www.faustyna.pl\/zmbm\/wp-json\/wp\/v2\/categories?post=3838"},{"taxonomy":"post_tag","embeddable":true,"href":"https:\/\/www.faustyna.pl\/zmbm\/wp-json\/wp\/v2\/tags?post=3838"}],"curies":[{"name":"wp","href":"https:\/\/api.w.org\/{rel}","templated":true}]}}