



{"id":3856,"date":"2015-03-18T15:20:06","date_gmt":"2015-03-18T15:20:06","guid":{"rendered":"http:\/\/www.faustyna.pl\/zmbm\/?page_id=3856"},"modified":"2021-06-09T10:26:33","modified_gmt":"2021-06-09T08:26:33","slug":"laskami-slynacy-obraz-jezusa-milosiernego","status":"publish","type":"page","link":"https:\/\/www.faustyna.pl\/zmbm\/laskami-slynacy-obraz-jezusa-milosiernego\/","title":{"rendered":"\u0141askami s\u0142yn\u0105cy obraz Jezusa Mi\u0142osiernego"},"content":{"rendered":"<p style=\"text-align: justify\">Obraz Jezusa Mi\u0142osiernego nale\u017cy do najbardziej znanych w historii Ko\u015bcio\u0142a i we wsp\u00f3\u0142czesnym \u015bwiecie wizerunk\u00f3w Chrystusa ukrzy\u017cowanego i zmartwychwsta\u0142ego. Jest to obraz niezwyk\u0142y nie tylko z tego wzgl\u0119du, \u017ce jest najbardziej upowszechniony, ale przede wszystkim dlatego, \u017ce jego wsp\u00f3\u0142autorem jest sam Pan Jezus.<\/p>\n<p><a href=\"https:\/\/www.faustyna.pl\/ObrazJUT\/index.php?token=1776024115ZHz4dYkODgqb1GF7C\"><img decoding=\"async\" src=\"https:\/\/www.faustyna.pl\/images\/stories\/inne\/obraz_first6.jpg\" style=\"width: 100%\" title=\"Jezu Ufam Tobie\" alt=\"Jezu Ufam Tobie\"\/><\/a><\/p>\n<p style=\"text-align: justify\">3 miliardy pikseli, 12 godzin zdj\u0119\u0107, 6 miesi\u0119cy pracy nad najwi\u0119ksz\u0105 i pierwsz\u0105 w Polsce reprodukcj\u0105 gigapikselow\u0105, kt\u00f3r\u0105 jest najbardziej znany i czczony w ca\u0142ym \u015bwiecie obraz Jezusa Mi\u0142osiernego p\u0119dzla Adolfa Hy\u0142y z kaplicy klasztornej w Sanktuarium Bo\u017cego Mi\u0142osierdzia w Krakowie-\u0141agiewnikach. Prezentacj\u0119 przygotowa\u0142 Piotr Tumidajski. Dzi\u0119ki fotografii wykonanej w bardzo du\u017cej rozdzielczo\u015bci ten \u0142askami s\u0142yn\u0105cy obraz Jezusa Mi\u0142osiernego mo\u017cna teraz ogl\u0105da\u0107 z bliska.<\/p>\n<p>Wi\u0119cej:<\/p>\n<ul>\n<li><a href=\"https:\/\/www.faustyna.pl\/zmbm\/laskami-slynacy-obraz-jezusa-milosiernego-z-sanktuarium-bozego-milosierdzia-w-krakowie-lagiewnikach\/\">Pobranie obrazu<\/a><\/li>\n<li><a href=\"https:\/\/www.faustyna.pl\/zmbm\/obraz\/\" target=\"_self\" rel=\"noopener\">Znaczenie obrazu<\/a><\/li>\n<li><a href=\"https:\/\/www.faustyna.pl\/zmbm\/obraz-historia-nabozenstwa\/\" target=\"_self\" rel=\"noopener\">Historia obrazu<\/a><\/li>\n<\/ul>\n<div>\n<p>Foto: Piotr Tumidajski<\/p>\n<\/div>\n<div style=\"text-align: left\" align=\"center\"><span style=\"color: #000000\"><b> \u00a9 Copyright by Zgromadzenie Si\u00f3str Matki Bo\u017cej Mi\u0142osierdzia<\/b><\/span><\/div>\n<div style=\"text-align: justify\" align=\"center\"><span style=\"color: #000000\"><b>Kopiowanie, powielanie, upowszechnianie na r\u00f3\u017cnych p\u0142aszczyznach <\/b><\/span><span style=\"color: #000000\"><b>w ca\u0142o\u015bci lub w cz\u0119\u015bciach do tak zwanych dzie\u0142 zale\u017cnych, tak\u017ce na stronach internetowych, wymaga pisemnej zgody Zgromadzenia.<\/b><\/span><\/div>\n","protected":false},"excerpt":{"rendered":"<p>Obraz Jezusa Mi\u0142osiernego nale\u017cy do najbardziej znanych w historii Ko\u015bcio\u0142a i we wsp\u00f3\u0142czesnym \u015bwiecie wizerunk\u00f3w Chrystusa ukrzy\u017cowanego i zmartwychwsta\u0142ego. Jest to obraz niezwyk\u0142y nie tylko z tego wzgl\u0119du, \u017ce jest najbardziej upowszechniony, ale przede wszystkim dlatego, \u017ce jego wsp\u00f3\u0142autorem jest sam Pan Jezus. 3 miliardy pikseli, 12 godzin zdj\u0119\u0107, 6 miesi\u0119cy pracy nad najwi\u0119ksz\u0105 i [&hellip;]<\/p>\n","protected":false},"author":1,"featured_media":0,"parent":0,"menu_order":0,"comment_status":"closed","ping_status":"closed","template":"page_detailsNoHeaderSpace.php","meta":{"footnotes":""},"categories":[119],"tags":[],"class_list":["post-3856","page","type-page","status-publish","hentry","category-gigapixel"],"_links":{"self":[{"href":"https:\/\/www.faustyna.pl\/zmbm\/wp-json\/wp\/v2\/pages\/3856","targetHints":{"allow":["GET"]}}],"collection":[{"href":"https:\/\/www.faustyna.pl\/zmbm\/wp-json\/wp\/v2\/pages"}],"about":[{"href":"https:\/\/www.faustyna.pl\/zmbm\/wp-json\/wp\/v2\/types\/page"}],"author":[{"embeddable":true,"href":"https:\/\/www.faustyna.pl\/zmbm\/wp-json\/wp\/v2\/users\/1"}],"replies":[{"embeddable":true,"href":"https:\/\/www.faustyna.pl\/zmbm\/wp-json\/wp\/v2\/comments?post=3856"}],"version-history":[{"count":13,"href":"https:\/\/www.faustyna.pl\/zmbm\/wp-json\/wp\/v2\/pages\/3856\/revisions"}],"predecessor-version":[{"id":20608,"href":"https:\/\/www.faustyna.pl\/zmbm\/wp-json\/wp\/v2\/pages\/3856\/revisions\/20608"}],"wp:attachment":[{"href":"https:\/\/www.faustyna.pl\/zmbm\/wp-json\/wp\/v2\/media?parent=3856"}],"wp:term":[{"taxonomy":"category","embeddable":true,"href":"https:\/\/www.faustyna.pl\/zmbm\/wp-json\/wp\/v2\/categories?post=3856"},{"taxonomy":"post_tag","embeddable":true,"href":"https:\/\/www.faustyna.pl\/zmbm\/wp-json\/wp\/v2\/tags?post=3856"}],"curies":[{"name":"wp","href":"https:\/\/api.w.org\/{rel}","templated":true}]}}