



{"id":4263,"date":"2015-05-05T05:57:42","date_gmt":"2015-05-05T03:57:42","guid":{"rendered":"http:\/\/www.faustyna.pl\/zmbm\/?page_id=4263"},"modified":"2026-05-08T16:43:11","modified_gmt":"2026-05-08T14:43:11","slug":"klasztor-kontemplacyjny","status":"publish","type":"page","link":"https:\/\/www.faustyna.pl\/zmbm\/klasztor-kontemplacyjny\/","title":{"rendered":"Klasztor kontemplacyjny"},"content":{"rendered":"<p style=\"text-align: justify\"><a href=\"https:\/\/www.faustyna.pl\/zmbm\/wp-content\/uploads\/2015\/05\/Klasztor-kontemplacyjny-ZMBM-w-Swinicach-Warckich.jpg\" data-gallery><img loading=\"lazy\" decoding=\"async\" class=\"alignnone wp-image-10913 size-large\" src=\"https:\/\/www.faustyna.pl\/zmbm\/wp-content\/uploads\/2015\/05\/Klasztor-kontemplacyjny-ZMBM-w-Swinicach-Warckich-1024x604.jpg\" alt=\"\" width=\"1024\" height=\"604\" srcset=\"https:\/\/www.faustyna.pl\/zmbm\/wp-content\/uploads\/2015\/05\/Klasztor-kontemplacyjny-ZMBM-w-Swinicach-Warckich.jpg 1024w, https:\/\/www.faustyna.pl\/zmbm\/wp-content\/uploads\/2015\/05\/Klasztor-kontemplacyjny-ZMBM-w-Swinicach-Warckich-140x83.jpg 140w, https:\/\/www.faustyna.pl\/zmbm\/wp-content\/uploads\/2015\/05\/Klasztor-kontemplacyjny-ZMBM-w-Swinicach-Warckich-560x330.jpg 560w\" sizes=\"auto, (max-width: 1024px) 100vw, 1024px\" \/><\/a><\/p>\n<p style=\"text-align: justify\">Kontemplacyjna cz\u0119\u015b\u0107 klasztoru Zgromadzenia Si\u00f3str Matki Bo\u017cej Mi\u0142osierdzia w \u015awinicach Warckich zosta\u0142a otwarta 25 sierpnia 2008 roku decyzj\u0105 Rady Generalnej Zgromadzenia. Tak zacz\u0119\u0142a si\u0119 realizowa\u0107 w Zgromadzeniu idea klasztoru klauzurowego, o kt\u00f3rym pisa\u0142a w <em>Dzienniczku<\/em> \u015bw. Siostra Faustyna.<\/p>\n<p style=\"text-align: justify\">Podstawowym celem klasztoru kontemplacyjnego w Zgromadzeniu Si\u00f3str Matki Bo\u017cej Mi\u0142osierdzia jest realizacja charyzmatu Zgromadzenia przez modlitw\u0119, czyli wypraszanie mi\u0142osierdzia Bo\u017cego dla \u015bwiata.<em>\u00a0\u00a0\u00a0\u00a0\u00a0\u00a0\u00a0\u00a0\u00a0\u00a0\u00a0\u00a0\u00a0\u00a0\u00a0 <\/em><\/p>\n<p style=\"text-align: justify\"><span style=\"color: #000000;font-family: Cambria\"><em><strong>B\u0119dziesz wyprasza\u0107 z towarzyszkami swymi mi\u0142osierdzie dla siebie i \u015bwiata<\/strong><\/em> (D. 435). <strong><em>Duch M\u00f3j b\u0119dzie regu\u0142\u0105 \u017cycia waszego. \u017bycie wasze ma by\u0107 na Mnie wzorowane, od \u017c\u0142\u00f3bka a\u017c do skonania na krzy\u017cu. Wniknij w tajemnice Moje i poznasz przepa\u015b\u0107 mi\u0142osierdzia Mojego ku stworzeniom i niezg\u0142\u0119bion\u0105 dobro\u0107 Moj\u0105 \u2013 i t\u0119 dasz pozna\u0107 \u015bwiatu. B\u0119dziesz przez modlitw\u0119 po\u015bredniczy\u0107 mi\u0119dzy ziemi\u0105 a niebem<\/em><\/strong> (Dz. 438).<\/span><\/p>\n<p style=\"text-align: justify\"><a href=\"https:\/\/www.faustyna.pl\/zmbm\/wp-content\/uploads\/2015\/05\/Siostry-za-klauzur\u0105.jpg\" data-gallery><img loading=\"lazy\" decoding=\"async\" class=\"alignnone wp-image-10914 size-large\" src=\"https:\/\/www.faustyna.pl\/zmbm\/wp-content\/uploads\/2015\/05\/Siostry-za-klauzur\u0105-1024x606.jpg\" alt=\"\" width=\"1024\" height=\"606\" srcset=\"https:\/\/www.faustyna.pl\/zmbm\/wp-content\/uploads\/2015\/05\/Siostry-za-klauzur\u0105.jpg 1024w, https:\/\/www.faustyna.pl\/zmbm\/wp-content\/uploads\/2015\/05\/Siostry-za-klauzur\u0105-140x83.jpg 140w, https:\/\/www.faustyna.pl\/zmbm\/wp-content\/uploads\/2015\/05\/Siostry-za-klauzur\u0105-560x331.jpg 560w\" sizes=\"auto, (max-width: 1024px) 100vw, 1024px\" \/><\/a><\/p>\n<p style=\"text-align: justify\">Wyrzek\u0142szy si\u0119 \u015bwiata, siostry \u017cyj\u0105 sam na sam z Bogiem, aby w milczeniu i kontemplacji uwielbia\u0107 Mi\u0142osierdzie Bo\u017ce i wyprasza\u0107 je dla \u015bwiata. Modlitw\u0105 i pokut\u0105 obejmuj\u0105 siostry Ko\u015bci\u00f3\u0142, Ojczyzn\u0119, Zgromadzenie i ca\u0142y \u015bwiat, a zw\u0142aszcza grzesznik\u00f3w oraz kap\u0142an\u00f3w i osoby zakonne.\u00a0Poprzez ukryte apostolstwo siostry docieraj\u0105 do najdalszych zak\u0105tk\u00f3w \u015bwiata oraz s\u0105 cichym, ukrytym zapleczem Zgromadzenia w jego misji g\u0142oszenia mi\u0142osierdzia Bo\u017cego \u015bwiatu.<\/p>\n<p style=\"text-align: justify\">Siostry \u017cyj\u0105 pod opiek\u0105 Maryi, Matki Mi\u0142osierdzia, kt\u00f3ra jest dla si\u00f3str wzorem \u017cycia kontemplacyjnego oraz ukrytej wsp\u00f3\u0142pracy z Jezusem Mi\u0142osiernym w dziele zbawienia dusz.<\/p>\n<p style=\"text-align: justify\"><strong>Powiedzia\u0142a mi Matka Bo\u017ca: \u017cycie wasze ma by\u0107 podobne do \u017cycia mojego, ciche i ukryte, macie nieustannie si\u0119 jednoczy\u0107 z Bogiem i prosi\u0107 za ludzko\u015bci\u0105 i przygotowa\u0107 \u015bwiat na powt\u00f3rne przyj\u015bcie Boga<\/strong> (por. Dz. 625).<\/p>\n<p style=\"text-align: justify\">\u015awi\u0119ta Siostra Faustyna, duchowa wsp\u00f3\u0142za\u0142o\u017cycielka Zgromadzenia, w spos\u00f3b szczeg\u00f3lny spe\u0142nia t\u0119 rol\u0119 we wsp\u00f3lnocie kontemplacyjnej, dla kt\u00f3rej zapis regu\u0142y pozostawi\u0142a w \u201eDzienniczku\u201d<em>.<\/em> Tkwi\u0105c w niej duchem wraz z siostrami wyprasza mi\u0142osierdzie Bo\u017ce dla \u015bwiata.<\/p>\n","protected":false},"excerpt":{"rendered":"<p>Kontemplacyjna cz\u0119\u015b\u0107 klasztoru Zgromadzenia Si\u00f3str Matki Bo\u017cej Mi\u0142osierdzia w \u015awinicach Warckich zosta\u0142a otwarta 25 sierpnia 2008 roku decyzj\u0105 Rady Generalnej Zgromadzenia. Tak zacz\u0119\u0142a si\u0119 realizowa\u0107 w Zgromadzeniu idea klasztoru klauzurowego, o kt\u00f3rym pisa\u0142a w Dzienniczku \u015bw. Siostra Faustyna. Podstawowym celem klasztoru kontemplacyjnego w Zgromadzeniu Si\u00f3str Matki Bo\u017cej Mi\u0142osierdzia jest realizacja charyzmatu Zgromadzenia przez modlitw\u0119, czyli [&hellip;]<\/p>\n","protected":false},"author":1,"featured_media":0,"parent":0,"menu_order":0,"comment_status":"closed","ping_status":"closed","template":"","meta":{"footnotes":""},"categories":[62],"tags":[],"class_list":["post-4263","page","type-page","status-publish","hentry","category-dzielo-powolan"],"_links":{"self":[{"href":"https:\/\/www.faustyna.pl\/zmbm\/wp-json\/wp\/v2\/pages\/4263","targetHints":{"allow":["GET"]}}],"collection":[{"href":"https:\/\/www.faustyna.pl\/zmbm\/wp-json\/wp\/v2\/pages"}],"about":[{"href":"https:\/\/www.faustyna.pl\/zmbm\/wp-json\/wp\/v2\/types\/page"}],"author":[{"embeddable":true,"href":"https:\/\/www.faustyna.pl\/zmbm\/wp-json\/wp\/v2\/users\/1"}],"replies":[{"embeddable":true,"href":"https:\/\/www.faustyna.pl\/zmbm\/wp-json\/wp\/v2\/comments?post=4263"}],"version-history":[{"count":17,"href":"https:\/\/www.faustyna.pl\/zmbm\/wp-json\/wp\/v2\/pages\/4263\/revisions"}],"predecessor-version":[{"id":32558,"href":"https:\/\/www.faustyna.pl\/zmbm\/wp-json\/wp\/v2\/pages\/4263\/revisions\/32558"}],"wp:attachment":[{"href":"https:\/\/www.faustyna.pl\/zmbm\/wp-json\/wp\/v2\/media?parent=4263"}],"wp:term":[{"taxonomy":"category","embeddable":true,"href":"https:\/\/www.faustyna.pl\/zmbm\/wp-json\/wp\/v2\/categories?post=4263"},{"taxonomy":"post_tag","embeddable":true,"href":"https:\/\/www.faustyna.pl\/zmbm\/wp-json\/wp\/v2\/tags?post=4263"}],"curies":[{"name":"wp","href":"https:\/\/api.w.org\/{rel}","templated":true}]}}