



{"id":5598,"date":"2015-11-19T15:58:30","date_gmt":"2015-11-19T14:58:30","guid":{"rendered":"http:\/\/www.faustyna.pl\/zmbm\/?page_id=5598"},"modified":"2025-09-24T20:09:36","modified_gmt":"2025-09-24T18:09:36","slug":"laskami-slynacy-obraz-jezusa-milosiernego-z-sanktuarium-bozego-milosierdzia-w-krakowie-lagiewnikach","status":"publish","type":"page","link":"https:\/\/www.faustyna.pl\/zmbm\/laskami-slynacy-obraz-jezusa-milosiernego-z-sanktuarium-bozego-milosierdzia-w-krakowie-lagiewnikach\/","title":{"rendered":"Cudowny obraz Jezusa Mi\u0142osiernego"},"content":{"rendered":"<p><a href=\"https:\/\/www.faustyna.pl\/zmbm\/wp-content\/uploads\/2015\/11\/Obraz_Jezusa_Mi\u0142osiernego_RGB.jpg\" data-gallery><img loading=\"lazy\" decoding=\"async\" class=\"size-full wp-image-5693 aligncenter\" src=\"https:\/\/www.faustyna.pl\/zmbm\/wp-content\/uploads\/2015\/11\/Obraz_Jezusa_Mi\u0142osiernego_RGB.jpg\" alt=\"Obraz_Jezusa_Mi\u0142osiernego_RGB\" width=\"150\" height=\"354\" srcset=\"https:\/\/www.faustyna.pl\/zmbm\/wp-content\/uploads\/2015\/11\/Obraz_Jezusa_Mi\u0142osiernego_RGB.jpg 150w, https:\/\/www.faustyna.pl\/zmbm\/wp-content\/uploads\/2015\/11\/Obraz_Jezusa_Mi\u0142osiernego_RGB-59x140.jpg 59w, https:\/\/www.faustyna.pl\/zmbm\/wp-content\/uploads\/2015\/11\/Obraz_Jezusa_Mi\u0142osiernego_RGB-85x200.jpg 85w\" sizes=\"auto, (max-width: 150px) 100vw, 150px\" \/><\/a><\/p>\n<table>\n<tbody>\n<tr>\n<td style=\"padding-right: 10px;text-align: justify\"><strong>\u0141askami s\u0142yn\u0105cy obraz Jezusa Mi\u0142osiernego p\u0119dzla A. Hy\u0142y z Sanktuarium Bo\u017cego Mi\u0142osierdzia w Krakowie-\u0141agiewnikach. Na nim spe\u0142ni\u0142y si\u0119 s\u0142owa Jezusa wypowiedziane do \u015bw. Faustyny: Pragn\u0119, aby ten obraz czczono najpierw w kaplicy waszej i na ca\u0142ym \u015bwiecie (Dz. 47). Jest to najbardziej znany i czczony w \u015bwiecie obraz Jezusa Mi\u0142osiernego.<\/strong><\/td>\n<\/tr>\n<\/tbody>\n<\/table>\n<table>\n<tbody>\n<tr>\n<td style=\"text-align: left;vertical-align: top\">1.<\/td>\n<td style=\"text-align: justify\">Plik obrazu Jezusa Mi\u0142osiernego udost\u0119pniany jest tylko do szerzenia or\u0119dzia Mi\u0142osierdzia, jakie Pan Jezus przekaza\u0142 \u015bw. Siostrze Faustynie, w mediach, publikacjach, dzia\u0142alno\u015bci duszpasterskiej. Publikacje winny zawiera\u0107 w\u0142a\u015bciwy przekaz or\u0119dzia Mi\u0142osierdzia, w tym nabo\u017ce\u0144stwa do Mi\u0142osierdzia Bo\u017cego. \u0179r\u00f3d\u0142owe informacje s\u0105 na stronie: www.faustyna.pl<\/td>\n<\/tr>\n<tr>\n<td style=\"text-align: left;vertical-align: top\">2.<\/td>\n<td style=\"text-align: justify\">\u00a0Zgromadzenie <strong>nie wyra\u017ca zgody na reprodukcje tego obrazu<\/strong> w ca\u0142o\u015bci ani we fragmentach <strong>na r\u00f3\u017cnego rodzaju gad\u017cetach czy przedmiotach codziennego u\u017cytku<\/strong>.<\/td>\n<\/tr>\n<\/tbody>\n<\/table>\n<table>\n<tbody>\n<tr>\n<td style=\"text-align: left;vertical-align: top\">3.<\/td>\n<td style=\"text-align: justify\">Plik cyfrowy tego obrazu <strong>nie mo\u017ce te\u017c by\u0107 wykorzystany do dzia\u0142alno\u015bci komercyjnej<\/strong> (np. do druku obrazk\u00f3w, obraz\u00f3w Jezusa Mi\u0142osiernego i ich sprzeda\u017cy lub zbierania za ich rozprowadzanie pieni\u0119\u017cnych ofiar), z wyj\u0105tkiem publikacji prasowych czy wydawnictw ksi\u0105\u017ckowych, kt\u00f3re maj\u0105 imprimatur Ko\u015bcio\u0142a. W tym ostatnim przypadku osoby korzystaj\u0105ce z pliku winny przes\u0142a\u0107 egzemplarz publikacji do Biblioteki \u201eFaustinum\u201d na adres:<br \/>\nZgromadzenie Si\u00f3str Matki Bo\u017cej Mi\u0142osierdzia<br \/>\nBiblioteka \u201eFaustinum\u201d<br \/>\nul. Siostry Faustyny 3<br \/>\n30-420 Krak\u00f3w.<\/td>\n<\/tr>\n<tr>\n<td style=\"text-align: left;vertical-align: top\">4.<\/td>\n<td style=\"text-align: justify\">Zgromadzenie <strong>nie wyra\u017ca zgody na umieszczanie tego pliku na innych stronach internetowych<\/strong> ani w formie pliku do pobrania, ani jako sta\u0142ej ekspozycji. Mo\u017cna tylko da\u0107 przekierowanie na stron\u0119 \u017ar\u00f3d\u0142ow\u0105, czyli: www.faustyna.pl. W przypadku wykorzystania obrazu jako ilustracji do tekstu w internecie, ka\u017cdorazowo nale\u017cy poda\u0107 nie tylko \u017ar\u00f3d\u0142o, czyli stron\u0119: www.faustyna.pl, ale tak\u017ce miejsce kultu i informacj\u0119 o prawach autorskich, kt\u00f3re nale\u017c\u0105 do Zgromadzenia Si\u00f3str Matki Bo\u017cej Mi\u0142osierdzia.<\/td>\n<\/tr>\n<tr>\n<td style=\"text-align: left;vertical-align: top\">5.<\/td>\n<td style=\"text-align: justify\">W publikacjach drukowanych nale\u017cy umie\u015bci\u0107 informacj\u0119 o miejscu kultu obrazu Jezusa Mi\u0142osiernego i o prawach autorskich w brzmieniu:<\/p>\n<p>\u0141askami s\u0142yn\u0105cy obraz Jezusa Mi\u0142osiernego z Sanktuarium w Krakowie-\u0141agiewnikach<br \/>\nFoto: Piotr Tumidajski<\/p>\n<p>\u00a9 Zgromadzenie Si\u00f3str Matki Bo\u017cej Mi\u0142osierdzia<br \/>\nNa obrazkach prymicyjnych, itp. wystarczy umie\u015bci\u0107:\u00a0 \u00a9 ISMM<\/td>\n<\/tr>\n<\/tbody>\n<\/table>\n<table>\n<tbody>\n<tr>\n<td style=\"vertical-align: top\">6.<\/td>\n<td style=\"text-align: justify\">\u00a0<span style=\"color: #800000\"><strong>Plik cyfrowy obrazu udost\u0119pniany jest tylko do szerzenia or\u0119dzia Mi\u0142osierdzia, <span style=\"text-decoration: underline\">nie do prywatnego kultu<\/span><\/strong><\/span>.<\/td>\n<\/tr>\n<\/tbody>\n<\/table>\n<p>Aby pobra\u0107 plik cyfrowy obrazu Jezusa Mi\u0142osiernego nale\u017cy wype\u0142ni\u0107 poni\u017cszy<span style=\"color: #800000\"><strong> formularz<\/strong>.<\/span><\/p>\n<div id=\"vfb-form-3\" class=\"visual-form-builder-container\"><form id=\"laskami-slynacy-obraz-jezusa-milosiernego-3\" class=\"visual-form-builder vfb-form-3  \" method=\"post\" enctype=\"multipart\/form-data\" action=\"\">\n\t\t<input type=\"hidden\" name=\"form_id\" value=\"3\" \/><fieldset class=\"vfb-fieldset vfb-fieldset-1 formularz-do-pobrania-obrazu-jezusa-milosiernego    \" id=\"item-vfb-65\"><div class=\"vfb-legend\"><h3>Formularz do pobrania obrazu Jezusa Mi\u0142osiernego<\/h3><\/div><ul class=\"vfb-section vfb-section-1\"><li class=\"vfb-item vfb-item-text    \" id=\"item-vfb-66\"><label for=\"vfb-66\" class=\"vfb-desc\">Imi\u0119 i nazwisko  <span class=\"vfb-required-asterisk\">*<\/span><\/label><input type=\"text\" name=\"vfb-66\" id=\"vfb-66\" value=\"\" class=\"vfb-text  vfb-medium  required  \" \/><\/li>\n<li class=\"vfb-item vfb-item-text    \" id=\"item-vfb-71\"><label for=\"vfb-71\" class=\"vfb-desc\">Miejscowo\u015b\u0107  <span class=\"vfb-required-asterisk\">*<\/span><\/label><input type=\"text\" name=\"vfb-71\" id=\"vfb-71\" value=\"\" class=\"vfb-text  vfb-medium  required  \" \/><\/li>\n<li class=\"vfb-item vfb-item-text    \" id=\"item-vfb-70\"><label for=\"vfb-70\" class=\"vfb-desc\">Kraj  <span class=\"vfb-required-asterisk\">*<\/span><\/label><input type=\"text\" name=\"vfb-70\" id=\"vfb-70\" value=\"\" class=\"vfb-text  vfb-medium  required  \" \/><\/li>\n<li class=\"vfb-item vfb-item-text    \" id=\"item-vfb-69\"><label for=\"vfb-69\" class=\"vfb-desc\">Parafia  <span class=\"vfb-required-asterisk\">*<\/span><\/label><input type=\"text\" name=\"vfb-69\" id=\"vfb-69\" value=\"\" class=\"vfb-text  vfb-medium  required  \" \/><\/li>\n<li class=\"vfb-item vfb-item-email    \" id=\"item-vfb-63\"><label for=\"vfb-63\" class=\"vfb-desc\">Adres email  <span class=\"vfb-required-asterisk\">*<\/span><\/label><input type=\"email\" name=\"vfb-63\" id=\"vfb-63\" value=\"\" class=\"vfb-text  vfb-medium  required  email \" \/><\/li>\n<li class=\"vfb-item vfb-item-textarea    \" id=\"item-vfb-64\"><label for=\"vfb-64\" class=\"vfb-desc\">Cel pobrania pliku  <span class=\"vfb-required-asterisk\">*<\/span><\/label><div><textarea name=\"vfb-64\" id=\"vfb-64\" class=\"vfb-textarea  vfb-medium  required  \"><\/textarea><\/div><\/li>\n<li class=\"vfb-item vfb-item-checkbox  vfb-auto-column   \" id=\"item-vfb-77\"><label class=\"vfb-desc\">  <span class=\"vfb-required-asterisk\">*<\/span><\/label><div><span class=\"vfb-span\"><input type=\"checkbox\" name=\"vfb-77[]\" id=\"vfb-77-0\" value=\"Zobowi\u0105zuj\u0119 si\u0119 do u\u017cywania tego obrazu tylko w celu niekomercyjnego szerzenia or\u0119dzia Mi\u0142osierdzia\" class=\"vfb-checkbox  required  fJust\" \/><label for=\"vfb-77-0\" class=\"vfb-choice\">Zobowi\u0105zuj\u0119 si\u0119 do u\u017cywania tego obrazu tylko w celu niekomercyjnego szerzenia or\u0119dzia Mi\u0142osierdzia<\/label><\/span><div style=\"clear:both\"><\/div><\/div><\/li>\n<li class=\"vfb-item vfb-item-checkbox    \" id=\"item-vfb-83\"><label class=\"vfb-desc\">  <span class=\"vfb-required-asterisk\">*<\/span><\/label><div><span class=\"vfb-span\"><input type=\"checkbox\" name=\"vfb-83[]\" id=\"vfb-83-0\" value=\"Zobowi\u0105zuj\u0119 si\u0119 do poprawnego szerzenia or\u0119dzia Mi\u0142osierdzia, w tym nabo\u017ce\u0144stwa do Mi\u0142osierdzia Bo\u017cego w formach przekazanych \u015bw. Siostrze Faustynie, wed\u0142ug tre\u015bci zamieszczonych na stronie: www.faustyna.pl.\" class=\"vfb-checkbox  required  fJust\" \/><label for=\"vfb-83-0\" class=\"vfb-choice\">Zobowi\u0105zuj\u0119 si\u0119 do poprawnego szerzenia or\u0119dzia Mi\u0142osierdzia, w tym nabo\u017ce\u0144stwa do Mi\u0142osierdzia Bo\u017cego w formach przekazanych \u015bw. Siostrze Faustynie, wed\u0142ug tre\u015bci zamieszczonych na stronie: www.faustyna.pl.<\/label><\/span><div style=\"clear:both\"><\/div><\/div><\/li>\n<li class=\"vfb-item vfb-item-checkbox    \" id=\"item-vfb-82\"><label class=\"vfb-desc\">  <span class=\"vfb-required-asterisk\">*<\/span><\/label><div><span class=\"vfb-span\"><input type=\"checkbox\" name=\"vfb-82[]\" id=\"vfb-82-0\" value=\"Zobowi\u0105zuj\u0119 si\u0119 do niewykonywania reprodukcji tego obrazu w ca\u0142o\u015bci ani fragmentach na r\u00f3\u017cnego rodzaju gad\u017cetach czy przedmiotach codziennego u\u017cytku\" class=\"vfb-checkbox  required  fJust\" \/><label for=\"vfb-82-0\" class=\"vfb-choice\">Zobowi\u0105zuj\u0119 si\u0119 do niewykonywania reprodukcji tego obrazu w ca\u0142o\u015bci ani fragmentach na r\u00f3\u017cnego rodzaju gad\u017cetach czy przedmiotach codziennego u\u017cytku<\/label><\/span><div style=\"clear:both\"><\/div><\/div><\/li>\n<li class=\"vfb-item vfb-item-checkbox    \" id=\"item-vfb-81\"><label class=\"vfb-desc\">  <span class=\"vfb-required-asterisk\">*<\/span><\/label><div><span class=\"vfb-span\"><input type=\"checkbox\" name=\"vfb-81[]\" id=\"vfb-81-0\" value=\"Zobowi\u0105zuj\u0119 si\u0119 do nieudost\u0119pniania tego pliku w internecie, lecz odsy\u0142ania do strony \u017ar\u00f3d\u0142owej, czyli: www.faustyna.pl\" class=\"vfb-checkbox  required  fJust\" \/><label for=\"vfb-81-0\" class=\"vfb-choice\">Zobowi\u0105zuj\u0119 si\u0119 do nieudost\u0119pniania tego pliku w internecie, lecz odsy\u0142ania do strony \u017ar\u00f3d\u0142owej, czyli: www.faustyna.pl<\/label><\/span><div style=\"clear:both\"><\/div><\/div><\/li>\n<li class=\"vfb-item vfb-item-checkbox    \" id=\"item-vfb-80\"><label class=\"vfb-desc\">  <span class=\"vfb-required-asterisk\">*<\/span><\/label><div><span class=\"vfb-span\"><input type=\"checkbox\" name=\"vfb-80[]\" id=\"vfb-80-0\" value=\"Zobowi\u0105zuj\u0119 si\u0119 przy ka\u017cdej publikacji obrazu Jezusa Mi\u0142osiernego do umieszczenia informacji o miejscu jego kultu i prawach autorskich w formie podanej wy\u017cej.\" class=\"vfb-checkbox  required  fJust\" \/><label for=\"vfb-80-0\" class=\"vfb-choice\">Zobowi\u0105zuj\u0119 si\u0119 przy ka\u017cdej publikacji obrazu Jezusa Mi\u0142osiernego do umieszczenia informacji o miejscu jego kultu i prawach autorskich w formie podanej wy\u017cej.<\/label><\/span><div style=\"clear:both\"><\/div><\/div><\/li>\n<li class=\"vfb-item vfb-item-checkbox    \" id=\"item-vfb-79\"><label class=\"vfb-desc\">  <span class=\"vfb-required-asterisk\">*<\/span><\/label><div><span class=\"vfb-span\"><input type=\"checkbox\" name=\"vfb-79[]\" id=\"vfb-79-0\" value=\"Zobowi\u0105zuj\u0119 si\u0119 do przes\u0142ania jednego egzemplarza publikacji prasowej, ksi\u0105\u017ckowej lub druku w innej formie, a tak\u017ce publikacji multimedialnych na adres Biblioteki \u201eFaustinum\u201d. Adres wy\u017cej.\" class=\"vfb-checkbox  required  fJust\" \/><label for=\"vfb-79-0\" class=\"vfb-choice\">Zobowi\u0105zuj\u0119 si\u0119 do przes\u0142ania jednego egzemplarza publikacji prasowej, ksi\u0105\u017ckowej lub druku w innej formie, a tak\u017ce publikacji multimedialnych na adres Biblioteki \u201eFaustinum\u201d. Adres wy\u017cej.<\/label><\/span><div style=\"clear:both\"><\/div><\/div><\/li>\n<li class=\"vfb-item vfb-item-checkbox    \" id=\"item-vfb-78\"><label class=\"vfb-desc\">  <span class=\"vfb-required-asterisk\">*<\/span><\/label><div><span class=\"vfb-span\"><input type=\"checkbox\" name=\"vfb-78[]\" id=\"vfb-78-0\" value=\"Zobowi\u0105zuj\u0119 si\u0119 nie przekazywa\u0107 tego pliku podmiotom trzecim, kt\u00f3re winny go pobra\u0107 od Zgromadzenia.\" class=\"vfb-checkbox  required  fJust\" \/><label for=\"vfb-78-0\" class=\"vfb-choice\">Zobowi\u0105zuj\u0119 si\u0119 nie przekazywa\u0107 tego pliku podmiotom trzecim, kt\u00f3re winny go pobra\u0107 od Zgromadzenia.<\/label><\/span><div style=\"clear:both\"><\/div><\/div><\/li>\n<li class=\"vfb-item vfb-item-checkbox    \" id=\"item-vfb-197\"><label class=\"vfb-desc\">  <span class=\"vfb-required-asterisk\">*<\/span><\/label><div><span class=\"vfb-span\"><input type=\"checkbox\" name=\"vfb-197[]\" id=\"vfb-197-0\" value=\"Wyra\u017cam zgod\u0119 na przechowywanie danych osobowych przez Zgromadzenie Si\u00f3str Matki Bo\u017cej Mi\u0142osierdzia tylko w celu dokumentacji szerzenia or\u0119dzia Mi\u0142osierdzia przez pobranie cyfrowego pliku \u0142askami s\u0142yn\u0105cego obrazu Jezusa Mi\u0142osiernego z Sanktuarium Bo\u017cego Mi\u0142osierdzia w Krakowie-\u0141agiewnikach.\" class=\"vfb-checkbox  required  fJust\" \/><label for=\"vfb-197-0\" class=\"vfb-choice\">Wyra\u017cam zgod\u0119 na przechowywanie danych osobowych przez Zgromadzenie Si\u00f3str Matki Bo\u017cej Mi\u0142osierdzia tylko w celu dokumentacji szerzenia or\u0119dzia Mi\u0142osierdzia przez pobranie cyfrowego pliku \u0142askami s\u0142yn\u0105cego obrazu Jezusa Mi\u0142osiernego z Sanktuarium Bo\u017cego Mi\u0142osierdzia w Krakowie-\u0141agiewnikach.<\/label><\/span><div style=\"clear:both\"><\/div><\/div><\/li>\n<input type=\"hidden\" name=\"vfb-86\" id=\"vfb-86\" value=\"4370\" class=\"vfb-text    \" \/><input type=\"hidden\" name=\"vfb-87\" id=\"vfb-87\" value=\"216.73.216.36\" class=\"vfb-text    \" \/><input type=\"hidden\" name=\"vfb-88\" id=\"vfb-88\" value=\"0\" class=\"vfb-text    \" \/><input type=\"hidden\" name=\"vfb-89\" id=\"vfb-89\" value=\"pl\" class=\"vfb-text    \" \/><li class=\"vfb-item vfb-item-text    \" id=\"item-vfb-226\"><label for=\"vfb-226\" class=\"vfb-desc\">URL <\/label><input type=\"text\" name=\"vfb-226\" id=\"vfb-226\" value=\"\" class=\"vfb-text  vfb-medium   \" \/><\/li>\n<\/ul>&nbsp;<\/fieldset><fieldset class=\"vfb-fieldset vfb-fieldset-2 weryfikacja  \" id=\"item-vfb-60\"><div class=\"vfb-legend\"><h3>Weryfikacja<\/h3><\/div><ul class=\"vfb-section vfb-section-2\"><li class=\"vfb-item vfb-item-secret\" ><label for=\"item-vfb-61\" class=\"vfb-desc\">Prosz\u0119 wprowadzi\u0107 dwie dowolne cyfry<\/label><input type=\"hidden\" name=\"_vfb-required-secret\" value=\"0\" \/><input type=\"hidden\" name=\"_vfb-secret\" value=\"vfb-61\" \/><span class=\"vfb-span\"><input type=\"text\" name=\"vfb-61\" id=\"item-vfb-61\" value=\"\" class=\"vfb-text  vfb-medium  {digits:true,maxlength:2,minlength:2} \" \/><label>Przyk\u0142ad: 12<\/label><\/span><li style=\"display:none;\"><label>To pole jest do ochrony przed spamem - <strong>prosz\u0119 zostawi\u0107 puste<\/strong><\/label><div><input name=\"vfb-spam\" \/><\/div><\/li><li class=\"vfb-item vfb-item-submit\" id=\"item-vfb-62\">\n\t\t\t\t\t<input type=\"submit\" name=\"vfb-submit\" id=\"vfb-62\" value=\"Wy\u015blij formularz\" class=\"vfb-submit \" \/>\n\t\t\t\t\t<\/li><\/ul>\n\t\t &nbsp;\n\t\t <\/fieldset><input type=\"hidden\" name=\"_wp_http_referer\" value=\"\/zmbm\/wp-json\/wp\/v2\/pages\/5598\" \/><\/form><\/div> <!-- .visual-form-builder-container -->\n<p>Wy\u015blij i czekaj na e-mail z kluczem do pobrania pliku, kt\u00f3ry b\u0119dzie wys\u0142any na podany w formularzu adres.<\/p>\n<p>Sprzeda\u017c, zam\u00f3wienia na obrazy olejne, komputerowo drukowane na p\u0142\u00f3tnie, banery i rollupy:<br \/>\ne-mail.: <a href=\"mailto:misericordia@faustyna.pl\">misericordia@faustyna.pl<\/a><br \/>\n<a href=\"http:\/\/www.misericordia.faustyna.pl\/\">www.misericordia.faustyna.pl<\/a><\/p>\n","protected":false},"excerpt":{"rendered":"<p>\u0141askami s\u0142yn\u0105cy obraz Jezusa Mi\u0142osiernego p\u0119dzla A. Hy\u0142y z Sanktuarium Bo\u017cego Mi\u0142osierdzia w Krakowie-\u0141agiewnikach. Na nim spe\u0142ni\u0142y si\u0119 s\u0142owa Jezusa wypowiedziane do \u015bw. Faustyny: Pragn\u0119, aby ten obraz czczono najpierw w kaplicy waszej i na ca\u0142ym \u015bwiecie (Dz. 47). Jest to najbardziej znany i czczony w \u015bwiecie obraz Jezusa Mi\u0142osiernego. 1. Plik obrazu Jezusa Mi\u0142osiernego [&hellip;]<\/p>\n","protected":false},"author":1,"featured_media":0,"parent":0,"menu_order":0,"comment_status":"closed","ping_status":"closed","template":"","meta":{"footnotes":""},"categories":[119],"tags":[],"class_list":["post-5598","page","type-page","status-publish","hentry","category-gigapixel"],"_links":{"self":[{"href":"https:\/\/www.faustyna.pl\/zmbm\/wp-json\/wp\/v2\/pages\/5598","targetHints":{"allow":["GET"]}}],"collection":[{"href":"https:\/\/www.faustyna.pl\/zmbm\/wp-json\/wp\/v2\/pages"}],"about":[{"href":"https:\/\/www.faustyna.pl\/zmbm\/wp-json\/wp\/v2\/types\/page"}],"author":[{"embeddable":true,"href":"https:\/\/www.faustyna.pl\/zmbm\/wp-json\/wp\/v2\/users\/1"}],"replies":[{"embeddable":true,"href":"https:\/\/www.faustyna.pl\/zmbm\/wp-json\/wp\/v2\/comments?post=5598"}],"version-history":[{"count":41,"href":"https:\/\/www.faustyna.pl\/zmbm\/wp-json\/wp\/v2\/pages\/5598\/revisions"}],"predecessor-version":[{"id":31165,"href":"https:\/\/www.faustyna.pl\/zmbm\/wp-json\/wp\/v2\/pages\/5598\/revisions\/31165"}],"wp:attachment":[{"href":"https:\/\/www.faustyna.pl\/zmbm\/wp-json\/wp\/v2\/media?parent=5598"}],"wp:term":[{"taxonomy":"category","embeddable":true,"href":"https:\/\/www.faustyna.pl\/zmbm\/wp-json\/wp\/v2\/categories?post=5598"},{"taxonomy":"post_tag","embeddable":true,"href":"https:\/\/www.faustyna.pl\/zmbm\/wp-json\/wp\/v2\/tags?post=5598"}],"curies":[{"name":"wp","href":"https:\/\/api.w.org\/{rel}","templated":true}]}}