



{"id":5630,"date":"2015-11-19T19:22:35","date_gmt":"2015-11-19T18:22:35","guid":{"rendered":"http:\/\/www.faustyna.pl\/zmbm\/?page_id=5630"},"modified":"2023-01-04T20:29:27","modified_gmt":"2023-01-04T19:29:27","slug":"potwierdzenie","status":"publish","type":"page","link":"https:\/\/www.faustyna.pl\/zmbm\/potwierdzenie\/","title":{"rendered":"Cudowny obraz Jezusa Mi\u0142osiernego &#8211; przyj\u0119cie zg\u0142oszenia"},"content":{"rendered":"<p><a href=\"https:\/\/www.faustyna.pl\/zmbm\/wp-content\/uploads\/2015\/11\/Obraz_Jezusa_Mi\u0142osiernego_RGB.jpg\" data-gallery><img loading=\"lazy\" decoding=\"async\" class=\"size-full wp-image-5693 alignright\" src=\"https:\/\/www.faustyna.pl\/zmbm\/wp-content\/uploads\/2015\/11\/Obraz_Jezusa_Mi\u0142osiernego_RGB.jpg\" alt=\"Obraz_Jezusa_Mi\u0142osiernego_RGB\" width=\"150\" height=\"354\" srcset=\"https:\/\/www.faustyna.pl\/zmbm\/wp-content\/uploads\/2015\/11\/Obraz_Jezusa_Mi\u0142osiernego_RGB.jpg 150w, https:\/\/www.faustyna.pl\/zmbm\/wp-content\/uploads\/2015\/11\/Obraz_Jezusa_Mi\u0142osiernego_RGB-59x140.jpg 59w, https:\/\/www.faustyna.pl\/zmbm\/wp-content\/uploads\/2015\/11\/Obraz_Jezusa_Mi\u0142osiernego_RGB-85x200.jpg 85w\" sizes=\"auto, (max-width: 150px) 100vw, 150px\" \/><\/a><strong><span style=\"color: #800000;\">Zg\u0142oszenie zosta\u0142o przyj\u0119te<\/span><\/strong><br \/>\n<strong><span style=\"color: #800000;\"> i jest w trakcie weryfikacji.<\/span><\/strong><br \/>\n<strong><span style=\"color: #800000;\"> Prosz\u0119 czeka\u0107 na email z linkiem do pobrania pliku.<\/span><\/strong><\/p>\n","protected":false},"excerpt":{"rendered":"<p>Zg\u0142oszenie zosta\u0142o przyj\u0119te i jest w trakcie weryfikacji. Prosz\u0119 czeka\u0107 na email z linkiem do pobrania pliku.<\/p>\n","protected":false},"author":1,"featured_media":0,"parent":0,"menu_order":0,"comment_status":"closed","ping_status":"closed","template":"","meta":{"footnotes":""},"categories":[119],"tags":[],"class_list":["post-5630","page","type-page","status-publish","hentry","category-gigapixel"],"_links":{"self":[{"href":"https:\/\/www.faustyna.pl\/zmbm\/wp-json\/wp\/v2\/pages\/5630","targetHints":{"allow":["GET"]}}],"collection":[{"href":"https:\/\/www.faustyna.pl\/zmbm\/wp-json\/wp\/v2\/pages"}],"about":[{"href":"https:\/\/www.faustyna.pl\/zmbm\/wp-json\/wp\/v2\/types\/page"}],"author":[{"embeddable":true,"href":"https:\/\/www.faustyna.pl\/zmbm\/wp-json\/wp\/v2\/users\/1"}],"replies":[{"embeddable":true,"href":"https:\/\/www.faustyna.pl\/zmbm\/wp-json\/wp\/v2\/comments?post=5630"}],"version-history":[{"count":10,"href":"https:\/\/www.faustyna.pl\/zmbm\/wp-json\/wp\/v2\/pages\/5630\/revisions"}],"predecessor-version":[{"id":5777,"href":"https:\/\/www.faustyna.pl\/zmbm\/wp-json\/wp\/v2\/pages\/5630\/revisions\/5777"}],"wp:attachment":[{"href":"https:\/\/www.faustyna.pl\/zmbm\/wp-json\/wp\/v2\/media?parent=5630"}],"wp:term":[{"taxonomy":"category","embeddable":true,"href":"https:\/\/www.faustyna.pl\/zmbm\/wp-json\/wp\/v2\/categories?post=5630"},{"taxonomy":"post_tag","embeddable":true,"href":"https:\/\/www.faustyna.pl\/zmbm\/wp-json\/wp\/v2\/tags?post=5630"}],"curies":[{"name":"wp","href":"https:\/\/api.w.org\/{rel}","templated":true}]}}