



{"id":6407,"date":"2016-02-25T18:40:30","date_gmt":"2016-02-25T18:40:30","guid":{"rendered":"http:\/\/www.faustyna.pl\/zmbm\/?page_id=6407"},"modified":"2016-02-25T22:57:47","modified_gmt":"2016-02-25T21:57:47","slug":"dzienniczek-9-26","status":"publish","type":"page","link":"https:\/\/www.faustyna.pl\/zmbm\/dzienniczek-9-26\/","title":{"rendered":"Dzienniczek \u2013 9:26"},"content":{"rendered":"<div align=\"right\"><span style=\"font-style: italic;\">Aby sprawi\u0107 rado\u015b\u0107 Jezusowi i ludziom,<br \/>\nprezentowa\u0107 tutaj b\u0119dziemy takie pozycje multimedialne,<br \/>\nkt\u00f3re powsta\u0142y w Zgromadzeniu Si\u00f3str Matki Bo\u017cej Mi\u0142osierdzia<br \/>\nlub przy udziale si\u00f3str tego Zgromadzenia.<\/span><\/div>\n<p>&nbsp;<\/p>\n<p><iframe loading=\"lazy\" width=\"560\" height=\"315\" src=\"https:\/\/www.youtube.com\/embed\/qp66qt9fX9s?list=PL4A301EA46C72FDF2\" frameborder=\"0\" allowfullscreen><\/iframe><\/p>\n","protected":false},"excerpt":{"rendered":"<p>Aby sprawi\u0107 rado\u015b\u0107 Jezusowi i ludziom, prezentowa\u0107 tutaj b\u0119dziemy takie pozycje multimedialne, kt\u00f3re powsta\u0142y w Zgromadzeniu Si\u00f3str Matki Bo\u017cej Mi\u0142osierdzia lub przy udziale si\u00f3str tego Zgromadzenia. &nbsp;<\/p>\n","protected":false},"author":1,"featured_media":0,"parent":0,"menu_order":0,"comment_status":"closed","ping_status":"closed","template":"","meta":{"footnotes":""},"categories":[30791],"tags":[],"class_list":["post-6407","page","type-page","status-publish","hentry","category-zycie-sw-siostry-faustyny"],"_links":{"self":[{"href":"https:\/\/www.faustyna.pl\/zmbm\/wp-json\/wp\/v2\/pages\/6407","targetHints":{"allow":["GET"]}}],"collection":[{"href":"https:\/\/www.faustyna.pl\/zmbm\/wp-json\/wp\/v2\/pages"}],"about":[{"href":"https:\/\/www.faustyna.pl\/zmbm\/wp-json\/wp\/v2\/types\/page"}],"author":[{"embeddable":true,"href":"https:\/\/www.faustyna.pl\/zmbm\/wp-json\/wp\/v2\/users\/1"}],"replies":[{"embeddable":true,"href":"https:\/\/www.faustyna.pl\/zmbm\/wp-json\/wp\/v2\/comments?post=6407"}],"version-history":[{"count":3,"href":"https:\/\/www.faustyna.pl\/zmbm\/wp-json\/wp\/v2\/pages\/6407\/revisions"}],"predecessor-version":[{"id":6446,"href":"https:\/\/www.faustyna.pl\/zmbm\/wp-json\/wp\/v2\/pages\/6407\/revisions\/6446"}],"wp:attachment":[{"href":"https:\/\/www.faustyna.pl\/zmbm\/wp-json\/wp\/v2\/media?parent=6407"}],"wp:term":[{"taxonomy":"category","embeddable":true,"href":"https:\/\/www.faustyna.pl\/zmbm\/wp-json\/wp\/v2\/categories?post=6407"},{"taxonomy":"post_tag","embeddable":true,"href":"https:\/\/www.faustyna.pl\/zmbm\/wp-json\/wp\/v2\/tags?post=6407"}],"curies":[{"name":"wp","href":"https:\/\/api.w.org\/{rel}","templated":true}]}}