



{"id":6409,"date":"2016-02-25T18:40:53","date_gmt":"2016-02-25T18:40:53","guid":{"rendered":"http:\/\/www.faustyna.pl\/zmbm\/?page_id=6409"},"modified":"2016-02-25T23:08:01","modified_gmt":"2016-02-25T22:08:01","slug":"nowe-zgromadzenie-apostolski-ruch-bozego-milosierdzia-9-12","status":"publish","type":"page","link":"https:\/\/www.faustyna.pl\/zmbm\/nowe-zgromadzenie-apostolski-ruch-bozego-milosierdzia-9-12\/","title":{"rendered":"Nowe Zgromadzenie \u2013 Apostolski Ruch Bo\u017cego Mi\u0142osierdzia \u2013 9:12"},"content":{"rendered":"<div align=\"right\"><span style=\"font-style: italic;\">Aby sprawi\u0107 rado\u015b\u0107 Jezusowi i ludziom,<br \/>\nprezentowa\u0107 tutaj b\u0119dziemy takie pozycje multimedialne,<br \/>\nkt\u00f3re powsta\u0142y w Zgromadzeniu Si\u00f3str Matki Bo\u017cej Mi\u0142osierdzia<br \/>\nlub przy udziale si\u00f3str tego Zgromadzenia.<\/span><\/div>\n<p>&nbsp;<\/p>\n<p><iframe loading=\"lazy\" width=\"560\" height=\"315\" src=\"https:\/\/www.youtube.com\/embed\/H9rQmFaSgms?list=PL4A301EA46C72FDF2\" frameborder=\"0\" allowfullscreen><\/iframe><\/p>\n","protected":false},"excerpt":{"rendered":"<p>Aby sprawi\u0107 rado\u015b\u0107 Jezusowi i ludziom, prezentowa\u0107 tutaj b\u0119dziemy takie pozycje multimedialne, kt\u00f3re powsta\u0142y w Zgromadzeniu Si\u00f3str Matki Bo\u017cej Mi\u0142osierdzia lub przy udziale si\u00f3str tego Zgromadzenia. &nbsp;<\/p>\n","protected":false},"author":1,"featured_media":0,"parent":0,"menu_order":0,"comment_status":"closed","ping_status":"closed","template":"","meta":{"footnotes":""},"categories":[30791],"tags":[],"class_list":["post-6409","page","type-page","status-publish","hentry","category-zycie-sw-siostry-faustyny"],"_links":{"self":[{"href":"https:\/\/www.faustyna.pl\/zmbm\/wp-json\/wp\/v2\/pages\/6409","targetHints":{"allow":["GET"]}}],"collection":[{"href":"https:\/\/www.faustyna.pl\/zmbm\/wp-json\/wp\/v2\/pages"}],"about":[{"href":"https:\/\/www.faustyna.pl\/zmbm\/wp-json\/wp\/v2\/types\/page"}],"author":[{"embeddable":true,"href":"https:\/\/www.faustyna.pl\/zmbm\/wp-json\/wp\/v2\/users\/1"}],"replies":[{"embeddable":true,"href":"https:\/\/www.faustyna.pl\/zmbm\/wp-json\/wp\/v2\/comments?post=6409"}],"version-history":[{"count":2,"href":"https:\/\/www.faustyna.pl\/zmbm\/wp-json\/wp\/v2\/pages\/6409\/revisions"}],"predecessor-version":[{"id":6459,"href":"https:\/\/www.faustyna.pl\/zmbm\/wp-json\/wp\/v2\/pages\/6409\/revisions\/6459"}],"wp:attachment":[{"href":"https:\/\/www.faustyna.pl\/zmbm\/wp-json\/wp\/v2\/media?parent=6409"}],"wp:term":[{"taxonomy":"category","embeddable":true,"href":"https:\/\/www.faustyna.pl\/zmbm\/wp-json\/wp\/v2\/categories?post=6409"},{"taxonomy":"post_tag","embeddable":true,"href":"https:\/\/www.faustyna.pl\/zmbm\/wp-json\/wp\/v2\/tags?post=6409"}],"curies":[{"name":"wp","href":"https:\/\/api.w.org\/{rel}","templated":true}]}}