



{"id":6433,"date":"2016-02-25T18:52:00","date_gmt":"2016-02-25T18:52:00","guid":{"rendered":"http:\/\/www.faustyna.pl\/zmbm\/?page_id=6433"},"modified":"2016-02-25T23:04:51","modified_gmt":"2016-02-25T22:04:51","slug":"na-sluzbie-w-aleksandrowie-lodzkim-i-lodzi-8-25","status":"publish","type":"page","link":"https:\/\/www.faustyna.pl\/zmbm\/na-sluzbie-w-aleksandrowie-lodzkim-i-lodzi-8-25\/","title":{"rendered":"Na s\u0142u\u017cbie w Aleksandrowie \u0141\u00f3dzkim i \u0141odzi \u2013&nbsp;8:25"},"content":{"rendered":"<div align=\"right\">\n<span style=\"font-style: italic\">Aby sprawi\u0107 rado\u015b\u0107 Jezusowi i ludziom,<br \/>\nprezentowa\u0107 tutaj b\u0119dziemy takie pozycje multimedialne, <br \/>\nkt&oacute;re powsta\u0142y w Zgromadzeniu Si&oacute;str Matki Bo\u017cej Mi\u0142osierdzia<br \/>\nlub przy udziale si&oacute;str tego Zgromadzenia.<\/span>\n<\/div>\n<p>&nbsp;<\/p>\n<p><iframe loading=\"lazy\" width=\"560\" height=\"315\" src=\"https:\/\/www.youtube.com\/embed\/FpAbskF5ajs?list=PL4A301EA46C72FDF2\" frameborder=\"0\" allowfullscreen><\/iframe><\/p>\n","protected":false},"excerpt":{"rendered":"<p>Aby sprawi\u0107 rado\u015b\u0107 Jezusowi i ludziom, prezentowa\u0107 tutaj b\u0119dziemy takie pozycje multimedialne, kt&oacute;re powsta\u0142y w Zgromadzeniu Si&oacute;str Matki Bo\u017cej Mi\u0142osierdzia lub przy udziale si&oacute;str tego Zgromadzenia. &nbsp;<\/p>\n","protected":false},"author":1,"featured_media":0,"parent":0,"menu_order":0,"comment_status":"closed","ping_status":"closed","template":"","meta":{"footnotes":""},"categories":[30791],"tags":[],"class_list":["post-6433","page","type-page","status-publish","hentry","category-zycie-sw-siostry-faustyny"],"_links":{"self":[{"href":"https:\/\/www.faustyna.pl\/zmbm\/wp-json\/wp\/v2\/pages\/6433","targetHints":{"allow":["GET"]}}],"collection":[{"href":"https:\/\/www.faustyna.pl\/zmbm\/wp-json\/wp\/v2\/pages"}],"about":[{"href":"https:\/\/www.faustyna.pl\/zmbm\/wp-json\/wp\/v2\/types\/page"}],"author":[{"embeddable":true,"href":"https:\/\/www.faustyna.pl\/zmbm\/wp-json\/wp\/v2\/users\/1"}],"replies":[{"embeddable":true,"href":"https:\/\/www.faustyna.pl\/zmbm\/wp-json\/wp\/v2\/comments?post=6433"}],"version-history":[{"count":1,"href":"https:\/\/www.faustyna.pl\/zmbm\/wp-json\/wp\/v2\/pages\/6433\/revisions"}],"predecessor-version":[{"id":6452,"href":"https:\/\/www.faustyna.pl\/zmbm\/wp-json\/wp\/v2\/pages\/6433\/revisions\/6452"}],"wp:attachment":[{"href":"https:\/\/www.faustyna.pl\/zmbm\/wp-json\/wp\/v2\/media?parent=6433"}],"wp:term":[{"taxonomy":"category","embeddable":true,"href":"https:\/\/www.faustyna.pl\/zmbm\/wp-json\/wp\/v2\/categories?post=6433"},{"taxonomy":"post_tag","embeddable":true,"href":"https:\/\/www.faustyna.pl\/zmbm\/wp-json\/wp\/v2\/tags?post=6433"}],"curies":[{"name":"wp","href":"https:\/\/api.w.org\/{rel}","templated":true}]}}