



{"id":6435,"date":"2016-02-25T18:52:16","date_gmt":"2016-02-25T18:52:16","guid":{"rendered":"http:\/\/www.faustyna.pl\/zmbm\/?page_id=6435"},"modified":"2016-02-25T23:03:25","modified_gmt":"2016-02-25T22:03:25","slug":"rodzinna-parafia-w-swinicach-warckich-10-09","status":"publish","type":"page","link":"https:\/\/www.faustyna.pl\/zmbm\/rodzinna-parafia-w-swinicach-warckich-10-09\/","title":{"rendered":"Rodzinna parafia w&nbsp;\u015awinicach Warckich \u2013 10:09"},"content":{"rendered":"<div align=\"right\">\n<span style=\"font-style: italic\">Aby sprawi\u0107 rado\u015b\u0107 Jezusowi i ludziom,<br \/>\nprezentowa\u0107 tutaj b\u0119dziemy takie pozycje multimedialne, <br \/>\nkt&oacute;re powsta\u0142y w Zgromadzeniu Si&oacute;str Matki Bo\u017cej Mi\u0142osierdzia<br \/>\nlub przy udziale si&oacute;str tego Zgromadzenia.<\/span>\n<\/div>\n<p>&nbsp;<\/p>\n<p><iframe loading=\"lazy\" width=\"560\" height=\"315\" src=\"https:\/\/www.youtube.com\/embed\/q8fl6vw9g68?list=PL4A301EA46C72FDF2\" frameborder=\"0\" allowfullscreen><\/iframe><\/p>\n","protected":false},"excerpt":{"rendered":"<p>Aby sprawi\u0107 rado\u015b\u0107 Jezusowi i ludziom, prezentowa\u0107 tutaj b\u0119dziemy takie pozycje multimedialne, kt&oacute;re powsta\u0142y w Zgromadzeniu Si&oacute;str Matki Bo\u017cej Mi\u0142osierdzia lub przy udziale si&oacute;str tego Zgromadzenia. &nbsp;<\/p>\n","protected":false},"author":1,"featured_media":0,"parent":0,"menu_order":0,"comment_status":"closed","ping_status":"closed","template":"","meta":{"footnotes":""},"categories":[30791],"tags":[],"class_list":["post-6435","page","type-page","status-publish","hentry","category-zycie-sw-siostry-faustyny"],"_links":{"self":[{"href":"https:\/\/www.faustyna.pl\/zmbm\/wp-json\/wp\/v2\/pages\/6435","targetHints":{"allow":["GET"]}}],"collection":[{"href":"https:\/\/www.faustyna.pl\/zmbm\/wp-json\/wp\/v2\/pages"}],"about":[{"href":"https:\/\/www.faustyna.pl\/zmbm\/wp-json\/wp\/v2\/types\/page"}],"author":[{"embeddable":true,"href":"https:\/\/www.faustyna.pl\/zmbm\/wp-json\/wp\/v2\/users\/1"}],"replies":[{"embeddable":true,"href":"https:\/\/www.faustyna.pl\/zmbm\/wp-json\/wp\/v2\/comments?post=6435"}],"version-history":[{"count":1,"href":"https:\/\/www.faustyna.pl\/zmbm\/wp-json\/wp\/v2\/pages\/6435\/revisions"}],"predecessor-version":[{"id":6450,"href":"https:\/\/www.faustyna.pl\/zmbm\/wp-json\/wp\/v2\/pages\/6435\/revisions\/6450"}],"wp:attachment":[{"href":"https:\/\/www.faustyna.pl\/zmbm\/wp-json\/wp\/v2\/media?parent=6435"}],"wp:term":[{"taxonomy":"category","embeddable":true,"href":"https:\/\/www.faustyna.pl\/zmbm\/wp-json\/wp\/v2\/categories?post=6435"},{"taxonomy":"post_tag","embeddable":true,"href":"https:\/\/www.faustyna.pl\/zmbm\/wp-json\/wp\/v2\/tags?post=6435"}],"curies":[{"name":"wp","href":"https:\/\/api.w.org\/{rel}","templated":true}]}}