



{"id":6466,"date":"2016-02-25T23:13:25","date_gmt":"2016-02-25T23:13:25","guid":{"rendered":"http:\/\/www.faustyna.pl\/zmbm\/?page_id=6466"},"modified":"2016-02-25T23:20:52","modified_gmt":"2016-02-25T22:20:52","slug":"2-obraz-milosierdzia-9-30","status":"publish","type":"page","link":"https:\/\/www.faustyna.pl\/zmbm\/2-obraz-milosierdzia-9-30\/","title":{"rendered":"2. Obraz Mi\u0142osierdzia &#8211; 9:30"},"content":{"rendered":"<div align=\"right\">\n<span style=\"font-style: italic\">Aby sprawi\u0107 rado\u015b\u0107 Jezusowi i ludziom,<br \/>\nprezentowa\u0107 tutaj b\u0119dziemy takie pozycje multimedialne, <br \/>\nkt&oacute;re powsta\u0142y w Zgromadzeniu Si&oacute;str Matki Bo\u017cej Mi\u0142osierdzia<br \/>\nlub przy udziale si&oacute;str tego Zgromadzenia.<\/span>\n<\/div>\n<p>&nbsp;<\/p>\n<p><iframe loading=\"lazy\" width=\"560\" height=\"315\" src=\"https:\/\/www.youtube.com\/embed\/unJ5DuJ81ZY?list=PLWF68e-lrJNEYNYYyTSw7J7EDSKXkwpfs\" frameborder=\"0\" allowfullscreen><\/iframe><\/p>\n","protected":false},"excerpt":{"rendered":"<p>Aby sprawi\u0107 rado\u015b\u0107 Jezusowi i ludziom, prezentowa\u0107 tutaj b\u0119dziemy takie pozycje multimedialne, kt&oacute;re powsta\u0142y w Zgromadzeniu Si&oacute;str Matki Bo\u017cej Mi\u0142osierdzia lub przy udziale si&oacute;str tego Zgromadzenia. &nbsp;<\/p>\n","protected":false},"author":1,"featured_media":0,"parent":0,"menu_order":0,"comment_status":"closed","ping_status":"closed","template":"","meta":{"footnotes":""},"categories":[30794],"tags":[],"class_list":["post-6466","page","type-page","status-publish","hentry","category-prorocka-misja-swietej-faustyny"],"_links":{"self":[{"href":"https:\/\/www.faustyna.pl\/zmbm\/wp-json\/wp\/v2\/pages\/6466","targetHints":{"allow":["GET"]}}],"collection":[{"href":"https:\/\/www.faustyna.pl\/zmbm\/wp-json\/wp\/v2\/pages"}],"about":[{"href":"https:\/\/www.faustyna.pl\/zmbm\/wp-json\/wp\/v2\/types\/page"}],"author":[{"embeddable":true,"href":"https:\/\/www.faustyna.pl\/zmbm\/wp-json\/wp\/v2\/users\/1"}],"replies":[{"embeddable":true,"href":"https:\/\/www.faustyna.pl\/zmbm\/wp-json\/wp\/v2\/comments?post=6466"}],"version-history":[{"count":1,"href":"https:\/\/www.faustyna.pl\/zmbm\/wp-json\/wp\/v2\/pages\/6466\/revisions"}],"predecessor-version":[{"id":6488,"href":"https:\/\/www.faustyna.pl\/zmbm\/wp-json\/wp\/v2\/pages\/6466\/revisions\/6488"}],"wp:attachment":[{"href":"https:\/\/www.faustyna.pl\/zmbm\/wp-json\/wp\/v2\/media?parent=6466"}],"wp:term":[{"taxonomy":"category","embeddable":true,"href":"https:\/\/www.faustyna.pl\/zmbm\/wp-json\/wp\/v2\/categories?post=6466"},{"taxonomy":"post_tag","embeddable":true,"href":"https:\/\/www.faustyna.pl\/zmbm\/wp-json\/wp\/v2\/tags?post=6466"}],"curies":[{"name":"wp","href":"https:\/\/api.w.org\/{rel}","templated":true}]}}