



{"id":6507,"date":"2016-02-25T23:34:25","date_gmt":"2016-02-25T23:34:25","guid":{"rendered":"http:\/\/www.faustyna.pl\/zmbm\/?page_id=6507"},"modified":"2018-12-07T21:01:18","modified_gmt":"2018-12-07T20:01:18","slug":"1-szkola-duchowosci-sw-siostry-faustyny-9-50","status":"publish","type":"page","link":"https:\/\/www.faustyna.pl\/zmbm\/1-szkola-duchowosci-sw-siostry-faustyny-9-50\/","title":{"rendered":"1. Szko\u0142a duchowo\u015bci \u015bw. Siostry Faustyny &#8211; 9:50"},"content":{"rendered":"<div align=\"right\"><span style=\"font-style: italic\">Aby sprawi\u0107 rado\u015b\u0107 Jezusowi i ludziom,<br \/>\nprezentowa\u0107 tutaj b\u0119dziemy takie pozycje multimedialne,<br \/>\nkt\u00f3re powsta\u0142y w Zgromadzeniu Si\u00f3str Matki Bo\u017cej Mi\u0142osierdzia<br \/>\nlub przy udziale si\u00f3str tego Zgromadzenia.<\/span><\/div>\n<p><iframe loading=\"lazy\" title=\"1. Szko\u0142a duchowo\u015bci \u015bw. Siostry Faustyny - ROZMOWY O MI\u0141OSIERDZIU - Styl \u017cycia \u015bw. Faustyny\" width=\"560\" height=\"420\" src=\"https:\/\/www.youtube.com\/embed\/kkio2GDoCYQ?feature=oembed\" frameborder=\"0\" allow=\"accelerometer; autoplay; clipboard-write; encrypted-media; gyroscope; picture-in-picture; web-share\" referrerpolicy=\"strict-origin-when-cross-origin\" allowfullscreen><\/iframe><\/p>\n","protected":false},"excerpt":{"rendered":"<p>Aby sprawi\u0107 rado\u015b\u0107 Jezusowi i ludziom, prezentowa\u0107 tutaj b\u0119dziemy takie pozycje multimedialne, kt\u00f3re powsta\u0142y w Zgromadzeniu Si\u00f3str Matki Bo\u017cej Mi\u0142osierdzia lub przy udziale si\u00f3str tego Zgromadzenia.<\/p>\n","protected":false},"author":1,"featured_media":0,"parent":0,"menu_order":0,"comment_status":"closed","ping_status":"closed","template":"","meta":{"footnotes":""},"categories":[30795],"tags":[],"class_list":["post-6507","page","type-page","status-publish","hentry","category-styl-zycia-w-szkole-sw-faustyny"],"_links":{"self":[{"href":"https:\/\/www.faustyna.pl\/zmbm\/wp-json\/wp\/v2\/pages\/6507","targetHints":{"allow":["GET"]}}],"collection":[{"href":"https:\/\/www.faustyna.pl\/zmbm\/wp-json\/wp\/v2\/pages"}],"about":[{"href":"https:\/\/www.faustyna.pl\/zmbm\/wp-json\/wp\/v2\/types\/page"}],"author":[{"embeddable":true,"href":"https:\/\/www.faustyna.pl\/zmbm\/wp-json\/wp\/v2\/users\/1"}],"replies":[{"embeddable":true,"href":"https:\/\/www.faustyna.pl\/zmbm\/wp-json\/wp\/v2\/comments?post=6507"}],"version-history":[{"count":4,"href":"https:\/\/www.faustyna.pl\/zmbm\/wp-json\/wp\/v2\/pages\/6507\/revisions"}],"predecessor-version":[{"id":14296,"href":"https:\/\/www.faustyna.pl\/zmbm\/wp-json\/wp\/v2\/pages\/6507\/revisions\/14296"}],"wp:attachment":[{"href":"https:\/\/www.faustyna.pl\/zmbm\/wp-json\/wp\/v2\/media?parent=6507"}],"wp:term":[{"taxonomy":"category","embeddable":true,"href":"https:\/\/www.faustyna.pl\/zmbm\/wp-json\/wp\/v2\/categories?post=6507"},{"taxonomy":"post_tag","embeddable":true,"href":"https:\/\/www.faustyna.pl\/zmbm\/wp-json\/wp\/v2\/tags?post=6507"}],"curies":[{"name":"wp","href":"https:\/\/api.w.org\/{rel}","templated":true}]}}