



{"id":6526,"date":"2016-02-25T23:43:05","date_gmt":"2016-02-25T23:43:05","guid":{"rendered":"http:\/\/www.faustyna.pl\/zmbm\/?page_id=6526"},"modified":"2018-12-07T21:04:53","modified_gmt":"2018-12-07T20:04:53","slug":"10-misja-zgromadzenia-siostr-matki-bozej-milosierdzia-w-sanktuarium-9-21","status":"publish","type":"page","link":"https:\/\/www.faustyna.pl\/zmbm\/10-misja-zgromadzenia-siostr-matki-bozej-milosierdzia-w-sanktuarium-9-21\/","title":{"rendered":"10. Misja Zgromadzenia Si\u00f3str Matki Bo\u017cej Mi\u0142osierdzia w&nbsp;Sanktuarium &#8211; 9:21"},"content":{"rendered":"<div align=\"right\"><span style=\"font-style: italic\">Aby sprawi\u0107 rado\u015b\u0107 Jezusowi i ludziom,<br \/>\nprezentowa\u0107 tutaj b\u0119dziemy takie pozycje multimedialne,<br \/>\nkt\u00f3re powsta\u0142y w Zgromadzeniu Si\u00f3str Matki Bo\u017cej Mi\u0142osierdzia<br \/>\nlub przy udziale si\u00f3str tego Zgromadzenia.<\/span><\/div>\n<p><iframe loading=\"lazy\" title=\"10. Misja Zgromadzenia Si\u00f3str Matki Bo\u017cej Mi\u0142osierdzia w Sanktuarium - ROZMOWY O MI\u0141OSIERDZIU\" width=\"560\" height=\"420\" src=\"https:\/\/www.youtube.com\/embed\/xD6aKWOlpNA?feature=oembed\" frameborder=\"0\" allow=\"accelerometer; autoplay; clipboard-write; encrypted-media; gyroscope; picture-in-picture; web-share\" referrerpolicy=\"strict-origin-when-cross-origin\" allowfullscreen><\/iframe><\/p>\n","protected":false},"excerpt":{"rendered":"<p>Aby sprawi\u0107 rado\u015b\u0107 Jezusowi i ludziom, prezentowa\u0107 tutaj b\u0119dziemy takie pozycje multimedialne, kt\u00f3re powsta\u0142y w Zgromadzeniu Si\u00f3str Matki Bo\u017cej Mi\u0142osierdzia lub przy udziale si\u00f3str tego Zgromadzenia.<\/p>\n","protected":false},"author":1,"featured_media":0,"parent":0,"menu_order":0,"comment_status":"closed","ping_status":"closed","template":"","meta":{"footnotes":""},"categories":[30796],"tags":[],"class_list":["post-6526","page","type-page","status-publish","hentry","category-spacery-po-sanktuarium-w-krakowie-lagiewnikach"],"_links":{"self":[{"href":"https:\/\/www.faustyna.pl\/zmbm\/wp-json\/wp\/v2\/pages\/6526","targetHints":{"allow":["GET"]}}],"collection":[{"href":"https:\/\/www.faustyna.pl\/zmbm\/wp-json\/wp\/v2\/pages"}],"about":[{"href":"https:\/\/www.faustyna.pl\/zmbm\/wp-json\/wp\/v2\/types\/page"}],"author":[{"embeddable":true,"href":"https:\/\/www.faustyna.pl\/zmbm\/wp-json\/wp\/v2\/users\/1"}],"replies":[{"embeddable":true,"href":"https:\/\/www.faustyna.pl\/zmbm\/wp-json\/wp\/v2\/comments?post=6526"}],"version-history":[{"count":4,"href":"https:\/\/www.faustyna.pl\/zmbm\/wp-json\/wp\/v2\/pages\/6526\/revisions"}],"predecessor-version":[{"id":14299,"href":"https:\/\/www.faustyna.pl\/zmbm\/wp-json\/wp\/v2\/pages\/6526\/revisions\/14299"}],"wp:attachment":[{"href":"https:\/\/www.faustyna.pl\/zmbm\/wp-json\/wp\/v2\/media?parent=6526"}],"wp:term":[{"taxonomy":"category","embeddable":true,"href":"https:\/\/www.faustyna.pl\/zmbm\/wp-json\/wp\/v2\/categories?post=6526"},{"taxonomy":"post_tag","embeddable":true,"href":"https:\/\/www.faustyna.pl\/zmbm\/wp-json\/wp\/v2\/tags?post=6526"}],"curies":[{"name":"wp","href":"https:\/\/api.w.org\/{rel}","templated":true}]}}