



{"id":6532,"date":"2016-02-25T23:43:50","date_gmt":"2016-02-25T23:43:50","guid":{"rendered":"http:\/\/www.faustyna.pl\/zmbm\/?page_id=6532"},"modified":"2016-02-25T23:48:38","modified_gmt":"2016-02-25T22:48:38","slug":"4-pozostale-kaplice-i-oratorium-w-klasztorze-9-42","status":"publish","type":"page","link":"https:\/\/www.faustyna.pl\/zmbm\/4-pozostale-kaplice-i-oratorium-w-klasztorze-9-42\/","title":{"rendered":"4. Pozosta\u0142e kaplice i oratorium w&nbsp;klasztorze &#8211; 9:42"},"content":{"rendered":"<div align=\"right\">\n<span style=\"font-style: italic\">Aby sprawi\u0107 rado\u015b\u0107 Jezusowi i ludziom,<br \/>\nprezentowa\u0107 tutaj b\u0119dziemy takie pozycje multimedialne, <br \/>\nkt&oacute;re powsta\u0142y w Zgromadzeniu Si&oacute;str Matki Bo\u017cej Mi\u0142osierdzia<br \/>\nlub przy udziale si&oacute;str tego Zgromadzenia.<\/span>\n<\/div>\n<p>&nbsp;<\/p>\n<p><iframe loading=\"lazy\" width=\"470\" height=\"353\" src=\"https:\/\/www.youtube.com\/embed\/O7UdG2Yy8aY?rel=0\" frameborder=\"0\" allowfullscreen><\/iframe><\/p>\n","protected":false},"excerpt":{"rendered":"<p>Aby sprawi\u0107 rado\u015b\u0107 Jezusowi i ludziom, prezentowa\u0107 tutaj b\u0119dziemy takie pozycje multimedialne, kt&oacute;re powsta\u0142y w Zgromadzeniu Si&oacute;str Matki Bo\u017cej Mi\u0142osierdzia lub przy udziale si&oacute;str tego Zgromadzenia. &nbsp;<\/p>\n","protected":false},"author":1,"featured_media":0,"parent":0,"menu_order":0,"comment_status":"closed","ping_status":"closed","template":"","meta":{"footnotes":""},"categories":[30796],"tags":[],"class_list":["post-6532","page","type-page","status-publish","hentry","category-spacery-po-sanktuarium-w-krakowie-lagiewnikach"],"_links":{"self":[{"href":"https:\/\/www.faustyna.pl\/zmbm\/wp-json\/wp\/v2\/pages\/6532","targetHints":{"allow":["GET"]}}],"collection":[{"href":"https:\/\/www.faustyna.pl\/zmbm\/wp-json\/wp\/v2\/pages"}],"about":[{"href":"https:\/\/www.faustyna.pl\/zmbm\/wp-json\/wp\/v2\/types\/page"}],"author":[{"embeddable":true,"href":"https:\/\/www.faustyna.pl\/zmbm\/wp-json\/wp\/v2\/users\/1"}],"replies":[{"embeddable":true,"href":"https:\/\/www.faustyna.pl\/zmbm\/wp-json\/wp\/v2\/comments?post=6532"}],"version-history":[{"count":1,"href":"https:\/\/www.faustyna.pl\/zmbm\/wp-json\/wp\/v2\/pages\/6532\/revisions"}],"predecessor-version":[{"id":6554,"href":"https:\/\/www.faustyna.pl\/zmbm\/wp-json\/wp\/v2\/pages\/6532\/revisions\/6554"}],"wp:attachment":[{"href":"https:\/\/www.faustyna.pl\/zmbm\/wp-json\/wp\/v2\/media?parent=6532"}],"wp:term":[{"taxonomy":"category","embeddable":true,"href":"https:\/\/www.faustyna.pl\/zmbm\/wp-json\/wp\/v2\/categories?post=6532"},{"taxonomy":"post_tag","embeddable":true,"href":"https:\/\/www.faustyna.pl\/zmbm\/wp-json\/wp\/v2\/tags?post=6532"}],"curies":[{"name":"wp","href":"https:\/\/api.w.org\/{rel}","templated":true}]}}