



{"id":6596,"date":"2016-02-26T22:30:09","date_gmt":"2016-02-26T22:30:09","guid":{"rendered":"http:\/\/www.faustyna.pl\/zmbm\/?page_id=6596"},"modified":"2025-07-07T09:31:34","modified_gmt":"2025-07-07T07:31:34","slug":"lednica-2012-milosc-cie-znajdzie","status":"publish","type":"page","link":"https:\/\/www.faustyna.pl\/zmbm\/lednica-2012-milosc-cie-znajdzie\/","title":{"rendered":"Lednica 2012 &#8211; Mi\u0142o\u015b\u0107 Ci\u0119 znajdzie"},"content":{"rendered":"<p>&nbsp;<\/p>\n","protected":false},"excerpt":{"rendered":"<p>&nbsp;<\/p>\n","protected":false},"author":1,"featured_media":0,"parent":0,"menu_order":0,"comment_status":"closed","ping_status":"closed","template":"","meta":{"footnotes":""},"categories":[30798],"tags":[],"class_list":["post-6596","page","type-page","status-publish","hentry","category-siostry-zmbm-na-lednicy-2012"],"_links":{"self":[{"href":"https:\/\/www.faustyna.pl\/zmbm\/wp-json\/wp\/v2\/pages\/6596","targetHints":{"allow":["GET"]}}],"collection":[{"href":"https:\/\/www.faustyna.pl\/zmbm\/wp-json\/wp\/v2\/pages"}],"about":[{"href":"https:\/\/www.faustyna.pl\/zmbm\/wp-json\/wp\/v2\/types\/page"}],"author":[{"embeddable":true,"href":"https:\/\/www.faustyna.pl\/zmbm\/wp-json\/wp\/v2\/users\/1"}],"replies":[{"embeddable":true,"href":"https:\/\/www.faustyna.pl\/zmbm\/wp-json\/wp\/v2\/comments?post=6596"}],"version-history":[{"count":3,"href":"https:\/\/www.faustyna.pl\/zmbm\/wp-json\/wp\/v2\/pages\/6596\/revisions"}],"predecessor-version":[{"id":30962,"href":"https:\/\/www.faustyna.pl\/zmbm\/wp-json\/wp\/v2\/pages\/6596\/revisions\/30962"}],"wp:attachment":[{"href":"https:\/\/www.faustyna.pl\/zmbm\/wp-json\/wp\/v2\/media?parent=6596"}],"wp:term":[{"taxonomy":"category","embeddable":true,"href":"https:\/\/www.faustyna.pl\/zmbm\/wp-json\/wp\/v2\/categories?post=6596"},{"taxonomy":"post_tag","embeddable":true,"href":"https:\/\/www.faustyna.pl\/zmbm\/wp-json\/wp\/v2\/tags?post=6596"}],"curies":[{"name":"wp","href":"https:\/\/api.w.org\/{rel}","templated":true}]}}