



{"id":6602,"date":"2016-02-26T22:34:31","date_gmt":"2016-02-26T21:34:31","guid":{"rendered":"http:\/\/www.faustyna.pl\/zmbm\/?page_id=6602"},"modified":"2016-02-26T22:55:17","modified_gmt":"2016-02-26T21:55:17","slug":"7-piesn-o-jozefinku","status":"publish","type":"page","link":"https:\/\/www.faustyna.pl\/zmbm\/7-piesn-o-jozefinku\/","title":{"rendered":"7. Pie\u015b\u0144 o&nbsp;&#8222;J\u00f3zefinku&#8221;"},"content":{"rendered":"<p><iframe loading=\"lazy\" width=\"480\" height=\"360\" src=\"https:\/\/www.youtube.com\/embed\/pNEbMgrDoPk?rel=0\" frameborder=\"0\" allowfullscreen><\/iframe><\/p>\n","protected":false},"excerpt":{"rendered":"","protected":false},"author":1,"featured_media":0,"parent":0,"menu_order":0,"comment_status":"closed","ping_status":"closed","template":"","meta":{"footnotes":""},"categories":[30799],"tags":[],"class_list":["post-6602","page","type-page","status-publish","hentry","category-jubileusz-150-lat-zgromadzenia-multimedia"],"_links":{"self":[{"href":"https:\/\/www.faustyna.pl\/zmbm\/wp-json\/wp\/v2\/pages\/6602","targetHints":{"allow":["GET"]}}],"collection":[{"href":"https:\/\/www.faustyna.pl\/zmbm\/wp-json\/wp\/v2\/pages"}],"about":[{"href":"https:\/\/www.faustyna.pl\/zmbm\/wp-json\/wp\/v2\/types\/page"}],"author":[{"embeddable":true,"href":"https:\/\/www.faustyna.pl\/zmbm\/wp-json\/wp\/v2\/users\/1"}],"replies":[{"embeddable":true,"href":"https:\/\/www.faustyna.pl\/zmbm\/wp-json\/wp\/v2\/comments?post=6602"}],"version-history":[{"count":1,"href":"https:\/\/www.faustyna.pl\/zmbm\/wp-json\/wp\/v2\/pages\/6602\/revisions"}],"predecessor-version":[{"id":6639,"href":"https:\/\/www.faustyna.pl\/zmbm\/wp-json\/wp\/v2\/pages\/6602\/revisions\/6639"}],"wp:attachment":[{"href":"https:\/\/www.faustyna.pl\/zmbm\/wp-json\/wp\/v2\/media?parent=6602"}],"wp:term":[{"taxonomy":"category","embeddable":true,"href":"https:\/\/www.faustyna.pl\/zmbm\/wp-json\/wp\/v2\/categories?post=6602"},{"taxonomy":"post_tag","embeddable":true,"href":"https:\/\/www.faustyna.pl\/zmbm\/wp-json\/wp\/v2\/tags?post=6602"}],"curies":[{"name":"wp","href":"https:\/\/api.w.org\/{rel}","templated":true}]}}