



{"id":6608,"date":"2016-02-26T22:40:36","date_gmt":"2016-02-26T21:40:36","guid":{"rendered":"http:\/\/www.faustyna.pl\/zmbm\/?page_id=6608"},"modified":"2018-12-07T21:08:30","modified_gmt":"2018-12-07T20:08:30","slug":"1-homilia-abp-celestino-migliore-nuncjusza-apostolskiego-w-polsce","status":"publish","type":"page","link":"https:\/\/www.faustyna.pl\/zmbm\/1-homilia-abp-celestino-migliore-nuncjusza-apostolskiego-w-polsce\/","title":{"rendered":"1. Homilia abp Celestino Migliore nuncjusza apostolskiego w Polsce"},"content":{"rendered":"<div align=\"right\"><span style=\"font-style: italic\">Aby sprawi\u0107 rado\u015b\u0107 Jezusowi i ludziom,<br \/>\nprezentowa\u0107 tutaj b\u0119dziemy takie pozycje multimedialne,<br \/>\nkt\u00f3re powsta\u0142y w Zgromadzeniu Si\u00f3str Matki Bo\u017cej Mi\u0142osierdzia<br \/>\nlub przy udziale si\u00f3str tego Zgromadzenia.<\/span><\/div>\n<p><iframe loading=\"lazy\" title=\"Homilia abp Celestino Migliore nuncjusza apostolskiego w Polsce - Jubileusz - 150 lat Zgromadzenia\" width=\"560\" height=\"420\" src=\"https:\/\/www.youtube.com\/embed\/a5HN8J8_tcI?feature=oembed\" frameborder=\"0\" allow=\"accelerometer; autoplay; clipboard-write; encrypted-media; gyroscope; picture-in-picture; web-share\" referrerpolicy=\"strict-origin-when-cross-origin\" allowfullscreen><\/iframe><\/p>\n","protected":false},"excerpt":{"rendered":"<p>Aby sprawi\u0107 rado\u015b\u0107 Jezusowi i ludziom, prezentowa\u0107 tutaj b\u0119dziemy takie pozycje multimedialne, kt\u00f3re powsta\u0142y w Zgromadzeniu Si\u00f3str Matki Bo\u017cej Mi\u0142osierdzia lub przy udziale si\u00f3str tego Zgromadzenia.<\/p>\n","protected":false},"author":1,"featured_media":0,"parent":0,"menu_order":0,"comment_status":"closed","ping_status":"closed","template":"","meta":{"footnotes":""},"categories":[30799],"tags":[],"class_list":["post-6608","page","type-page","status-publish","hentry","category-jubileusz-150-lat-zgromadzenia-multimedia"],"_links":{"self":[{"href":"https:\/\/www.faustyna.pl\/zmbm\/wp-json\/wp\/v2\/pages\/6608","targetHints":{"allow":["GET"]}}],"collection":[{"href":"https:\/\/www.faustyna.pl\/zmbm\/wp-json\/wp\/v2\/pages"}],"about":[{"href":"https:\/\/www.faustyna.pl\/zmbm\/wp-json\/wp\/v2\/types\/page"}],"author":[{"embeddable":true,"href":"https:\/\/www.faustyna.pl\/zmbm\/wp-json\/wp\/v2\/users\/1"}],"replies":[{"embeddable":true,"href":"https:\/\/www.faustyna.pl\/zmbm\/wp-json\/wp\/v2\/comments?post=6608"}],"version-history":[{"count":5,"href":"https:\/\/www.faustyna.pl\/zmbm\/wp-json\/wp\/v2\/pages\/6608\/revisions"}],"predecessor-version":[{"id":14301,"href":"https:\/\/www.faustyna.pl\/zmbm\/wp-json\/wp\/v2\/pages\/6608\/revisions\/14301"}],"wp:attachment":[{"href":"https:\/\/www.faustyna.pl\/zmbm\/wp-json\/wp\/v2\/media?parent=6608"}],"wp:term":[{"taxonomy":"category","embeddable":true,"href":"https:\/\/www.faustyna.pl\/zmbm\/wp-json\/wp\/v2\/categories?post=6608"},{"taxonomy":"post_tag","embeddable":true,"href":"https:\/\/www.faustyna.pl\/zmbm\/wp-json\/wp\/v2\/tags?post=6608"}],"curies":[{"name":"wp","href":"https:\/\/api.w.org\/{rel}","templated":true}]}}