



{"id":738,"date":"2014-12-09T15:49:38","date_gmt":"2014-12-09T14:49:38","guid":{"rendered":"http:\/\/www.faustyna.pl\/zmbm\/?page_id=738"},"modified":"2021-07-09T09:50:05","modified_gmt":"2021-07-09T07:50:05","slug":"milosierdzie","status":"publish","type":"page","link":"https:\/\/www.faustyna.pl\/zmbm\/milosierdzie\/","title":{"rendered":"Mi\u0142osierdzie"},"content":{"rendered":"<p style=\"text-align: justify\">Mi\u0142osiern\u0105 mi\u0142o\u015b\u0107 Boga do cz\u0142owieka poznajemy tylko dzi\u0119ki Objawieniu. To B\u00f3g sam od pierwszych kart Pisma \u015awi\u0119tego opowiada o swoim mi\u0142osierdziu. W naszych czasach t\u0119 prawd\u0119 przypomina or\u0119dzie przekazane przez \u015bw. Siostr\u0119 Faustyn\u0119 i nauczanie papie\u017ca Jana Paw\u0142a II.<\/p>\n","protected":false},"excerpt":{"rendered":"<p>Mi\u0142osiern\u0105 mi\u0142o\u015b\u0107 Boga do cz\u0142owieka poznajemy tylko dzi\u0119ki Objawieniu. To B\u00f3g sam od pierwszych kart Pisma \u015awi\u0119tego opowiada o swoim mi\u0142osierdziu. W naszych czasach t\u0119 prawd\u0119 przypomina or\u0119dzie przekazane przez \u015bw. Siostr\u0119 Faustyn\u0119 i nauczanie papie\u017ca Jana Paw\u0142a II.<\/p>\n","protected":false},"author":1,"featured_media":21517,"parent":0,"menu_order":0,"comment_status":"closed","ping_status":"closed","template":"page_section_menu.php","meta":{"footnotes":""},"categories":[9],"tags":[],"class_list":["post-738","page","type-page","status-publish","has-post-thumbnail","hentry","category-milosierdzie"],"_links":{"self":[{"href":"https:\/\/www.faustyna.pl\/zmbm\/wp-json\/wp\/v2\/pages\/738","targetHints":{"allow":["GET"]}}],"collection":[{"href":"https:\/\/www.faustyna.pl\/zmbm\/wp-json\/wp\/v2\/pages"}],"about":[{"href":"https:\/\/www.faustyna.pl\/zmbm\/wp-json\/wp\/v2\/types\/page"}],"author":[{"embeddable":true,"href":"https:\/\/www.faustyna.pl\/zmbm\/wp-json\/wp\/v2\/users\/1"}],"replies":[{"embeddable":true,"href":"https:\/\/www.faustyna.pl\/zmbm\/wp-json\/wp\/v2\/comments?post=738"}],"version-history":[{"count":6,"href":"https:\/\/www.faustyna.pl\/zmbm\/wp-json\/wp\/v2\/pages\/738\/revisions"}],"predecessor-version":[{"id":4230,"href":"https:\/\/www.faustyna.pl\/zmbm\/wp-json\/wp\/v2\/pages\/738\/revisions\/4230"}],"wp:featuredmedia":[{"embeddable":true,"href":"https:\/\/www.faustyna.pl\/zmbm\/wp-json\/wp\/v2\/media\/21517"}],"wp:attachment":[{"href":"https:\/\/www.faustyna.pl\/zmbm\/wp-json\/wp\/v2\/media?parent=738"}],"wp:term":[{"taxonomy":"category","embeddable":true,"href":"https:\/\/www.faustyna.pl\/zmbm\/wp-json\/wp\/v2\/categories?post=738"},{"taxonomy":"post_tag","embeddable":true,"href":"https:\/\/www.faustyna.pl\/zmbm\/wp-json\/wp\/v2\/tags?post=738"}],"curies":[{"name":"wp","href":"https:\/\/api.w.org\/{rel}","templated":true}]}}