



{"id":803,"date":"2014-12-14T10:22:54","date_gmt":"2014-12-14T09:22:54","guid":{"rendered":"http:\/\/www.faustyna.pl\/zmbm\/?page_id=803"},"modified":"2023-03-08T13:49:28","modified_gmt":"2023-03-08T12:49:28","slug":"godzina-milosierdzia","status":"publish","type":"page","link":"https:\/\/www.faustyna.pl\/zmbm\/godzina-milosierdzia\/","title":{"rendered":"Godzina Mi\u0142osierdzia"},"content":{"rendered":"<p align=\"justify\"><a href=\"https:\/\/www.faustyna.pl\/zmbm\/wp-content\/uploads\/2014\/12\/Godzina-Milosierdzia.jpg\" data-gallery><img loading=\"lazy\" decoding=\"async\" class=\"size-medium wp-image-7679 alignnone\" src=\"https:\/\/www.faustyna.pl\/zmbm\/wp-content\/uploads\/2014\/12\/Godzina-Milosierdzia-560x333.jpg\" alt=\"Godzina Milosierdzia\" width=\"560\" height=\"333\" srcset=\"https:\/\/www.faustyna.pl\/zmbm\/wp-content\/uploads\/2014\/12\/Godzina-Milosierdzia-560x333.jpg 560w, https:\/\/www.faustyna.pl\/zmbm\/wp-content\/uploads\/2014\/12\/Godzina-Milosierdzia-140x83.jpg 140w, https:\/\/www.faustyna.pl\/zmbm\/wp-content\/uploads\/2014\/12\/Godzina-Milosierdzia.jpg 1024w\" sizes=\"auto, (max-width: 560px) 100vw, 560px\" \/><\/a><\/p>\n<p align=\"justify\">Godzina \u015bmierci Pana Jezusa, trzecia po po\u0142udniu, jest czasem uprzywilejowanym w nabo\u017ce\u0144stwie do Mi\u0142osierdzia Bo\u017cego. W tej godzinie stajemy w duchu pod krzy\u017cem Chrystusa, by dla zas\u0142ug Jego m\u0119ki b\u0142aga\u0107 o mi\u0142osierdzie dla siebie i \u015bwiata. <i style=\"font-weight: normal\">O trzeciej godzinie<\/i> \u2013 m\u00f3wi\u0142 Pan Jezus do Siostry Faustyny \u2013 <i style=\"font-weight: normal\">b\u0142agaj Mojego mi\u0142osierdzia, szczeg\u00f3lnie dla grzesznik\u00f3w, i cho\u0107 przez kr\u00f3tki moment zag\u0142\u0119biaj si\u0119 w Mojej m\u0119ce, szczeg\u00f3lnie w Moim opuszczeniu w chwili konania. Jest to godzina wielkiego mi\u0142osierdzia dla \u015bwiata ca\u0142ego<\/i> <span style=\"font-size: 90%\">(Dz. 1320)<\/span>. Trzeba tutaj od razu wyja\u015bni\u0107, \u017ce nie chodzi o godzin\u0119 zegarow\u0105 (60 minut), ale o moment konania Jezusa na krzy\u017cu, czyli o modlitw\u0119 o godzinie trzeciej po po\u0142udniu.<\/p>\n<p style=\"text-align: justify\">Pan Jezus\u00a0nie poda\u0142\u00a0gotowej formu\u0142y\u00a0modlitwy\u00a0o 15<sup>00<\/sup>, ale powiedzia\u0142, \u017ce mo\u017cna\u00a0odprawia\u0107 Drog\u0119 krzy\u017cow\u0105, nawiedzi\u0107 Naj\u015bwi\u0119tszy Sakrament, a je\u015bli na to czas nie pozwala, to w tym miejscu, gdzie nas zastaje trzecia godzina, cho\u0107 przez kr\u00f3tki moment po\u0142\u0105czy\u0107 si\u0119 z Nim, konaj\u0105cym na krzy\u017cu. Przedmiotem tej modlitwy jest tajemnica m\u0119ki Pa\u0144skiej. Modlitwa w Godzinie Mi\u0142osierdzia powinna spe\u0142nia\u0107 okre\u015blone warunki: nale\u017cy j\u0105 odprawia\u0107 o godzinie trzeciej po po\u0142udniu (gdy zegar wybija t\u0119 godzin\u0119), winna by\u0107 skierowana wprost do Jezusa, a w b\u0142aganiach nale\u017cy si\u0119 odwo\u0142a\u0107 do warto\u015bci i zas\u0142ug Jego bolesnej m\u0119ki.<\/p>\n<p style=\"text-align: justify\">Cz\u0119sto w\u00a0 praktyce i publikacjach\u00a0powtarza\u00a0si\u0119 opini\u0119, \u017ce o trzeciej po po\u0142udniu trzeba odmawia\u0107 Koronk\u0119 do Mi\u0142osierdzia Bo\u017cego i \u017ce Koronka odmawiana o tej porze ma szczeg\u00f3ln\u0105 moc. Takie my\u015blenie wynika z nieznajomo\u015bci nabo\u017ce\u0144stwa do Mi\u0142osierdzia Bo\u017cego w formach przekazanych przez Siostr\u0119 Faustyn\u0119 i by\u0107 mo\u017ce z potrzeby korzystania z gotowej formu\u0142y modlitewnej. Modlitwa w Godzinie Mi\u0142osierdzia jest osobn\u0105 form\u0105 kultu Mi\u0142osierdzia Bo\u017cego, z kt\u00f3r\u0105 Jezus zwi\u0105za\u0142 okre\u015blon\u0105 obietnic\u0119 i sposoby jej praktykowania. Nigdzie nie powiedzia\u0142, \u017ce w tej Godzinie trzeba odmawia\u0107 Koronk\u0119 do Mi\u0142osierdzia Bo\u017cego. Oczywi\u015bcie, \u017ce o trzeciej mo\u017cemy odmawia\u0107 Koronk\u0119, tak jak o ka\u017cdej innej godzinie dnia i nocy, ale wtedy nie praktykujemy modlitwy w Godzinie Mi\u0142osierdzia (tylko odmawiamy Koronk\u0119). Koronka do Mi\u0142osierdzia Bo\u017cego nie mo\u017ce by\u0107 bowiem modlitw\u0105 w Godzinie Mi\u0142osierdzia, gdy\u017c jest skierowana do Boga Ojca (<i style=\"font-weight: normal\">Ojcze Przedwieczny, ofiaruj\u0119 Ci&#8230;<\/i>), a modlitwa w Godzinie Mi\u0142osierdzia ma by\u0107 skierowana wprost do Jezusa.<\/p>\n<p style=\"text-align: justify\">Systematyczna praktyka\u00a0 modlitwy w Godzinie\u00a0 Mi\u0142osierdzia wprowadza w osobisty, bezpo\u015bredni kontakt z Jezusem, bo ka\u017ce rozwa\u017ca\u0107 Jego mi\u0142osierdzie objawione w m\u0119ce, zwraca\u0107 si\u0119 do Niego w spos\u00f3b bezpo\u015bredni,\u00a0jak do\u00a0kogo\u015b bardzo\u00a0bliskiego,\u00a0i dla zas\u0142ug Jego m\u0119ki b\u0142aga\u0107 o potrzebne \u0142aski dla siebie i \u015bwiata. Od nas zale\u017cy, czy o trzeciej po po\u0142udniu chcemy praktykowa\u0107 modlitw\u0119 w Godzinie Mi\u0142osierdzia czy te\u017c odmawia\u0107 Koronk\u0119 do Mi\u0142osierdzia Bo\u017cego. W przekazywaniu nabo\u017ce\u0144stwa do Mi\u0142osierdzia Bo\u017cego i jego praktyce trzeba to jasno okre\u015bla\u0107 i nie miesza\u0107 Koronki z Godzin\u0105 Mi\u0142osierdzia.<\/p>\n<p><!--more--><\/p>\n<h3 align=\"justify\"><b>\u00a0\u00a0\u00a0\u00a0\u00a0\u00a0\u00a0\u00a0\u00a0 <span style=\"color: #800000\">Geneza, wyja\u015bnienie i obietnice<\/span><\/b><\/h3>\n<p style=\"text-align: justify\"><a href=\"https:\/\/www.faustyna.pl\/zmbm\/wp-content\/uploads\/2014\/12\/Godzina-Milosierdzia-1.jpg\" data-gallery><img loading=\"lazy\" decoding=\"async\" class=\"size-medium wp-image-10356 alignnone\" src=\"https:\/\/www.faustyna.pl\/zmbm\/wp-content\/uploads\/2014\/12\/Godzina-Milosierdzia-1-560x331.jpg\" alt=\"\" width=\"560\" height=\"331\" srcset=\"https:\/\/www.faustyna.pl\/zmbm\/wp-content\/uploads\/2014\/12\/Godzina-Milosierdzia-1-560x331.jpg 560w, https:\/\/www.faustyna.pl\/zmbm\/wp-content\/uploads\/2014\/12\/Godzina-Milosierdzia-1-140x83.jpg 140w, https:\/\/www.faustyna.pl\/zmbm\/wp-content\/uploads\/2014\/12\/Godzina-Milosierdzia-1.jpg 1024w\" sizes=\"auto, (max-width: 560px) 100vw, 560px\" \/><\/a><\/p>\n<p style=\"text-align: justify\">Godzina Mi\u0142osierdzia \u2013\u00a0 tak o godzinie swej \u015bmierci m\u00f3wi\u0142 sam Pan Jezus, gdy w pa\u017adzierniku 1937 roku w Krakowie przekazywa\u0142 Siostrze Faustynie kolejn\u0105 form\u0119 kultu w nabo\u017ce\u0144stwie do Mi\u0142osierdzia Bo\u017cego. Polecenie uczczenia godziny swej \u015bmierci powt\u00f3rzy\u0142\u00a0 kilka\u00a0 miesi\u0119cy\u00a0 p\u00f3\u017aniej, w lutym 1938 roku, okre\u015blaj\u0105c jej cel, spos\u00f3b obchodzenia i ponawiaj\u0105c obietnic\u0119 do niej przywi\u0105zan\u0105. <i style=\"font-weight: normal\">Przypominam ci, c\u00f3rko Moja<\/i> \u2013 m\u00f3wi\u0142 do Siostry Faustyny \u2013 <i style=\"font-weight: normal\">\u017ce ile razy us\u0142yszysz, jak zegar bije trzeci\u0105 godzin\u0119, zanurzaj si\u0119 ca\u0142a w mi\u0142osierdziu Moim, uwielbiaj\u0105c i wys\u0142awiaj\u0105c je; wzywaj jego wszechmocy dla \u015bwiata ca\u0142ego, a szczeg\u00f3lnie dla biednych grzesznik\u00f3w, bo w tej chwili zosta\u0142o<\/i> [ono] <i style=\"font-weight: normal\">na o\u015bcie\u017c otwarte dla wszelkiej duszy.<\/i> (&#8230;) <i style=\"font-weight: normal\">W tej godzinie sta\u0142a si\u0119 \u0142aska dla \u015bwiata ca\u0142ego \u2013 mi\u0142osierdzie zwyci\u0119\u017cy\u0142o sprawiedliwo\u015b\u0107<\/i> <span style=\"font-size: 90%\">(Dz. 1572)<\/span>. W tej godzinie dokona\u0142o si\u0119 dzie\u0142o odkupienia cz\u0142owieka. Jezus zado\u015b\u0107uczyni\u0142 Bogu za nasze grzechy przez sw\u0105 m\u0119k\u0119 i pos\u0142usze\u0144stwo a\u017c do \u015bmierci, i w ten spos\u00f3b pojedna\u0142 nas z Ojcem, otworzy\u0142 zamkni\u0119te przez Adama bramy nieba. Na krzy\u017cu <i style=\"font-weight: normal\">mi\u0142osierdzie zwyci\u0119\u017cy\u0142o sprawiedliwo\u015b\u0107<\/i>, nie przekre\u015bli\u0142o jej, ale wype\u0142niaj\u0105c przekroczy\u0142o jej miar\u0119.<\/p>\n<p style=\"text-align: justify\">W chwili konania Jezusa na krzy\u017cu mamy wi\u0119c rozwa\u017ca\u0107 tajemnic\u0119 mi\u0142osierdzia Bo\u017cego, kt\u00f3ra najpe\u0142niej objawi\u0142a si\u0119 w\u0142a\u015bnie w m\u0119ce i \u015bmierci Wcielonego Syna Bo\u017cego. <i style=\"font-weight: normal\">Cho\u0107 przez kr\u00f3tki moment<\/i> \u2013 prosi\u0142 Pan Jezus \u2013 <i style=\"font-weight: normal\">zag\u0142\u0119biaj si\u0119 w Mojej m\u0119ce, szczeg\u00f3lnie w Moim opuszczeniu w chwili konania<\/i> <span style=\"font-size: 90%\">(Dz. 1320)<\/span>. Rozmy\u015blanie\u00a0 nad m\u0119k\u0105 Pa\u0144sk\u0105\u00a0 prowadzi\u0107 ma do uwielbiania i wys\u0142awiania mi\u0142osierdzia Jezusa, a tak\u017ce \u2013 zgodnie z Jego \u017cyczeniem \u2013 do b\u0142agania o mi\u0142osierdzie Bo\u017ce dla ca\u0142ego \u015bwiata, a szczeg\u00f3lnie dla grzesznik\u00f3w, kt\u00f3rzy s\u0105 w najwi\u0119kszej potrzebie.<\/p>\n<p style=\"text-align: justify\">Pan Jezus ponadto udzieli\u0142 Siostrze Faustynie konkretnych wskaz\u00f3wek co do sposobu odprawiania Godziny Mi\u0142osierdzia. M\u00f3wi\u0142: <i style=\"font-weight: normal\">Staraj si\u0119 w tej godzinie odprawia\u0107 Drog\u0119 krzy\u017cow\u0105, o ile ci na to obowi\u0105zki pozwol\u0105; a je\u017celi nie mo\u017cesz odprawi\u0107 Drogi krzy\u017cowej, to przynajmniej wst\u0105p na chwil\u0119 do kaplicy i uczcij Moje Serce, kt\u00f3re jest pe\u0142ne mi\u0142osierdzia w Naj\u015bwi\u0119tszym Sakramencie; a je\u017celi nie mo\u017cesz wst\u0105pi\u0107 do kaplicy, pogr\u0105\u017c si\u0119 w modlitwie tam, gdzie jeste\u015b, chocia\u017c przez kr\u00f3ciutk\u0105 chwil\u0119<\/i> <span style=\"font-size: 90%\">(Dz. 1572)<\/span>. Aby praktykowa\u0107 modlitw\u0119 w Godzinie Mi\u0142osierdzia nie trzeba koniecznie i\u015b\u0107 do ko\u015bcio\u0142a czy mie\u0107\u00a0 du\u017co czasu.\u00a0 Je\u015bli go nie\u00a0 mamy, wystarczy\u00a0 kr\u00f3ciutka chwila, by w duchu stan\u0105\u0107 na Golgocie u st\u00f3p krzy\u017ca i po\u0142\u0105czy\u0107 si\u0119 z konaj\u0105cym Jezusem. Pan Jezus \u2013 poza znan\u0105 w pobo\u017cno\u015bci chrze\u015bcija\u0144skiej Drog\u0105 krzy\u017cow\u0105 \u2013 nie poda\u0142 \u017cadnej formu\u0142y modlitewnej, ale z analizy Jego wypowiedzi (obietnic) wynika, \u017ce modlitwa w Godzinie Mi\u0142osierdzia musi spe\u0142nia\u0107 okre\u015blone warunki.<\/p>\n<p style=\"text-align: justify\">Po pierwsze winna\u00a0 by\u0107 odprawiana\u00a0 o godzinie trzeciej po po\u0142udniu (nie w nocy), bo chodzi w niej o uczczenie momentu konania Jezusa na krzy\u017cu. Po drugie \u2013 winna by\u0107 skierowana bezpo\u015brednio do Pana Jezusa, a wi\u0119c nie do Boga Ojca, Matki Naj\u015bwi\u0119tszej czy \u015bw. Siostry Faustyny. Pan Jezus powiedzia\u0142 bowiem: <i style=\"font-weight: normal\">Nie odm\u00f3wi\u0119 duszy niczego, kt\u00f3ra Mnie prosi&#8230;<\/i> <span style=\"font-size: 90%\">(Dz. 1320)<\/span>. Mo\u017cemy jednak\u00a0 b\u0142aga\u0107\u00a0 o\u00a0 mi\u0142osierdzie\u00a0 wraz\u00a0 z Maryj\u0105 stoj\u0105c\u0105 pod krzy\u017cem i wraz ze \u015bw. Siostr\u0105 Faustyn\u0105. W b\u0142aganiach mamy si\u0119 odwo\u0142ywa\u0107 do warto\u015bci i zas\u0142ug bolesnej m\u0119ki Pana Jezusa, dlatego w tej modlitwie u\u017cywamy zwrotu: <i style=\"font-weight: normal\">Dla zas\u0142ug Twej bolesnej m\u0119ki, prosimy Ci\u0119, Panie&#8230;<\/i> Nie m\u00f3wimy natomiast: <i style=\"font-weight: normal\">Przez przyczyn\u0119 Matki Naj\u015bwi\u0119tszej czy: Za wstawiennictwem \u015bw. Siostry Faustyny<\/i>, bo wtedy w modlitwie odwo\u0142ywaliby\u015bmy si\u0119 do warto\u015bci i zas\u0142ug Matki Bo\u017cej czy \u015bwi\u0119tych, a mamy si\u0119 odwo\u0142ywa\u0107 \u2013 jak chce Pan Jezus \u2013 do zas\u0142ug Jego m\u0119ki. Intencje, jakie polecamy w Godzinie Mi\u0142osierdzia (modlitwa wstawiennicza) winny by\u0107 zgodne z wol\u0105 Bo\u017c\u0105, co nale\u017cy do natury ka\u017cdej modlitwy, a sama modlitwa winna by\u0107 ufna i po\u0142\u0105czona z aktami mi\u0142osierdzia wobec bli\u017anich, co jest warunkiem prawdziwego nabo\u017ce\u0144stwa do Mi\u0142osierdzia Bo\u017cego.<\/p>\n<p style=\"text-align: justify\">Do tak\u00a0 praktykowanej modlitwy w Godzinie Mi\u0142osierdzia przywi\u0105za\u0142 Pan Jezus obietnic\u0119 wszelkich \u0142ask i doczesnych dobrodziejstw. <i style=\"font-weight: normal\">W tej godzinie<\/i> \u2013 m\u00f3wi\u0142 do Siostry Faustyny \u2013 <i style=\"font-weight: normal\">nie odm\u00f3wi\u0119 duszy niczego, kt\u00f3ra Mnie prosi przez m\u0119k\u0119 Moj\u0105<\/i> <span style=\"font-size: 90%\">(Dz. 1320)<\/span>. A innym razem doda\u0142: <i style=\"font-weight: normal\">W godzinie tej uprosisz wszystko dla siebie i dla innych<\/i> <span style=\"font-size: 90%\">(Dz. 1572)<\/span>.<\/p>\n<p align=\"right\"><i style=\"font-weight: normal\">s. M. El\u017cbieta Siepak ISMM<\/i><\/p>\n<p>Pe\u0142na analiza teologiczna w pracy:<br \/>\nks. Ignacy R\u00f3\u017cyczki: <i style=\"font-weight: normal\">Nabo\u017ce\u0144stwo do Mi\u0142osierdzia Bo\u017cego<\/i>,<br \/>\nKrak\u00f3w 2008, s. 117-118.<\/p>\n<p>&#8212;&#8212;&#8212;&#8212;&#8212;&#8212;&#8212;&#8212;&#8212;&#8212;&#8212;&#8212;&#8212;&#8212;-<br \/>\nZobacz te\u017c: <a href=\"https:\/\/www.faustyna.pl\/zmbm\/godzina-milosierdzia-historia-nabozenstwa\/\">Historia nabo\u017ce\u0144stwa do Mi\u0142osierdzia \u2013 Godzina Mi\u0142osierdzia<\/a><\/p>\n<p><a href=\"https:\/\/www.faustyna.pl\/zmbm\/milosierdzie\/\">Mi\u0142osierdzie\/Nabo\u017ce\u0144stwo do Mi\u0142osierdzia Bo\u017cego<\/a><\/p>\n","protected":false},"excerpt":{"rendered":"<p>Godzina \u015bmierci Pana Jezusa, trzecia po po\u0142udniu, jest czasem uprzywilejowanym w nabo\u017ce\u0144stwie do Mi\u0142osierdzia Bo\u017cego. W tej godzinie stajemy w duchu pod krzy\u017cem Chrystusa, by dla zas\u0142ug Jego m\u0119ki b\u0142aga\u0107 o mi\u0142osierdzie dla siebie i \u015bwiata. O trzeciej godzinie \u2013 m\u00f3wi\u0142 Pan Jezus do Siostry Faustyny \u2013 b\u0142agaj Mojego mi\u0142osierdzia, szczeg\u00f3lnie dla grzesznik\u00f3w, i cho\u0107 [&hellip;]<\/p>\n","protected":false},"author":1,"featured_media":0,"parent":0,"menu_order":0,"comment_status":"closed","ping_status":"closed","template":"","meta":{"footnotes":""},"categories":[11],"tags":[],"class_list":["post-803","page","type-page","status-publish","hentry","category-nabozenstwo-do-milosierdzia-bozego"],"_links":{"self":[{"href":"https:\/\/www.faustyna.pl\/zmbm\/wp-json\/wp\/v2\/pages\/803","targetHints":{"allow":["GET"]}}],"collection":[{"href":"https:\/\/www.faustyna.pl\/zmbm\/wp-json\/wp\/v2\/pages"}],"about":[{"href":"https:\/\/www.faustyna.pl\/zmbm\/wp-json\/wp\/v2\/types\/page"}],"author":[{"embeddable":true,"href":"https:\/\/www.faustyna.pl\/zmbm\/wp-json\/wp\/v2\/users\/1"}],"replies":[{"embeddable":true,"href":"https:\/\/www.faustyna.pl\/zmbm\/wp-json\/wp\/v2\/comments?post=803"}],"version-history":[{"count":11,"href":"https:\/\/www.faustyna.pl\/zmbm\/wp-json\/wp\/v2\/pages\/803\/revisions"}],"predecessor-version":[{"id":25813,"href":"https:\/\/www.faustyna.pl\/zmbm\/wp-json\/wp\/v2\/pages\/803\/revisions\/25813"}],"wp:attachment":[{"href":"https:\/\/www.faustyna.pl\/zmbm\/wp-json\/wp\/v2\/media?parent=803"}],"wp:term":[{"taxonomy":"category","embeddable":true,"href":"https:\/\/www.faustyna.pl\/zmbm\/wp-json\/wp\/v2\/categories?post=803"},{"taxonomy":"post_tag","embeddable":true,"href":"https:\/\/www.faustyna.pl\/zmbm\/wp-json\/wp\/v2\/tags?post=803"}],"curies":[{"name":"wp","href":"https:\/\/api.w.org\/{rel}","templated":true}]}}