



{"id":824,"date":"2014-12-14T10:22:54","date_gmt":"2014-12-14T09:22:54","guid":{"rendered":"http:\/\/www.faustyna.pl\/zmbm\/?page_id=824"},"modified":"2026-05-08T09:22:42","modified_gmt":"2026-05-08T07:22:42","slug":"ustanowienie-swieta-milosierdzia","status":"publish","type":"page","link":"https:\/\/www.faustyna.pl\/zmbm\/ustanowienie-swieta-milosierdzia\/","title":{"rendered":"Ustanowienie \u015awi\u0119ta Mi\u0142osierdzia"},"content":{"rendered":"<div style=\"margin: 0px;padding: 0px;border: 0px solid currentColor;float: left\"><\/div>\n<div style=\"margin: 0px;padding: 0px;border: 0px solid currentColor\">\n<p style=\"margin-top: 0px\" align=\"right\"><a href=\"https:\/\/www.faustyna.pl\/zmbm\/wp-content\/uploads\/2014\/12\/Watykan-1.jpg\" data-gallery><img loading=\"lazy\" decoding=\"async\" class=\"alignnone wp-image-10325 size-large\" src=\"https:\/\/www.faustyna.pl\/zmbm\/wp-content\/uploads\/2014\/12\/Watykan-1-1024x604.jpg\" alt=\"\" width=\"1024\" height=\"604\" srcset=\"https:\/\/www.faustyna.pl\/zmbm\/wp-content\/uploads\/2014\/12\/Watykan-1.jpg 1024w, https:\/\/www.faustyna.pl\/zmbm\/wp-content\/uploads\/2014\/12\/Watykan-1-140x83.jpg 140w, https:\/\/www.faustyna.pl\/zmbm\/wp-content\/uploads\/2014\/12\/Watykan-1-560x330.jpg 560w\" sizes=\"auto, (max-width: 1024px) 100vw, 1024px\" \/><\/a><\/p>\n<p style=\"margin-top: 0px\" align=\"right\">Kongregacja ds. Kultu Bo\u017cego<br \/>\ni Dyscypliny Sakrament\u00f3w<\/p>\n<p align=\"center\">DEKRET<\/p>\n<p align=\"justify\">Mi\u0142osierny i \u0142agodny jest Pan (Ps 112 [111], 4), kt\u00f3ry umi\u0142owa\u0142 nas wielk\u0105 mi\u0142o\u015bci\u0105 (Ef 2, 4) i w swej niewypowiedzianej dobroci darowa\u0142 nam swego Jednorodzonego Syna jako Odkupiciela, aby przez Jego \u015bmier\u0107 i zmartwychwstanie otworzy\u0107 rodzajowi ludzkiemu drog\u0119 do \u017cycia wiecznego oraz by Jego przybrani synowie, przyjmuj\u0105c Jego mi\u0142osierdzie po\u015brodku Jego \u015bwi\u0105tyni, g\u0142osili Jego chwa\u0142\u0119 a\u017c po kra\u0144ce ziemi.<\/p>\n<p style=\"text-align: justify\">W naszych za\u015b czasach chrze\u015bcijanie w wielu cz\u0119\u015bciach \u015bwiata pragn\u0105 wielbi\u0107 Bo\u017ce Mi\u0142osierdzie w liturgii, zw\u0142aszcza \u015bwi\u0119tuj\u0105c tajemnic\u0119 paschaln\u0105, w kt\u00f3rej najwi\u0119kszym blaskiem ja\u015bnieje Bo\u017ca \u0142askawo\u015b\u0107 wobec wszystkich ludzi.<\/p>\n<p style=\"text-align: justify\">Przychylaj\u0105c si\u0119 do\u00a0 ich pr\u00f3\u015bb,\u00a0 Ojciec \u015awi\u0119ty Jan Pawe\u0142 II \u0142askawie poleci\u0142, aby w Mszale Rzymskim po tytule \u201eII Niedziela Wielkanocna\u201d doda\u0107 okre\u015blenie \u201eczyli Mi\u0142osierdzia Bo\u017cego\u201d, nakazuj\u0105c zarazem, by w liturgii tej Niedzieli pos\u0142ugiwano si\u0119 zawsze tekstami, kt\u00f3re na ten dzie\u0144 przewidziane s\u0105 w tym\u017ce Mszale i w Liturgii Godzin obrz\u0105dku rzymskiego.<\/p>\n<p style=\"text-align: justify\">Te postanowienia Ojca\u00a0 \u015awi\u0119tego Kongregacja\u00a0 ds. Kultu Bo\u017cego i Dyscypliny Sakrament\u00f3w niniejszym og\u0142asza, aby zosta\u0142y wykonane bez wzgl\u0119du na jakiekolwiek rozporz\u0105dzenia przeciwne.<\/p>\n<p>W siedzibie Kongregacji ds. Kultu i Dyscypliny Sakrament\u00f3w, 5 maja 2000 r.<\/p>\n<p align=\"right\"><i style=\"font-weight: normal\">Kard. Jorge A. Medina Est\u00e9vez<\/i><br \/>\nPrefekt<br \/>\n<i style=\"font-weight: normal\">Abp Francesco Pio Tamburrino<\/i><br \/>\nSekretarz<\/p>\n<p style=\"text-align: left\" align=\"right\"><a href=\"https:\/\/www.faustyna.pl\/zmbm\/milosierdzie\/\">Mi\u0142osierdzie\/Dokumenty Ko\u015bcio\u0142a<\/a><\/p>\n<\/div>\n","protected":false},"excerpt":{"rendered":"<p>Kongregacja ds. Kultu Bo\u017cego i Dyscypliny Sakrament\u00f3w DEKRET Mi\u0142osierny i \u0142agodny jest Pan (Ps 112 [111], 4), kt\u00f3ry umi\u0142owa\u0142 nas wielk\u0105 mi\u0142o\u015bci\u0105 (Ef 2, 4) i w swej niewypowiedzianej dobroci darowa\u0142 nam swego Jednorodzonego Syna jako Odkupiciela, aby przez Jego \u015bmier\u0107 i zmartwychwstanie otworzy\u0107 rodzajowi ludzkiemu drog\u0119 do \u017cycia wiecznego oraz by Jego przybrani synowie, [&hellip;]<\/p>\n","protected":false},"author":1,"featured_media":0,"parent":0,"menu_order":0,"comment_status":"closed","ping_status":"closed","template":"","meta":{"footnotes":""},"categories":[12],"tags":[],"class_list":["post-824","page","type-page","status-publish","hentry","category-dokumenty-kosciola"],"_links":{"self":[{"href":"https:\/\/www.faustyna.pl\/zmbm\/wp-json\/wp\/v2\/pages\/824","targetHints":{"allow":["GET"]}}],"collection":[{"href":"https:\/\/www.faustyna.pl\/zmbm\/wp-json\/wp\/v2\/pages"}],"about":[{"href":"https:\/\/www.faustyna.pl\/zmbm\/wp-json\/wp\/v2\/types\/page"}],"author":[{"embeddable":true,"href":"https:\/\/www.faustyna.pl\/zmbm\/wp-json\/wp\/v2\/users\/1"}],"replies":[{"embeddable":true,"href":"https:\/\/www.faustyna.pl\/zmbm\/wp-json\/wp\/v2\/comments?post=824"}],"version-history":[{"count":7,"href":"https:\/\/www.faustyna.pl\/zmbm\/wp-json\/wp\/v2\/pages\/824\/revisions"}],"predecessor-version":[{"id":32366,"href":"https:\/\/www.faustyna.pl\/zmbm\/wp-json\/wp\/v2\/pages\/824\/revisions\/32366"}],"wp:attachment":[{"href":"https:\/\/www.faustyna.pl\/zmbm\/wp-json\/wp\/v2\/media?parent=824"}],"wp:term":[{"taxonomy":"category","embeddable":true,"href":"https:\/\/www.faustyna.pl\/zmbm\/wp-json\/wp\/v2\/categories?post=824"},{"taxonomy":"post_tag","embeddable":true,"href":"https:\/\/www.faustyna.pl\/zmbm\/wp-json\/wp\/v2\/tags?post=824"}],"curies":[{"name":"wp","href":"https:\/\/api.w.org\/{rel}","templated":true}]}}