



{"id":825,"date":"2014-12-14T10:22:54","date_gmt":"2014-12-14T09:22:54","guid":{"rendered":"http:\/\/www.faustyna.pl\/zmbm\/?page_id=825"},"modified":"2026-05-08T09:23:03","modified_gmt":"2026-05-08T07:23:03","slug":"odpust-zupelny-na-swieto-milosierdzia","status":"publish","type":"page","link":"https:\/\/www.faustyna.pl\/zmbm\/odpust-zupelny-na-swieto-milosierdzia\/","title":{"rendered":"Odpust zupe\u0142ny na \u015awi\u0119to Mi\u0142osierdzia"},"content":{"rendered":"<div style=\"margin: 0px;padding: 0px;border: 0px solid currentColor;float: left\"><\/div>\n<div style=\"margin: 0px;padding: 0px;border: 0px solid currentColor\">\n<p style=\"margin-top: 0px\" align=\"right\"><a href=\"https:\/\/www.faustyna.pl\/zmbm\/wp-content\/uploads\/2014\/12\/Watykan-1.jpg\" data-gallery><img loading=\"lazy\" decoding=\"async\" class=\"alignnone wp-image-10325 size-large\" src=\"https:\/\/www.faustyna.pl\/zmbm\/wp-content\/uploads\/2014\/12\/Watykan-1-1024x604.jpg\" alt=\"\" width=\"1024\" height=\"604\" srcset=\"https:\/\/www.faustyna.pl\/zmbm\/wp-content\/uploads\/2014\/12\/Watykan-1.jpg 1024w, https:\/\/www.faustyna.pl\/zmbm\/wp-content\/uploads\/2014\/12\/Watykan-1-140x83.jpg 140w, https:\/\/www.faustyna.pl\/zmbm\/wp-content\/uploads\/2014\/12\/Watykan-1-560x330.jpg 560w\" sizes=\"auto, (max-width: 1024px) 100vw, 1024px\" \/><\/a><\/p>\n<p style=\"margin-top: 0px\" align=\"right\">PENITENCJARIA APOSTOLSKA<\/p>\n<p align=\"center\"><b style=\"font-size: 120%\">DEKRET<\/b><br \/>\no zwi\u0105zaniu odpust\u00f3w z aktami kultu<br \/>\nspe\u0142nianymi dla uczczenia Bo\u017cego Mi\u0142osierdzia<\/p>\n<p align=\"justify\">\u00abMi\u0142osierdzie Twoje, Bo\u017ce, nie zna granic, niewyczerpany jest skarbiec Twojej dobroci\u2026\u00bb (modlitwa po hymnie <i style=\"font-weight: normal\">Te Deum<\/i>). \u00abBo\u017ce, Ty przez przebaczenie i lito\u015b\u0107 najpe\u0142niej okazujesz swoj\u0105 wszechmoc\u00bb (modlitwa z XXVI niedzieli okresu zwyk\u0142ego) \u2013 tak \u015bpiewa, wiernie i z pokor\u0105, \u015bwi\u0119ta Matka Ko\u015bci\u00f3\u0142. Niezmierzona\u00a0 \u0142askawo\u015b\u0107 Bo\u017ca,\u00a0 okazywana zar\u00f3wno\u00a0 ca\u0142emu rodzajowi ludzkiemu, jak i ka\u017cdemu cz\u0142owiekowi, przejawia si\u0119 bowiem<span style=\"letter-spacing: -0.6pt\"> w spos\u00f3b szcze<\/span>g\u00f3lnie wyra\u017any, gdy sam B\u00f3g wszechmog\u0105cy odpuszcza grzechy i uchybienia moralne, winnych\u00a0 za\u015b po ojcowsku\u00a0 dopuszcza na\u00a0 nowo do przyja\u017ani z sob\u0105, kt\u00f3r\u0105 z w\u0142asnej winy utracili.<\/p>\n<p style=\"text-align: justify\">Wierni, poruszeni tym\u00a0do g\u0142\u0119bi\u00a0serca, rozpami\u0119tuj\u0105\u00a0 tajemnice Bo\u017cego przebaczenia i z pobo\u017cno\u015bci\u0105 je sprawuj\u0105; rozumiej\u0105 oni w pe\u0142ni, jak bardzo jest godziwe, a nawet konieczne, aby Lud Bo\u017cy wielbi\u0142 specjalnymi modlitwami Bo\u017ce Mi\u0142osierdzie i zarazem \u2013 spe\u0142niwszy z wdzi\u0119cznym sercem wymagane uczynki i niezb\u0119dne warunki \u2013 m\u00f3g\u0142 uzyskiwa\u0107 duchowe dobra czerpane ze skarbca Ko\u015bcio\u0142a. \u00abMisterium paschalne stanowi szczytowy punkt tego w\u0142a\u015bnie objawienia i urzeczywistnienia mi\u0142osierdzia, kt\u00f3re zdolne jest usprawiedliwi\u0107 cz\u0142owieka, przywr\u00f3ci\u0107 sprawiedliwo\u015b\u0107 w znaczeniu owego zbawczego \u0142adu, jaki B\u00f3g od pocz\u0105tku zamierzy\u0142 w cz\u0142owieku, a przez cz\u0142owieka w \u015bwiecie\u00bb (<i style=\"font-weight: normal\">Dives in misericordia<\/i>, 7).<\/p>\n<p style=\"text-align: justify\">Istotnie,\u00a0 Mi\u0142osierdzie\u00a0 Bo\u017ce zdolne\u00a0 jest przebaczy\u0107\u00a0 najci\u0119\u017csze\u00a0 nawet grzechy, ale czyni\u0105c to, sk\u0142ania wiernych do wzbudzenia w sobie nadprzyrodzonego \u017calu, nie tylko psychologicznego, za w\u0142asne grzechy, tak \u017ce podejmuj\u0105 oni \u2013 r\u00f3wnie\u017c z pomoc\u0105 \u0142aski Bo\u017cej \u2013 mocne postanowienie, by ju\u017c wi\u0119cej nie grzeszy\u0107. Takie duchowe usposobienie pozwala rzeczywi\u015bcie uzyska\u0107 wybaczenie grzech\u00f3w \u015bmiertelnych, kiedy wierny przyjmuje z po\u017cytkiem sakrament pokuty, lub te\u017c \u017ca\u0142uje za nie przez akt doskona\u0142ej mi\u0142o\u015bci b\u0105d\u017a doskona\u0142ego \u017calu i postanawia przyst\u0105pi\u0107 jak najpr\u0119dzej do sakramentu pokuty. Nasz Pan Jezus Chrystus w przypowie\u015bci o synu marnotrawnym poucza nas bowiem, \u017ce grzesznik winien wyzna\u0107 swoj\u0105 n\u0119dz\u0119 przed Bogiem, m\u00f3wi\u0105c: \u00abOjcze, zgrzeszy\u0142em przeciw Niebu i wzgl\u0119dem ciebie; ju\u017c\u00a0 nie jestem\u00a0 godzien\u00a0 nazywa\u0107\u00a0 si\u0119\u00a0 twoim synem\u00bb (\u0141k 15, 18\u201319), i dostrzec w tym dzia\u0142anie Bo\u017ce: \u00abby\u0142 umar\u0142y, a zn\u00f3w o\u017cy\u0142, zagin\u0105\u0142, a odnalaz\u0142 si\u0119\u00bb (\u0141k 15, 32).<\/p>\n<p style=\"text-align: justify\">Ojciec \u015awi\u0119ty Jan Pawe\u0142 II,\u00a0wiedziony pastersk\u0105\u00a0 trosk\u0105\u00a0o\u00a0dusze i poruszony rozwa\u017caniem\u00a0dobroci\u00a0Ojca Mi\u0142osierdzia,\u00a0pragn\u0105c wpoi\u0107\u00a0g\u0142\u0119boko w umys\u0142y wiernych te nakazy i pouczenia wiary chrze\u015bcija\u0144skiej, postanowi\u0142, aby II Niedziela Wielkanocna by\u0142a po\u015bwi\u0119cona rozpami\u0119tywaniu ze szczeg\u00f3ln\u0105 pobo\u017cno\u015bci\u0105 tych dar\u00f3w \u0142aski, i nada\u0142 jej miano Niedzieli Mi\u0142osierdzia Bo\u017cego (Kongregacja ds. Kultu Bo\u017cego i Dyscypliny Sakrament\u00f3w, dekret <i style=\"font-weight: normal\">Misericors et miserator<\/i>, 5 maja 2000 r.).<\/p>\n<p style=\"text-align: justify\">Ewangelia z II Niedzieli\u00a0Wielkanocnej\u00a0opowiada o\u00a0przedziwnych dzie\u0142ach, jakich dokona\u0142 Chrystus Pan w samym dniu zmartwychwstania, gdy po raz pierwszy ukaza\u0142 si\u0119 publicznie: \u00abWieczorem owego pierwszego dnia tygodnia, tam gdzie przebywali uczniowie, cho\u0107 drzwi by\u0142y zamkni\u0119te z obawy przed \u017bydami, przyszed\u0142 Jezus, stan\u0105\u0142 po\u015brodku i rzek\u0142 do nich: \u2018Pok\u00f3j wam!\u2019 A to powiedziawszy, pokaza\u0142 im r\u0119ce i bok. Uradowali si\u0119 zatem uczniowie, ujrzawszy Pana. A Jezus znowu rzek\u0142 do nich: \u2018Pok\u00f3j wam! Jak Ojciec Mnie\u00a0 pos\u0142a\u0142, tak i\u00a0 Ja\u00a0 was\u00a0 posy\u0142am\u2019. Po\u00a0 tych s\u0142owach tchn\u0105\u0142 na nich i powiedzia\u0142 im: \u2018We\u017amijcie Ducha \u015awi\u0119tego! Kt\u00f3rym odpu\u015bcicie grzechy, s\u0105 im odpuszczone, a kt\u00f3rym zatrzymacie, s\u0105 im zatrzymane\u2019\u00bb (J 20, 19\u201323).<\/p>\n<p style=\"text-align: justify\">A\u017ceby wierni prze\u017cywali to \u015bwi\u0119to z g\u0142\u0119bok\u0105 pobo\u017cno\u015bci\u0105,\u00a0Ojciec \u015awi\u0119ty rozporz\u0105dzi\u0142, \u017ce we wspomnian\u0105 niedziel\u0119 b\u0119dzie mo\u017cna dost\u0105pi\u0107 odpustu zupe\u0142nego, zgodnie ze wskazaniami podanymi poni\u017cej. Dzi\u0119ki temu wierni b\u0119d\u0105 mogli obficiej korzysta\u0107 z daru pocieszenia Ducha \u015awi\u0119tego, a przez to \u017cywi\u0107 coraz wi\u0119ksz\u0105 mi\u0142o\u015b\u0107 do Boga i bli\u017aniego; kiedy za\u015b uzyskaj\u0105 oni Bo\u017ce przebaczenie, sami b\u0119d\u0105 z kolei gotowi przebaczy\u0107 ochoczo braciom.<\/p>\n<p style=\"text-align: justify\">Dzi\u0119ki temu\u00a0wierni\u00a0w\u00a0spos\u00f3b\u00a0doskonalszy zachowywa\u0107 b\u0119d\u0105 ducha Ewangelii, urzeczywistniaj\u0105c w sobie odnow\u0119 wskazan\u0105 i wprowadzon\u0105 przez Sob\u00f3r Watyka\u0144ski II: \u00abChrze\u015bcijanie, pami\u0119taj\u0105c o s\u0142owach Pana: \u2018Po tym wszyscy poznaj\u0105, \u017ce\u015bcie uczniami moimi, je\u015bli b\u0119dziecie si\u0119 wzajemnie mi\u0142owali\u2019 (J 13, 35), niczego nie powinni pragn\u0105\u0107 gor\u0119cej, ni\u017c \u017ceby coraz wielkoduszniej i skuteczniej s\u0142u\u017cy\u0107 ludziom w dzisiejszym \u015bwiecie. (\u2026) Ojciec za\u015b chce, aby\u015bmy\u00a0we wszystkich\u00a0ludziach rozpoznali\u00a0Chrystusa jako brata i skutecznie mi\u0142owali, tak s\u0142owem, jak i czynem\u00bb (<i style=\"font-weight: normal\">Gaudium et spes<\/i>, 93).<\/p>\n<p style=\"text-align: justify\">Dlatego Ojciec \u015awi\u0119ty,\u00a0powodowany gor\u0105cym pragnieniem rozbudzenia w chrze\u015bcija\u0144skim ludzie jak naj\u017cywszej czci Bo\u017cego Mi\u0142osierdzia \u2013 ze wzgl\u0119du na przebogate duchowe owoce, jakie mo\u017ce ona wyda\u0107 \u2013 podczas audiencji udzielonej w dniu 13 czerwca 2002 r. ni\u017cej podpisanym, prze\u0142o\u017conym Penitencjarii Apostolskiej, zechcia\u0142 przyzna\u0107 odpusty na nast\u0119puj\u0105cych zasadach:<\/p>\n<p style=\"text-align: justify\">Udziela si\u0119 odpustu\u00a0zupe\u0142nego\u00a0 na zwyk\u0142ych\u00a0 warunkach (spowied\u017a sakramentalna, komunia eucharystyczna, modlitwa w intencjach papieskich) wiernemu, kt\u00f3ry w II Niedziel\u0119 Wielkanocn\u0105, czyli Mi\u0142osierdzia Bo\u017cego, w jakimkolwiek ko\u015bciele lub kaplicy, z sercem ca\u0142kowicie wolnym od wszelkiego przywi\u0105zania do jakiegokolwiek grzechu, cho\u0107by powszedniego, we\u017amie udzia\u0142 w pobo\u017cnych praktykach spe\u0142nianych ku czci Bo\u017cego Mi\u0142osierdzia albo przynajmniej odm\u00f3wi przed Naj\u015bwi\u0119tszym Sakramentem Eucharystii, wystawionym publicznie lub ukrytym w tabernakulum, modlitw\u0119 \u00abOjcze nasz\u00bb i <i style=\"font-weight: normal\">Credo<\/i>, dodaj\u0105c pobo\u017cne wezwanie do Pana Jezusa Mi\u0142osiernego (np. \u00abJezu Mi\u0142osierny, ufam Tobie\u00bb).<\/p>\n<p style=\"text-align: justify\">Udziela si\u0119 odpustu cz\u0105stkowego wiernemu, kt\u00f3ry \u2013 przynajmniej z sercem skruszonym \u2013 skieruje do Pana Jezusa Mi\u0142osiernego jedno z prawnie zatwierdzonych pobo\u017cnych wezwa\u0144.<\/p>\n<p style=\"text-align: justify\">Ponadto\u00a0marynarze, kt\u00f3rzy wykonuj\u0105 swoje\u00a0obowi\u0105zki na niezmierzonych obszarach m\u00f3rz; niezliczeni bracia, kt\u00f3rych tragedie wojenne, wydarzenia polityczne, uci\u0105\u017cliwe warunki naturalne i inne podobne przyczyny zmusi\u0142y do opuszczenia rodzinnej ziemi; chorzy i ich opiekunowie oraz ci wszyscy, kt\u00f3rzy z uzasadnionej przyczyny nie mog\u0105 opu\u015bci\u0107 dom\u00f3w lub wykonuj\u0105 pilnie potrzebne zadania dla dobra spo\u0142eczno\u015bci, mog\u0105 uzyska\u0107 odpust zupe\u0142ny w Niedziel\u0119 Mi\u0142osierdzia Bo\u017cego, je\u015bli wyrzekaj\u0105c si\u0119 ca\u0142kowicie jakiegokolwiek grzechu, jak to zosta\u0142o powiedziane powy\u017cej, i z zamiarem spe\u0142nienia \u2013 gdy tylko b\u0119dzie to mo\u017cliwe \u2013 trzech zwyk\u0142ych warunk\u00f3w, odm\u00f3wi\u0105 przed \u015bwi\u0119tym wizerunkiem naszego Pana Jezusa Mi\u0142osiernego modlitw\u0119 \u00abOjcze nasz\u00bb i <i style=\"font-weight: normal\">Credo<\/i>, dodaj\u0105c pobo\u017cne wezwanie do Pana Jezusa Mi\u0142osiernego (np. \u00abJezu Mi\u0142osierny, ufam Tobie\u00bb).<\/p>\n<p style=\"text-align: justify\">Gdyby nawet to nie by\u0142o\u00a0mo\u017cliwe,\u00a0tego samego dnia\u00a0b\u0119d\u0105 mogli uzyska\u0107 odpust zupe\u0142ny ci, kt\u00f3rzy duchowo zjednocz\u0105 si\u0119 z wiernymi, spe\u0142niaj\u0105cymi w zwyczajny\u00a0spos\u00f3b przepisane praktyki w celu otrzymania odpustu, i ofiaruj\u0105 Mi\u0142osiernemu Bogu modlitw\u0119, a wraz z ni\u0105 cierpienia spowodowane chorob\u0105 i trudy swojego \u017cycia, podejmuj\u0105c zarazem postanowienie, \u017ce spe\u0142ni\u0105 oni trzy przepisane warunki uzyskania odpustu zupe\u0142nego, gdy tylko b\u0119dzie to mo\u017cliwe.<\/p>\n<p style=\"text-align: justify\">Kap\u0142ani\u00a0pe\u0142ni\u0105cy\u00a0pos\u0142ug\u0119\u00a0duszpastersk\u0105,\u00a0zw\u0142aszcza\u00a0proboszczowie, winni informowa\u0107 w najw\u0142a\u015bciwszy spos\u00f3b wiernych o tym zbawiennym rozporz\u0105dzeniu Ko\u015bcio\u0142a, gorliwie i ofiarnie s\u0142ucha\u0107 ich spowiedzi, za\u015b w Niedziel\u0119 Mi\u0142osierdzia Bo\u017cego, po odprawieniu Mszy \u015bw. lub Nieszpor\u00f3w, albo podczas nabo\u017ce\u0144stwa ku czci Mi\u0142osierdzia Bo\u017cego, przewodniczy\u0107 \u2013 z godno\u015bci\u0105 nale\u017cn\u0105 temu obrz\u0119dowi \u2013 odmawianiu zaleconych wy\u017cej modlitw; pomni wreszcie, \u017ce \u00abb\u0142ogos\u0142awieni mi\u0142osierni, albowiem oni mi\u0142osierdzia dost\u0105pi\u0105\u00bb (Mt 5, 7), niech g\u0142osz\u0105c katechez\u0119 zach\u0119caj\u0105 \u0142agodnie wiernych, aby jak najcz\u0119\u015bciej spe\u0142niali uczynki mi\u0142o\u015bci bli\u017aniego lub mi\u0142osierdzia, id\u0105c za przyk\u0142adem i przykazaniem Jezusa Chrystusa, zgodnie ze wskazaniami zawartymi w drugiej koncesji og\u00f3lnej <i style=\"font-weight: normal\">Enchiridion Indulgentiarum.<br \/>\n<\/i><br \/>\nNiniejszy dekret ma moc wieczyst\u0105. Bez wzgl\u0119du na jakiekolwiek przeciwne rozporz\u0105dzenia.<\/p>\n<p>Rzym, w siedzibie Penitencjarii Apostolskiej, 29 czerwca 2002 r., w uroczysto\u015b\u0107 \u015awi\u0119tych Aposto\u0142\u00f3w Piotra i Paw\u0142a.<\/p>\n<p align=\"right\">Abp Luigi de Magistris<br \/>\n<i style=\"font-weight: normal\">(tyt. Nova)<\/i><br \/>\n<i style=\"font-weight: normal\">Propenitencjarz Wi\u0119kszy<\/i><br \/>\nGianfranco Girotti OFMConv<br \/>\n<i style=\"font-weight: normal\">Regens<\/i><\/p>\n<p>&#8212;&#8212;&#8212;&#8212;&#8212;&#8212;&#8212;&#8212;&#8212;&#8212;&#8212;&#8212;&#8212;&#8212;-<br \/>\nCyt. za: <i style=\"font-weight: normal\">L\u2019Osservatore Romano<\/i> 1 (2003), str. 55\u201356.<\/p>\n<p><a href=\"https:\/\/www.faustyna.pl\/zmbm\/milosierdzie\/\">Mi\u0142osierdzie\/Dokumenty Ko\u015bcio\u0142a<\/a><\/p>\n<\/div>\n","protected":false},"excerpt":{"rendered":"<p>PENITENCJARIA APOSTOLSKA DEKRET o zwi\u0105zaniu odpust\u00f3w z aktami kultu spe\u0142nianymi dla uczczenia Bo\u017cego Mi\u0142osierdzia \u00abMi\u0142osierdzie Twoje, Bo\u017ce, nie zna granic, niewyczerpany jest skarbiec Twojej dobroci\u2026\u00bb (modlitwa po hymnie Te Deum). \u00abBo\u017ce, Ty przez przebaczenie i lito\u015b\u0107 najpe\u0142niej okazujesz swoj\u0105 wszechmoc\u00bb (modlitwa z XXVI niedzieli okresu zwyk\u0142ego) \u2013 tak \u015bpiewa, wiernie i z pokor\u0105, \u015bwi\u0119ta Matka [&hellip;]<\/p>\n","protected":false},"author":1,"featured_media":0,"parent":0,"menu_order":0,"comment_status":"closed","ping_status":"closed","template":"","meta":{"footnotes":""},"categories":[12],"tags":[],"class_list":["post-825","page","type-page","status-publish","hentry","category-dokumenty-kosciola"],"_links":{"self":[{"href":"https:\/\/www.faustyna.pl\/zmbm\/wp-json\/wp\/v2\/pages\/825","targetHints":{"allow":["GET"]}}],"collection":[{"href":"https:\/\/www.faustyna.pl\/zmbm\/wp-json\/wp\/v2\/pages"}],"about":[{"href":"https:\/\/www.faustyna.pl\/zmbm\/wp-json\/wp\/v2\/types\/page"}],"author":[{"embeddable":true,"href":"https:\/\/www.faustyna.pl\/zmbm\/wp-json\/wp\/v2\/users\/1"}],"replies":[{"embeddable":true,"href":"https:\/\/www.faustyna.pl\/zmbm\/wp-json\/wp\/v2\/comments?post=825"}],"version-history":[{"count":6,"href":"https:\/\/www.faustyna.pl\/zmbm\/wp-json\/wp\/v2\/pages\/825\/revisions"}],"predecessor-version":[{"id":32367,"href":"https:\/\/www.faustyna.pl\/zmbm\/wp-json\/wp\/v2\/pages\/825\/revisions\/32367"}],"wp:attachment":[{"href":"https:\/\/www.faustyna.pl\/zmbm\/wp-json\/wp\/v2\/media?parent=825"}],"wp:term":[{"taxonomy":"category","embeddable":true,"href":"https:\/\/www.faustyna.pl\/zmbm\/wp-json\/wp\/v2\/categories?post=825"},{"taxonomy":"post_tag","embeddable":true,"href":"https:\/\/www.faustyna.pl\/zmbm\/wp-json\/wp\/v2\/tags?post=825"}],"curies":[{"name":"wp","href":"https:\/\/api.w.org\/{rel}","templated":true}]}}