



{"id":826,"date":"2014-12-14T10:22:54","date_gmt":"2014-12-14T09:22:54","guid":{"rendered":"http:\/\/www.faustyna.pl\/zmbm\/?page_id=826"},"modified":"2023-03-08T13:52:35","modified_gmt":"2023-03-08T12:52:35","slug":"odpust-zupelny-dla-koronki-do-milosierdzia-bozego","status":"publish","type":"page","link":"https:\/\/www.faustyna.pl\/zmbm\/odpust-zupelny-dla-koronki-do-milosierdzia-bozego\/","title":{"rendered":"Odpust zupe\u0142ny dla&nbsp;Koronki do Mi\u0142osierdzia&nbsp;Bo\u017cego"},"content":{"rendered":"<p align=\"justify\"><a href=\"https:\/\/www.faustyna.pl\/zmbm\/wp-content\/uploads\/2014\/12\/Watykan-1.jpg\" data-gallery><img loading=\"lazy\" decoding=\"async\" class=\"size-medium wp-image-10325 alignnone\" src=\"https:\/\/www.faustyna.pl\/zmbm\/wp-content\/uploads\/2014\/12\/Watykan-1-560x330.jpg\" alt=\"\" width=\"560\" height=\"330\" srcset=\"https:\/\/www.faustyna.pl\/zmbm\/wp-content\/uploads\/2014\/12\/Watykan-1-560x330.jpg 560w, https:\/\/www.faustyna.pl\/zmbm\/wp-content\/uploads\/2014\/12\/Watykan-1-140x83.jpg 140w, https:\/\/www.faustyna.pl\/zmbm\/wp-content\/uploads\/2014\/12\/Watykan-1.jpg 1024w\" sizes=\"auto, (max-width: 560px) 100vw, 560px\" \/><\/a><\/p>\n<p align=\"justify\">Od 26 maja 2001 roku wierni w Archidiecezji\u00a0 Krakowskiej mogli zyska\u0107 odpust zupe\u0142ny za odm\u00f3wienie Koronki do Mi\u0142osierdzia Bo\u017cego. Taki dekret wyda\u0142a Penitencjaria Apostolska na pro\u015bb\u0119 metropolity krakowskiego Franciszka kard. Macharskiego. Od 12 stycznia 2002 roku za pobo\u017cne odm\u00f3wienie Koronki do Mi\u0142osierdzia Bo\u017cego mo\u017cna ju\u017c w ca\u0142ej Polsce uzyska\u0107 odpust zupe\u0142ny. Zezwolenie to jest odpowiedzi\u0105 Stolicy Apostolskiej na pro\u015bb\u0119 kard. J\u00f3zefa Glempa, prymasa Polski i przewodnicz\u0105cego Konferencji Episkopatu.<\/p>\n<p align=\"center\"><b>* * *<\/b><\/p>\n<p style=\"text-align: right\">PENITENCJARIA APOSTOLSKA<\/p>\n<p align=\"center\"><b>Dekret<\/b><br \/>\no zwi\u0105zaniu odpust\u00f3w z Koronk\u0105 do Mi\u0142osierdzia Bo\u017cego<br \/>\n12 stycznia 2002<\/p>\n<p align=\"justify\">Penitencjaria Apostolska na mocy uprawnie\u0144\u00a0specjalnie udzielonych jej przez Papie\u017ca ch\u0119tnie przyjmuje przedstawion\u0105 pro\u015bb\u0119 i postanawia, co nast\u0119puje:<\/p>\n<p style=\"text-align: justify\">Odpustu zupe\u0142nego pod zwyk\u0142ymi warunkami\u00a0(mianowicie sakramentalna spowied\u017a, Komunia eucharystyczna i modlitwa w intencjach Ojca \u015awi\u0119tego) udziela si\u0119 w granicach Polski wiernemu, kt\u00f3ry z dusz\u0105 ca\u0142kowicie woln\u0105 od przywi\u0105zania do jakiegokolwiek grzechu pobo\u017cnie odm\u00f3wi Koronk\u0119 do Mi\u0142osierdzia Bo\u017cego w ko\u015bciele lub kaplicy wobec Naj\u015bwi\u0119tszego Sakramentu Eucharystii, publicznie wystawionego lub te\u017c przechowywanego w tabernakulum.<\/p>\n<p style=\"text-align: justify\">Je\u017celi za\u015b ci\u00a0 wierni z powodu choroby (lub innej s\u0142usznej racji) nie b\u0119d\u0105 mogli wyj\u015b\u0107 z domu, ale odm\u00f3wi\u0105 Koronk\u0119 do Mi\u0142osierdzia Bo\u017cego z ufno\u015bci\u0105 i z pragnieniem mi\u0142osierdzia dla siebie oraz gotowo\u015bci\u0105 okazania go innym, to pod zwyk\u0142ymi warunkami r\u00f3wnie\u017c zyskuj\u0105 odpust zupe\u0142ny, z zachowaniem przepis\u00f3w co do \u201emaj\u0105cych przeszkod\u0119\u201d, zawartych w normach 24 i 25 \u201eWykazu odpust\u00f3w\u201d (\u201eEnchiridii Indulgentiarum\u201d).<\/p>\n<p style=\"text-align: justify\">W\u00a0 innych\u00a0 za\u015b\u00a0 okoliczno\u015bciach\u00a0 odpust\u00a0 b\u0119dzie\u00a0 cz\u0105stkowy.\u00a0 Niniejsze zezwolenie zachowa wieczyst\u0105 wa\u017cno\u015b\u0107, bez wzgl\u0119du na jakiekolwiek przeciwne zarz\u0105dzenia.<\/p>\n<p style=\"text-align: right\">+ <i style=\"font-weight: normal\">Alojzy de Magostris<br \/>\nArcybiskup tyt. Novenris<br \/>\nPro-Penitencjarz Wi\u0119kszy<\/i><\/p>\n<p><a href=\"https:\/\/www.faustyna.pl\/zmbm\/milosierdzie\/\">Mi\u0142osierdzie\/Dokumenty Ko\u015bcio\u0142a<\/a><\/p>\n","protected":false},"excerpt":{"rendered":"<p>Od 26 maja 2001 roku wierni w Archidiecezji\u00a0 Krakowskiej mogli zyska\u0107 odpust zupe\u0142ny za odm\u00f3wienie Koronki do Mi\u0142osierdzia Bo\u017cego. Taki dekret wyda\u0142a Penitencjaria Apostolska na pro\u015bb\u0119 metropolity krakowskiego Franciszka kard. Macharskiego. Od 12 stycznia 2002 roku za pobo\u017cne odm\u00f3wienie Koronki do Mi\u0142osierdzia Bo\u017cego mo\u017cna ju\u017c w ca\u0142ej Polsce uzyska\u0107 odpust zupe\u0142ny. Zezwolenie to jest odpowiedzi\u0105 [&hellip;]<\/p>\n","protected":false},"author":1,"featured_media":0,"parent":0,"menu_order":0,"comment_status":"closed","ping_status":"closed","template":"","meta":{"footnotes":""},"categories":[12],"tags":[],"class_list":["post-826","page","type-page","status-publish","hentry","category-dokumenty-kosciola"],"_links":{"self":[{"href":"https:\/\/www.faustyna.pl\/zmbm\/wp-json\/wp\/v2\/pages\/826","targetHints":{"allow":["GET"]}}],"collection":[{"href":"https:\/\/www.faustyna.pl\/zmbm\/wp-json\/wp\/v2\/pages"}],"about":[{"href":"https:\/\/www.faustyna.pl\/zmbm\/wp-json\/wp\/v2\/types\/page"}],"author":[{"embeddable":true,"href":"https:\/\/www.faustyna.pl\/zmbm\/wp-json\/wp\/v2\/users\/1"}],"replies":[{"embeddable":true,"href":"https:\/\/www.faustyna.pl\/zmbm\/wp-json\/wp\/v2\/comments?post=826"}],"version-history":[{"count":13,"href":"https:\/\/www.faustyna.pl\/zmbm\/wp-json\/wp\/v2\/pages\/826\/revisions"}],"predecessor-version":[{"id":25819,"href":"https:\/\/www.faustyna.pl\/zmbm\/wp-json\/wp\/v2\/pages\/826\/revisions\/25819"}],"wp:attachment":[{"href":"https:\/\/www.faustyna.pl\/zmbm\/wp-json\/wp\/v2\/media?parent=826"}],"wp:term":[{"taxonomy":"category","embeddable":true,"href":"https:\/\/www.faustyna.pl\/zmbm\/wp-json\/wp\/v2\/categories?post=826"},{"taxonomy":"post_tag","embeddable":true,"href":"https:\/\/www.faustyna.pl\/zmbm\/wp-json\/wp\/v2\/tags?post=826"}],"curies":[{"name":"wp","href":"https:\/\/api.w.org\/{rel}","templated":true}]}}