



{"id":846,"date":"2014-12-14T10:22:54","date_gmt":"2014-12-14T09:22:54","guid":{"rendered":"http:\/\/www.faustyna.pl\/zmbm\/?page_id=846"},"modified":"2023-03-08T13:59:11","modified_gmt":"2023-03-08T12:59:11","slug":"godzina-milosierdzia-historia-nabozenstwa","status":"publish","type":"page","link":"https:\/\/www.faustyna.pl\/zmbm\/godzina-milosierdzia-historia-nabozenstwa\/","title":{"rendered":"Godzina Mi\u0142osierdzia"},"content":{"rendered":"<p align=\"justify\"><a href=\"https:\/\/www.faustyna.pl\/zmbm\/wp-content\/uploads\/2014\/12\/Godzina-Milosierdzia-2.jpg\" data-gallery><img loading=\"lazy\" decoding=\"async\" class=\"size-medium wp-image-10417 alignnone\" src=\"https:\/\/www.faustyna.pl\/zmbm\/wp-content\/uploads\/2014\/12\/Godzina-Milosierdzia-2-560x315.jpg\" alt=\"\" width=\"560\" height=\"315\" srcset=\"https:\/\/www.faustyna.pl\/zmbm\/wp-content\/uploads\/2014\/12\/Godzina-Milosierdzia-2-560x315.jpg 560w, https:\/\/www.faustyna.pl\/zmbm\/wp-content\/uploads\/2014\/12\/Godzina-Milosierdzia-2-140x79.jpg 140w, https:\/\/www.faustyna.pl\/zmbm\/wp-content\/uploads\/2014\/12\/Godzina-Milosierdzia-2.jpg 1024w\" sizes=\"auto, (max-width: 560px) 100vw, 560px\" \/><\/a><\/p>\n<p align=\"justify\">Spo\u015br\u00f3d wszystkich form kultu Mi\u0142osierdzia Bo\u017cego przekazanych przez Siostr\u0119 Faustyn\u0119 Godzina Mi\u0142osierdzia zosta\u0142a najp\u00f3\u017aniej odkryta i upowszechniona, poniewa\u017c pierwsze publikacje zwi\u0105zane z tym nabo\u017ce\u0144stwem upowszechnia\u0142y najcz\u0119\u015bciej: Koronk\u0119, Nowenn\u0119 i Litani\u0119. Dopiero teologiczna analiza pism \u015bw. Siostry Faustyny, zw\u0142aszcza jej \u201eDzienniczka\u201d, przeprowadzona przez ks. prof. I. R\u00f3\u017cyckiego dla potrzeb procesu beatyfikacyjnego, wy\u0142oni\u0142a spo\u015br\u00f3d wielu modlitw te, kt\u00f3re zosta\u0142y objawione przez Pana Jezusa i obdarzone specjalnymi obietnicami dla wszystkich praktykuj\u0105cych je. Do nowych i uprzywilejowanych form kultu \u2013 obok czci obrazu Jezusa Mi\u0142osiernego, obchodzenia \u015bwi\u0119ta Mi\u0142osierdzia, odmawiania Koronki do Mi\u0142osierdzia Bo\u017cego, szerzenia czci Mi\u0142osierdzia \u2013 nale\u017cy r\u00f3wnie\u017c Godzina Mi\u0142osierdzia. Od czasu publikacji prac ks. R\u00f3\u017cyckiego na temat nabo\u017ce\u0144stwa do Mi\u0142osierdzia Bo\u017cego zaznaczy\u0142 si\u0119 do\u015b\u0107 szybki rozw\u00f3j tej formy kultu, gdy\u017c jej praktyka nie wymaga specjalnych okoliczno\u015bci (np. obecno\u015bci w ko\u015bciele), a jedynie \u0142\u0105czenia si\u0119 (o 15:00) z Jezusem konaj\u0105cym na krzy\u017cu w miejscu, gdzie jeste\u015bmy o tej porze, rozmy\u015blania o\u00a0 Jego m\u0119ce, a w\u00a0 b\u0142aganiach\u00a0 odwo\u0142ywania\u00a0 si\u0119\u00a0 do jej warto\u015bci i zas\u0142ug.<\/p>\n<p><!--more--><\/p>\n<p style=\"text-align: justify\" align=\"justify\"><a href=\"https:\/\/www.faustyna.pl\/zmbm\/wp-content\/uploads\/2014\/12\/Droga-krzyzowa.jpg\" data-gallery><img loading=\"lazy\" decoding=\"async\" class=\"size-medium wp-image-10419 alignnone\" src=\"https:\/\/www.faustyna.pl\/zmbm\/wp-content\/uploads\/2014\/12\/Droga-krzyzowa-560x332.jpg\" alt=\"\" width=\"560\" height=\"332\" srcset=\"https:\/\/www.faustyna.pl\/zmbm\/wp-content\/uploads\/2014\/12\/Droga-krzyzowa-560x332.jpg 560w, https:\/\/www.faustyna.pl\/zmbm\/wp-content\/uploads\/2014\/12\/Droga-krzyzowa-140x83.jpg 140w, https:\/\/www.faustyna.pl\/zmbm\/wp-content\/uploads\/2014\/12\/Droga-krzyzowa.jpg 1024w\" sizes=\"auto, (max-width: 560px) 100vw, 560px\" \/><\/a><\/p>\n<p style=\"text-align: justify\" align=\"justify\">Modlitwa\u00a0 o trzeciej\u00a0 po\u00a0 po\u0142udniu\u00a0 praktykowana\u00a0 by\u0142a\u00a0 w\u00a0 Zgromadzeniu Si\u00f3str Matki Bo\u017cej Mi\u0142osierdzia od samego pocz\u0105tku. <i style=\"font-weight: normal\">O godzinie trzeciej<\/i> \u2013 g\u0142osi\u0142 zapis w dawnym polskim modlitewniku Zgromadzenia \u2013 <i style=\"font-weight: normal\">ma by\u0107 uderzenie w dzwonek, zapowiadaj\u0105cy godzin\u0119 \u015bmierci Chrystusa Pana. Wszystkie<\/i> [siostry] <i style=\"font-weight: normal\">natychmiast ukl\u0119kn\u0105, uca\u0142uj\u0105 ziemi\u0119 i zm\u00f3wi\u0105: \u201eNiech b\u0119dzie B\u00f3g najwy\u017cszy kochany&#8230;\u201d etc., 3 \u201eZdrowa\u015b Maryja\u201d na pami\u0105tk\u0119 trzech godzin, kt\u00f3re Naj\u015bwi\u0119tsza Panna sta\u0142a pod krzy\u017cem. Potem \u201eWestchnienie&#8230;\u201d<\/i> do Naj\u015bwi\u0119tszego Serca Pana Jezusa z pro\u015bb\u0105 o umiej\u0119tno\u015b\u0107 ca\u0142kowitego z\u0142o\u017cenia siebie w ofierze,\u00a0o ducha\u00a0pos\u0142usze\u0144stwa i mi\u0142o\u015b\u0107 Bo\u017c\u0105.\u00a0W tej formie modlitwa o trzeciej po po\u0142udniu w okresie mi\u0119dzywojennym XX wieku, a wi\u0119c za \u017cycia Siostry Faustyny, pozostawiona by\u0142a w Zgromadzeniu do dowolnego odprawiania.<\/p>\n<p style=\"text-align: justify\">W tym historycznym kontek\u015bcie Pan Jezus przekaza\u0142\u00a0 Siostrze Faustynie now\u0105 formu\u0142\u0119 praktyki modlitwy w chwili Jego konania na krzy\u017cu i nazwa\u0142 j\u0105 \u201egodzin\u0105 wielkiego mi\u0142osierdzia dla \u015bwiata ca\u0142ego\u201d <span style=\"font-size: 90%\">(Dz. 1320)<\/span>. Stanowi ona czas uprzywilejowany w nabo\u017ce\u0144stwie do Mi\u0142osierdzia Bo\u017cego, gdy\u017c z modlitw\u0105 w tej godzinie, je\u015bli spe\u0142nia ona okre\u015blone warunki, Jezus zwi\u0105za\u0142 obietnic\u0119 wszelkich \u0142ask i doczesnych dobrodziejstw, kt\u00f3re s\u0105 zgodne z wol\u0105 Bo\u017c\u0105 <span style=\"font-size: 90%\">(Dz. 1320, 1572)<\/span>.<\/p>\n<p style=\"text-align: justify\">Now\u0105 praktyk\u0119 modlitwy w\u00a0Godzinie Mi\u0142osierdzia\u00a0przyj\u0119\u0142a nie tylko sama Siostra Faustyna, ale tak\u017ce jej Zgromadzenie, kt\u00f3re wpisa\u0142o j\u0105 do modlitw obowi\u0105zkowych. W kaplicach Zgromadzenia modlitw\u0119 w Godzinie Mi\u0142osierdzia rozpoczyna akt: <i style=\"font-weight: normal\">O Krwi i Wodo. <\/i>Po nim nast\u0119puje modlitewne rozwa\u017canie jakiego\u015b aspektu m\u0119ki Pa\u0144skiej, uj\u0119te w formie bezpo\u015bredniego zwrotu do Pana Jezusa, po\u0142\u0105czone z modlitw\u0105 wstawiennicz\u0105 w og\u00f3lnych intencjach Ko\u015bcio\u0142a i \u015bwiata, a tak\u017ce w konkretnych intencjach wiernych, kt\u00f3rzy prosz\u0105 siostry o wsparcie modlitewne. Po modlitwie w Godzinie Mi\u0142osierdzia odmawiana jest jeszcze Koronka do Mi\u0142osierdzia Bo\u017cego oraz dzi\u0119kczynienie za wszystkie \u0142aski. W ka\u017cdy pi\u0105tek\u00a0 miesi\u0105ca modlitw\u0119 w Godzinie Mi\u0142osierdzia i Koronk\u0119 z Sanktuarium w Krakowie-\u0141agiewnikach transmituje TV Puls (od grudnia 2004 roku), a w pierwsze pi\u0105tki miesi\u0105ca (od wrze\u015bnia 2009 roku) tak\u017ce TV Lux ze S\u0142owacji. Godzina Mi\u0142osierdzia praktykowana jest te\u017c w niekt\u00f3rych rozg\u0142o\u015bniach katolickich (m. in. Wroc\u0142aw, Kalisz, Jasna G\u00f3ra). Teksty modlitw w Godzinie Mi\u0142osierdzia opublikowa\u0142o w formie ksi\u0105\u017ckowej Wydawnictwo \u201eMisericordia\u201d, a systematycznie podawane s\u0105 w kwartalniku \u201eOr\u0119dzie Mi\u0142osierdzia\u201d.<\/p>\n<p style=\"text-align: justify\">W wielu krajach na r\u00f3\u017cne sposoby popularyzuje\u00a0 si\u0119 t\u0119 form\u0119 kultu Mi\u0142osierdzia Bo\u017cego. W niekt\u00f3rych ko\u015bcio\u0142ach codziennie praktykowana jest modlitwa w Godzinie Mi\u0142osierdzia, w innych o trzeciej po po\u0142udniu bij\u0105 dzwony i wzywaj\u0105 ludzi do modlitwy w miejscu, gdzie ich zastaje ta godzina. Na Filipinach na ekranie telewizyjnym o tej porze pojawia si\u0119 obraz Jezusa Mi\u0142osiernego, a zegarki specjalnym sygna\u0142em oznajmiaj\u0105 godzin\u0119 trzeci\u0105. W tym celu coraz powszechniej wykorzystywany jest Internet i tak\u017ce telefony kom\u00f3rkowe, kt\u00f3re sygnalizuj\u0105 godzin\u0119 trzeci\u0105 po po\u0142udniu przypominaj\u0105c o momencie \u015bmierci Jezusa i czasie mi\u0142osierdzia, jaki nam da\u0142 mi\u0142osierny Pan ka\u017cdego dnia, w ka\u017cdym miejscu.<\/p>\n<p align=\"right\"><i style=\"font-weight: normal\">s. M. El\u017cbieta Siepak ISMM<\/i><\/p>\n<p>Zobacz tak\u017ce:<br \/>\n<a href=\"https:\/\/www.faustyna.pl\/zmbm\/godzina-milosierdzia\/\">Nabo\u017ce\u0144stwo do Mi\u0142osierdzia Bo\u017cego &#8211; Godzina Mi\u0142osierdzia<\/a><\/p>\n<p><a href=\"https:\/\/www.faustyna.pl\/zmbm\/milosierdzie\/\">Mi\u0142osierdzie\/Historia nabo\u017ce\u0144stwa do Mi\u0142osierdzia Bo\u017cego<\/a><\/p>\n","protected":false},"excerpt":{"rendered":"<p>Spo\u015br\u00f3d wszystkich form kultu Mi\u0142osierdzia Bo\u017cego przekazanych przez Siostr\u0119 Faustyn\u0119 Godzina Mi\u0142osierdzia zosta\u0142a najp\u00f3\u017aniej odkryta i upowszechniona, poniewa\u017c pierwsze publikacje zwi\u0105zane z tym nabo\u017ce\u0144stwem upowszechnia\u0142y najcz\u0119\u015bciej: Koronk\u0119, Nowenn\u0119 i Litani\u0119. Dopiero teologiczna analiza pism \u015bw. Siostry Faustyny, zw\u0142aszcza jej \u201eDzienniczka\u201d, przeprowadzona przez ks. prof. I. R\u00f3\u017cyckiego dla potrzeb procesu beatyfikacyjnego, wy\u0142oni\u0142a spo\u015br\u00f3d wielu modlitw te, [&hellip;]<\/p>\n","protected":false},"author":1,"featured_media":0,"parent":0,"menu_order":0,"comment_status":"closed","ping_status":"closed","template":"","meta":{"footnotes":""},"categories":[14],"tags":[],"class_list":["post-846","page","type-page","status-publish","hentry","category-historia-nabozenstwa-do-milosierdzia-bozego"],"_links":{"self":[{"href":"https:\/\/www.faustyna.pl\/zmbm\/wp-json\/wp\/v2\/pages\/846","targetHints":{"allow":["GET"]}}],"collection":[{"href":"https:\/\/www.faustyna.pl\/zmbm\/wp-json\/wp\/v2\/pages"}],"about":[{"href":"https:\/\/www.faustyna.pl\/zmbm\/wp-json\/wp\/v2\/types\/page"}],"author":[{"embeddable":true,"href":"https:\/\/www.faustyna.pl\/zmbm\/wp-json\/wp\/v2\/users\/1"}],"replies":[{"embeddable":true,"href":"https:\/\/www.faustyna.pl\/zmbm\/wp-json\/wp\/v2\/comments?post=846"}],"version-history":[{"count":8,"href":"https:\/\/www.faustyna.pl\/zmbm\/wp-json\/wp\/v2\/pages\/846\/revisions"}],"predecessor-version":[{"id":25828,"href":"https:\/\/www.faustyna.pl\/zmbm\/wp-json\/wp\/v2\/pages\/846\/revisions\/25828"}],"wp:attachment":[{"href":"https:\/\/www.faustyna.pl\/zmbm\/wp-json\/wp\/v2\/media?parent=846"}],"wp:term":[{"taxonomy":"category","embeddable":true,"href":"https:\/\/www.faustyna.pl\/zmbm\/wp-json\/wp\/v2\/categories?post=846"},{"taxonomy":"post_tag","embeddable":true,"href":"https:\/\/www.faustyna.pl\/zmbm\/wp-json\/wp\/v2\/tags?post=846"}],"curies":[{"name":"wp","href":"https:\/\/api.w.org\/{rel}","templated":true}]}}