



{"id":856,"date":"2014-12-14T10:22:54","date_gmt":"2014-12-14T09:22:54","guid":{"rendered":"http:\/\/www.faustyna.pl\/zmbm\/?page_id=856"},"modified":"2026-05-08T09:26:04","modified_gmt":"2026-05-08T07:26:04","slug":"litania-do-milosierdzia-bozego","status":"publish","type":"page","link":"https:\/\/www.faustyna.pl\/zmbm\/litania-do-milosierdzia-bozego\/","title":{"rendered":"Litania do Mi\u0142osierdzia Bo\u017cego"},"content":{"rendered":"<h3 style=\"text-align: center\" align=\"center\"><span style=\"color: #800000\">\u00a0<a href=\"https:\/\/www.faustyna.pl\/zmbm\/wp-content\/uploads\/2014\/12\/Litania-do-Milosierdzia-Bozego.jpg\" data-gallery><img loading=\"lazy\" decoding=\"async\" class=\"alignnone wp-image-10390 size-large\" src=\"https:\/\/www.faustyna.pl\/zmbm\/wp-content\/uploads\/2014\/12\/Litania-do-Milosierdzia-Bozego-1024x611.jpg\" alt=\"\" width=\"1024\" height=\"611\" srcset=\"https:\/\/www.faustyna.pl\/zmbm\/wp-content\/uploads\/2014\/12\/Litania-do-Milosierdzia-Bozego.jpg 1024w, https:\/\/www.faustyna.pl\/zmbm\/wp-content\/uploads\/2014\/12\/Litania-do-Milosierdzia-Bozego-140x84.jpg 140w, https:\/\/www.faustyna.pl\/zmbm\/wp-content\/uploads\/2014\/12\/Litania-do-Milosierdzia-Bozego-560x334.jpg 560w\" sizes=\"auto, (max-width: 1024px) 100vw, 1024px\" \/><\/a><\/span><\/h3>\n<p style=\"text-align: left\" align=\"center\">Kyrie, eleison, Chryste, eleison.<br \/>\nChryste, us\u0142ysz nas. Chryste, wys\u0142uchaj nas.<br \/>\nOjcze z nieba, Bo\u017ce \u2013 zmi\u0142uj si\u0119 nad nami.<br \/>\nSynu, Odkupicielu \u015bwiata, Bo\u017ce \u2013 zmi\u0142uj si\u0119 nad nami.<br \/>\nDuchu \u015awi\u0119ty, Bo\u017ce \u2013 zmi\u0142uj si\u0119 nad nami.<\/p>\n<p style=\"margin: 0px;text-indent: 0px\">\u015awi\u0119ta Tr\u00f3jco, jedyny Bo\u017ce \u2013 <i style=\"font-weight: normal\">zmi\u0142uj si\u0119 nad nami<\/i>.<\/p>\n<p style=\"margin: 0px;text-indent: 0px\">Mi\u0142osierdzie Bo\u017ce, najwy\u017cszy przymiocie Stw\u00f3rcy<i style=\"font-weight: normal\">, ufamy Tobie!<\/i><\/p>\n<p style=\"margin: 0px;text-indent: 0px\">Mi\u0142osierdzie Bo\u017ce, niezg\u0142\u0119biona mi\u0142o\u015bci U\u015bwi\u0119ciciela<i style=\"font-weight: normal\">, ufamy Tobie!<\/i><\/p>\n<p style=\"margin: 0px;text-indent: 0px\" align=\"justify\">Mi\u0142osierdzie Bo\u017ce, niepoj\u0119ta tajemnico Tr\u00f3jcy \u015awi\u0119tej<i style=\"font-weight: normal\">, ufamy\u00a0Tobie!<\/i><\/p>\n<p style=\"margin: 0px;text-indent: 0px\" align=\"justify\">Mi\u0142osierdzie Bo\u017ce, wyrazie najwi\u0119kszej pot\u0119gi Boga<i style=\"font-weight: normal\">, ufamy Tobie!<\/i><\/p>\n<p style=\"margin: 0px;text-indent: 0px\" align=\"justify\">Mi\u0142osierdzie Bo\u017ce, w stworzeniu duch\u00f3w niebieskich<i style=\"font-weight: normal\">, ufamy Tobie!<\/i><\/p>\n<p style=\"margin: 0px;text-indent: 0px\" align=\"justify\">Mi\u0142osierdzie Bo\u017ce, powo\u0142uj\u0105ce nas z nico\u015bci do istnienia<i style=\"font-weight: normal\">, ufamy Tobie!<\/i><\/p>\n<p style=\"margin: 0px;text-indent: 0px\" align=\"justify\">Mi\u0142osierdzie Bo\u017ce, ogarniaj\u0105ce wszech\u015bwiat ca\u0142y<i style=\"font-weight: normal\">, ufamy Tobie!<\/i><\/p>\n<p style=\"margin: 0px;text-indent: 0px\" align=\"justify\">Mi\u0142osierdzie Bo\u017ce, darz\u0105ce nas \u017cyciem nie\u015bmiertelnym<i style=\"font-weight: normal\">, ufamy Tobie!<\/i><\/p>\n<p style=\"margin: 0px;text-indent: 0px\" align=\"justify\">Mi\u0142osierdzie Bo\u017ce, chroni\u0105ce nas przed zas\u0142u\u017conymi karami<i style=\"font-weight: normal\">, ufamy Tobie!<\/i><\/p>\n<p style=\"margin: 0px;text-indent: 0px\" align=\"justify\">Mi\u0142osierdzie Bo\u017ce, d\u017awigaj\u0105ce nas z n\u0119dzy grzechu<i style=\"font-weight: normal\">, ufamy Tobie!<\/i><\/p>\n<p style=\"margin: 0px;text-indent: 0px\">Mi\u0142osierdzie Bo\u017ce, usprawiedliwiaj\u0105ce nas w S\u0142owie Wcielonym<i style=\"font-weight: normal\">, ufamy Tobie!<\/i><\/p>\n<p style=\"margin: 0px;text-indent: 0px\" align=\"justify\">Mi\u0142osierdzie Bo\u017ce, wyp\u0142ywaj\u0105ce z ran Chrystusowych<i style=\"font-weight: normal\">, ufamy Tobie!<\/i><\/p>\n<p style=\"margin: 0px;text-indent: 0px\">Mi\u0142osierdzie Bo\u017ce, tryskaj\u0105ce z Naj\u015bwi\u0119tszego Serca Jezusowego<i style=\"font-weight: normal\">, ufamy Tobie!<\/i><\/p>\n<p style=\"margin: 0px;text-indent: 0px\">Mi\u0142osierdzie Bo\u017ce, daj\u0105ce nam Naj\u015bwi\u0119tsz\u0105 Maryj\u0119 Pann\u0119 za Matk\u0119 Mi\u0142osierdzia<i style=\"font-weight: normal\">, ufamy Tobie!<\/i><\/p>\n<p style=\"margin: 0px;text-indent: 0px\" align=\"justify\">Mi\u0142osierdzie Bo\u017ce, w objawieniu tajemnic Bo\u017cych<i style=\"font-weight: normal\">, ufamy Tobie!<\/i><\/p>\n<p style=\"margin: 0px;text-indent: 0px\" align=\"justify\">Mi\u0142osierdzie Bo\u017ce, w ustanowieniu Ko\u015bcio\u0142a powszechnego<i style=\"font-weight: normal\">, ufamy Tobie!<\/i><\/p>\n<p style=\"margin: 0px;text-indent: 0px\" align=\"justify\">Mi\u0142osierdzie Bo\u017ce, w ustanowieniu sakrament\u00f3w \u015bwi\u0119tych<i style=\"font-weight: normal\">, ufamy Tobie!<\/i><\/p>\n<p style=\"margin: 0px;text-indent: 0px\">Mi\u0142osierdzie Bo\u017ce, przede wszystkim w sakramencie chrztu i pokuty<i style=\"font-weight: normal\">, ufamy Tobie!<\/i><\/p>\n<p style=\"margin: 0px;text-indent: 0px\" align=\"justify\">Mi\u0142osierdzie Bo\u017ce, w sakramencie O\u0142tarza i kap\u0142a\u0144stwa<i style=\"font-weight: normal\">, ufamy Tobie!<\/i><\/p>\n<p style=\"margin: 0px;text-indent: 0px\" align=\"justify\">Mi\u0142osierdzie Bo\u017ce, w powo\u0142aniu nas do wiary \u015bwi\u0119tej<i style=\"font-weight: normal\">, ufamy Tobie!<\/i><\/p>\n<p style=\"margin: 0px;text-indent: 0px\" align=\"justify\">Mi\u0142osierdzie Bo\u017ce, w nawr\u00f3ceniu grzesznik\u00f3w<i style=\"font-weight: normal\">, ufamy Tobie!<\/i><\/p>\n<p style=\"margin: 0px;text-indent: 0px\" align=\"justify\">Mi\u0142osierdzie Bo\u017ce, w u\u015bwi\u0119ceniu sprawiedliwych<i style=\"font-weight: normal\">, ufamy Tobie!<\/i><\/p>\n<p style=\"margin: 0px;text-indent: 0px\" align=\"justify\">Mi\u0142osierdzie Bo\u017ce, w udoskonaleniu \u015bwi\u0105tobliwych<i style=\"font-weight: normal\">, ufamy Tobie!<\/i><\/p>\n<p style=\"margin: 0px;text-indent: 0px\" align=\"justify\">Mi\u0142osierdzie Bo\u017ce, zdroju chorych i cierpi\u0105cych<i style=\"font-weight: normal\">, ufamy Tobie!<\/i><\/p>\n<p style=\"margin: 0px;text-indent: 0px\" align=\"justify\">Mi\u0142osierdzie Bo\u017ce, ukojenie serc udr\u0119czonych<i style=\"font-weight: normal\">, ufamy Tobie!<\/i><\/p>\n<p style=\"margin: 0px;text-indent: 0px\">Mi\u0142osierdzie Bo\u017ce, nadziejo dusz zrozpaczonych<i style=\"font-weight: normal\">, ufamy Tobie!<\/i><\/p>\n<p style=\"margin: 0px;text-indent: 0px\">Mi\u0142osierdzie Bo\u017ce, towarzysz\u0105ce wszystkim ludziom zawsze i wsz\u0119dzie<i style=\"font-weight: normal\">, ufamy Tobie!<\/i><\/p>\n<p style=\"margin: 0px;text-indent: 0px\" align=\"justify\">Mi\u0142osierdzie Bo\u017ce, uprzedzaj\u0105ce nas \u0142askami<i style=\"font-weight: normal\">, ufamy Tobie!<\/i><\/p>\n<p style=\"margin: 0px;text-indent: 0px\" align=\"justify\">Mi\u0142osierdzie Bo\u017ce, pokoju konaj\u0105cych<i style=\"font-weight: normal\">, ufamy Tobie!<\/i><\/p>\n<p style=\"margin: 0px;text-indent: 0px\" align=\"justify\">Mi\u0142osierdzie Bo\u017ce, rozkoszy niebia\u0144ska zbawionych<i style=\"font-weight: normal\">, ufamy Tobie!<\/i><\/p>\n<p style=\"margin: 0px;text-indent: 0px\" align=\"justify\">Mi\u0142osierdzie Bo\u017ce, och\u0142odo i ulgo dusz czy\u015b\u0107cowych<i style=\"font-weight: normal\">, ufamy Tobie!<\/i><\/p>\n<p style=\"margin: 0px;text-indent: 0px\" align=\"justify\">Mi\u0142osierdzie Bo\u017ce, korono Wszystkich \u015awi\u0119tych<i style=\"font-weight: normal\">, ufamy Tobie!<\/i><\/p>\n<p style=\"margin: 0px;text-indent: 0px\" align=\"justify\">Mi\u0142osierdzie Bo\u017ce, niewyczerpane \u017ar\u00f3d\u0142o cud\u00f3w<i style=\"font-weight: normal\">, ufamy Tobie!<\/i><\/p>\n<p>Baranku Bo\u017cy, kt\u00f3ry\u015b okaza\u0142 najwi\u0119ksze mi\u0142osierdzie w odkupieniu \u015bwiata na krzy\u017cu \u2013 przepu\u015b\u0107<br \/>\nnam, Panie.<\/p>\n<p align=\"justify\">Baranku Bo\u017cy, kt\u00f3ry si\u0119 mi\u0142osiernie ofiarujesz za nas w ka\u017cdej Mszy \u015awi\u0119tej \u2013 wys\u0142uchaj nas,<br \/>\nPanie.<\/p>\n<p style=\"margin: 0px;text-indent: 0px\" align=\"justify\">Baranku Bo\u017cy, kt\u00f3ry z nieprzebranego mi\u0142osierdzia g\u0142adzisz grzechy nasze \u2013<i style=\"font-weight: normal\"> zmi\u0142uj si\u0119 nad nami<\/i>.<\/p>\n<p style=\"margin: 0px;text-indent: 0px\" align=\"justify\"><b><br \/>\nK:<\/b> Mi\u0142osierdzie Bo\u017ce ponad wszystkie dzie\u0142a Jego.<\/p>\n<p style=\"margin: 0px;text-indent: 0px\" align=\"justify\"><b>W:<\/b> Przeto mi\u0142osierdzie Pa\u0144skie na wieki wychwala\u0107 b\u0119dziemy.<\/p>\n<p style=\"margin: 0px;text-indent: 0px\" align=\"justify\"><b><br \/>\nM\u00f3dlmy si\u0119:<\/b><\/p>\n<p style=\"margin: 0px;text-indent: 0px\" align=\"justify\">Bo\u017ce, w kt\u00f3rym mi\u0142osierdzie jest niezg\u0142\u0119bione, a skarby lito\u015bci nieprzebrane, wejrzyj na nas \u0142askawie i pomn\u00f3\u017c w nas ufno\u015b\u0107 w mi\u0142osierdzie Twoje, by\u015bmy nigdy, nawet w najwi\u0119kszych trudno\u015bciach nie poddawali si\u0119 rozpaczy, lecz zawsze ufnie zgadzali si\u0119 z wol\u0105 Twoj\u0105, kt\u00f3ra jest samym mi\u0142osierdziem. Przez Pana naszego Jezusa Chrystusa, Kr\u00f3la mi\u0142osierdzia, kt\u00f3ry z Tob\u0105 i\u00a0Duchem \u015awi\u0119tym okazuje nam mi\u0142osierdzie teraz i na wieki. Amen.<\/p>\n<p align=\"justify\"><a href=\"https:\/\/www.faustyna.pl\/zmbm\/milosierdzie\/\">Mi\u0142osierdzie\/Inne modlitwy do Mi\u0142osierdzia Bo\u017cego<\/a><\/p>\n","protected":false},"excerpt":{"rendered":"<p>\u00a0 Kyrie, eleison, Chryste, eleison. Chryste, us\u0142ysz nas. Chryste, wys\u0142uchaj nas. Ojcze z nieba, Bo\u017ce \u2013 zmi\u0142uj si\u0119 nad nami. Synu, Odkupicielu \u015bwiata, Bo\u017ce \u2013 zmi\u0142uj si\u0119 nad nami. Duchu \u015awi\u0119ty, Bo\u017ce \u2013 zmi\u0142uj si\u0119 nad nami. \u015awi\u0119ta Tr\u00f3jco, jedyny Bo\u017ce \u2013 zmi\u0142uj si\u0119 nad nami. Mi\u0142osierdzie Bo\u017ce, najwy\u017cszy przymiocie Stw\u00f3rcy, ufamy Tobie! Mi\u0142osierdzie Bo\u017ce, [&hellip;]<\/p>\n","protected":false},"author":1,"featured_media":0,"parent":0,"menu_order":0,"comment_status":"closed","ping_status":"closed","template":"","meta":{"footnotes":""},"categories":[15],"tags":[],"class_list":["post-856","page","type-page","status-publish","hentry","category-inne-modlitwy-do-milosierdzia-bozego"],"_links":{"self":[{"href":"https:\/\/www.faustyna.pl\/zmbm\/wp-json\/wp\/v2\/pages\/856","targetHints":{"allow":["GET"]}}],"collection":[{"href":"https:\/\/www.faustyna.pl\/zmbm\/wp-json\/wp\/v2\/pages"}],"about":[{"href":"https:\/\/www.faustyna.pl\/zmbm\/wp-json\/wp\/v2\/types\/page"}],"author":[{"embeddable":true,"href":"https:\/\/www.faustyna.pl\/zmbm\/wp-json\/wp\/v2\/users\/1"}],"replies":[{"embeddable":true,"href":"https:\/\/www.faustyna.pl\/zmbm\/wp-json\/wp\/v2\/comments?post=856"}],"version-history":[{"count":15,"href":"https:\/\/www.faustyna.pl\/zmbm\/wp-json\/wp\/v2\/pages\/856\/revisions"}],"predecessor-version":[{"id":32373,"href":"https:\/\/www.faustyna.pl\/zmbm\/wp-json\/wp\/v2\/pages\/856\/revisions\/32373"}],"wp:attachment":[{"href":"https:\/\/www.faustyna.pl\/zmbm\/wp-json\/wp\/v2\/media?parent=856"}],"wp:term":[{"taxonomy":"category","embeddable":true,"href":"https:\/\/www.faustyna.pl\/zmbm\/wp-json\/wp\/v2\/categories?post=856"},{"taxonomy":"post_tag","embeddable":true,"href":"https:\/\/www.faustyna.pl\/zmbm\/wp-json\/wp\/v2\/tags?post=856"}],"curies":[{"name":"wp","href":"https:\/\/api.w.org\/{rel}","templated":true}]}}