



{"id":860,"date":"2014-12-14T10:22:54","date_gmt":"2014-12-14T09:22:54","guid":{"rendered":"http:\/\/www.faustyna.pl\/zmbm\/?page_id=860"},"modified":"2023-03-08T14:04:32","modified_gmt":"2023-03-08T13:04:32","slug":"gigapikselowa-fotografia-obrazu-jezusa-milosiernego","status":"publish","type":"page","link":"https:\/\/www.faustyna.pl\/zmbm\/gigapikselowa-fotografia-obrazu-jezusa-milosiernego\/","title":{"rendered":"Gigapikselowa fotografia obrazu Jezusa Mi\u0142osiernego"},"content":{"rendered":"<div style=\"text-align: justify\"><a href=\"https:\/\/www.faustyna.pl\/zmbm\/wp-content\/uploads\/2014\/12\/Obraz-Jezusa-Milosiernego-gigapiksel.jpg\" data-gallery><img loading=\"lazy\" decoding=\"async\" class=\"size-medium wp-image-10384 alignnone\" src=\"https:\/\/www.faustyna.pl\/zmbm\/wp-content\/uploads\/2014\/12\/Obraz-Jezusa-Milosiernego-gigapiksel-560x331.jpg\" alt=\"\" width=\"560\" height=\"331\" srcset=\"https:\/\/www.faustyna.pl\/zmbm\/wp-content\/uploads\/2014\/12\/Obraz-Jezusa-Milosiernego-gigapiksel-560x331.jpg 560w, https:\/\/www.faustyna.pl\/zmbm\/wp-content\/uploads\/2014\/12\/Obraz-Jezusa-Milosiernego-gigapiksel-140x83.jpg 140w, https:\/\/www.faustyna.pl\/zmbm\/wp-content\/uploads\/2014\/12\/Obraz-Jezusa-Milosiernego-gigapiksel.jpg 1024w\" sizes=\"auto, (max-width: 560px) 100vw, 560px\" \/><\/a><\/div>\n<div style=\"text-align: justify\"><a href=\"https:\/\/www.faustyna.pl\/zmbm\/laskami-slynacy-obraz-jezusa-milosiernego\/\">Taka fotografia<\/a> zapewnia niespotykan\u0105 do tej pory mo\u017cliwo\u015b\u0107 ogl\u0105dania na ekranie komputera (poprzez stron\u0119 Web) ca\u0142ego obrazu i jego detali, w przybli\u017ceniu umo\u017cliwiaj\u0105cym zwr\u00f3cenie uwagi na ka\u017cde poci\u0105gni\u0119cie p\u0119dzla, kanelury czy retusze. Ultra-fotografi\u0119 \u0142askami s\u0142yn\u0105cego obrazu z Sanktuarium Bo\u017cego Mi\u0142osierdzia w Krakowie-\u0141agiewnikach wykona\u0142em w pa\u017adzierniku 2011 roku. Przez 12 godzin rejestrowa\u0142em obraz w specjalnej technice, uzyskuj\u0105c rozdzielczo\u015b\u0107 3 miliard\u00f3w pikseli. Ca\u0142o\u015b\u0107 prezentacji przygotowywana by\u0142a przez blisko 12 miesi\u0119cy.<\/div>\n<div><\/div>\n<div style=\"text-align: justify\">Technika tej fotografii polega na wykonaniu kilkuset, a nawet kilku tysi\u0119cy zdj\u0119\u0107 fragment\u00f3w obrazu, a nast\u0119pnie po\u0142\u0105czenie ich w specjalistycznym programie komputerowym. Fotografia wykonywana jest przez zrobotyzowan\u0105 g\u0142owic\u0119 utrzymuj\u0105c\u0105 aparat fotograficzny ze specjalistycznym obiektywem. W technice tej obraz traktowany jest wycinkowo, a po z\u0142o\u017ceniu ca\u0142o\u015bci istnieje mo\u017cliwo\u015b\u0107 dowolnego zbli\u017cania fragment\u00f3w dzie\u0142a, mo\u017cliwo\u015b\u0107 analizy jego struktury, co interesuje nie tylko specjalist\u00f3w, ale i zaspokaja zwyk\u0142\u0105 ludzk\u0105 ciekawo\u015b\u0107. Przed efektem finalnym ca\u0142o\u015b\u0107 poddawana jest precyzyjnej kalibracji kolorystycznej, gwarantuj\u0105cej idealne odwzorowanie kolor\u00f3w orygina\u0142u. Po uko\u0144czeniu prac plik wyj\u015bciowy \u2013 zajmuj\u0105cy monstrualne nieraz wielko\u015bci 50-200 GB \u2013 umieszczany jest na serwerze i publikowany na stronie internetowej, gdzie ka\u017cdy ma mo\u017cliwo\u015b\u0107 obejrzenia dzie\u0142a w taki spos\u00f3b, jakiego nie do\u015bwiadczy\u0142by w \u017cadnym muzeum czy ko\u015bciele. W przypadku \u0142askami s\u0142yn\u0105cego obrazu Jezusa Mi\u0142osiernego z Sanktuarium w Krakowie-\u0141agiewnikach rozdzielczo\u015b\u0107 wynosi 3 GPx, czyli 3000 MPx. Przyjmuj\u0105c, \u017ce przeci\u0119tny dobry aparat cyfrowy posiada rozdzielczo\u015b\u0107 rz\u0119du 12 MPx uzyskujemy rozdzielczo\u015b\u0107 240 razy wi\u0119ksz\u0105. To tak jakby ogl\u0105da\u0107 obraz z odleg\u0142o\u015bci p\u00f3\u0142 metra zamiast paru czy kilkunastu metr\u00f3w.<\/div>\n<div style=\"text-align: justify\"><\/div>\n<div style=\"text-align: justify\">Ta technika fotografii, bardzo rzadko spotykana w Europie \u015arodkowej, jest ca\u0142kowicie bezpieczna dla dzie\u0142 sztuki, gdy\u017c wykonywana jest przy podw\u00f3jnym filtrowaniu UV \u015bwiat\u0142a i przy braku jakiegokolwiek bezpo\u015bredniego kontaktu z obrazem. Efekty s\u0105 wr\u0119cz niesamowite. Do tej pory \u017cadne muzeum w Polsce nie posiada fotografii w tak wysokiej rozdzielczo\u015bci. Jeste\u015bmy daleko w tyle za takimi pa\u0144stwami jak W\u0142ochy czy Hiszpania, gdzie od paru lat prowadzone s\u0105 specjalistyczne programy umieszczaj\u0105ce najwi\u0119ksze dzie\u0142a w historii malarstwa europejskiego w Internecie. Wydaje si\u0119, \u017ce kolebk\u0105 nowego podej\u015bcia do reprodukcji i upowszechniania dzie\u0142 sztuki by\u0142y W\u0142ochy. Przez kilka lat grupa \u201ezapale\u0144c\u00f3w\u201d pod pseudonimem HAL9000 dokumentowa\u0142a najwi\u0119ksze dzie\u0142a Italii, obecnie przekszta\u0142caj\u0105c si\u0119 w najwi\u0119ksz\u0105 instytucj\u0119 digitalizuj\u0105c\u0105 sztuk\u0119 \u2013 Halta Definizione. Warto wspomnie\u0107, \u017ce we W\u0142oszech podobn\u0105 metod\u0105 przeniesiono do komputera i Internetu takie dzie\u0142a, jak: Ostatnia Wieczerza Leonarda Da Vinci, sklepienie z freskami Giotta z bazyliki \u015bw. Franciszka w Asy\u017cu czy ca\u0142e sklepienie Kaplicy Syksty\u0144skiej w Watykanie. Dzi\u0119ki temu wierz\u0105cy na ca\u0142ym \u015bwiecie maj\u0105 mo\u017cliwo\u015b\u0107 przypatrzenia si\u0119 postaci Zbawiciela, niemal namacalnego \u201edotykania\u201d relikwii.<\/div>\n<div style=\"text-align: justify\"><\/div>\n<div style=\"text-align: justify\">Tak dok\u0142adna reprodukcja dzie\u0142a sztuki daje niesamowite wr\u0119cz mo\u017cliwo\u015bci przysz\u0142o\u015bciowego badania i analizy przedmiotu. Przywo\u0142am tu przyk\u0142ad z ostatniego roku, kiedy to w\u0142a\u015bnie po analizie fotografii fresku Giotta z Asy\u017cu \u2013 Chiara Frugoni dopatrzy\u0142a si\u0119 zarysu twarzy szatana. Po o\u015bmiu wiekach, jakie min\u0119\u0142y od powstania malowid\u0142a! Do tej pory \u017cadna technika nie pozwala\u0142a na tak kompleksowe analizowanie dzie\u0142a. Owszem, ju\u017c od lat 90. XX wieku istnia\u0142y mo\u017cliwo\u015bci skanowania dzie\u0142 sztuki, jednak ta metoda ogranicza\u0142a si\u0119 do stosunkowo niewielkich gabaryt\u00f3w. Metoda zastosowana przeze mnie przy fotografii obrazu: \u201eJezu, ufam Tobie\u201d doskonale dowodzi, \u017ce w ka\u017cdym miejscu, bez konieczno\u015bci demonta\u017cu, istnieje mo\u017cliwo\u015b\u0107 stworzenia czego\u015b, o czym dot\u0105d mo\u017cna by\u0142o tylko marzy\u0107.<\/div>\n<div style=\"text-align: justify\"><\/div>\n<div style=\"text-align: justify\">Pomys\u0142 wykonania takiej fotografii rodzi\u0142 si\u0119 przez wiele lat. Kompletowanie sprz\u0119tu, zdobywanie do\u015bwiadczenia, wiedzy, analizowanie dotychczasowego dorobku w tej dziedzinie na Zachodzie \u2013 to wszystko zaj\u0119\u0142o mi dobrych par\u0119 lat. Finalizacja stara\u0144 \u2013 dzi\u0119ki bezpo\u015bredniej wsp\u00f3\u0142pracy z portalem: franciszka\u0144ska3.pl i ks. Miros\u0142awem Kules\u0105 \u2013 by\u0142a mo\u017cliwa jesieni\u0105 ubieg\u0142ego roku. Wtedy to przez dwie noce z pomoc\u0105 Mateusza Galiaka wykona\u0142em niezb\u0119dny materia\u0142 zdj\u0119ciowy. Fotografowanie obrazu w Sanktuarium Bo\u017cego Mi\u0142osierdzia w Krakowie-\u0141agiewnikach odbywa\u0142o si\u0119 podczas dw\u00f3ch nocy, aby nie zak\u0142\u00f3ca\u0107 porz\u0105dku nabo\u017ce\u0144stw i modlitwy pielgrzymom tak licznie nawiedzaj\u0105cym t\u0119 kaplic\u0119. Potem przysz\u0142y miesi\u0105ce pracy nad z\u0142o\u017ceniem fotografii i w ostatnim czasie prace z Krzysztofem Darmetk\u0105 nad ko\u0144cowym zabezpieczeniem i w\u0142o\u017ceniem fotografii na stron\u0119: www.faustyna.pl.<\/div>\n<div style=\"text-align: justify\"><\/div>\n<div style=\"text-align: justify\">Ciesz\u0119 si\u0119, \u017ce prezentacja uko\u0144czonego dzie\u0142a zbiega si\u0119 ze 150-leciem za\u0142o\u017cenia Zgromadzenia Si\u00f3str Matki Bo\u017cej Mi\u0142osierdzia, do kt\u00f3rego nale\u017c\u0105 prawa autorskie do tego obrazu Jezusa Mi\u0142osiernego. Znamienne jest r\u00f3wnie\u017c to, \u017ce kopia tego obrazu wraz z relikwiami \u015bw. Siostry Faustyny i b\u0142. Jana Paw\u0142a II pielgrzymuje po Archidiecezji Krakowskiej. Jestem przekonany, \u017ce te zbie\u017cno\u015bci s\u0105 dowodem na dzia\u0142anie Opatrzno\u015bci Bo\u017cej, kt\u00f3rej do\u015bwiadcza\u0107 mog\u0142em wielokrotnie.<\/div>\n<div style=\"text-align: justify\"><\/div>\n<div style=\"text-align: justify\">Jak w \u015bredniowieczu obrazy mia\u0142y \u201eprzybli\u017ca\u0107 lud do\u201d Ko\u015bcio\u0142a, tak w dobie globalizacji i digitalizacji zasob\u00f3w muzealnych publikacja tego niezwyk\u0142ego wizerunku Jezusa Mi\u0142osiernego w zasobach globalnej sieci Internetu \u2013 mam nadziej\u0119 \u2013 przybli\u017cy do Ko\u015bcio\u0142a szczeg\u00f3lnie ludzi m\u0142odych. Pewne jest, \u017ce taki spos\u00f3b promocji wykracza poza ramy dotychczasowo poj\u0119tej popularyzacji. Wizerunek Jezusa Mi\u0142osiernego z krakowskich \u0141agiewnik jest najlepiej rozpoznawalnym obrazem Chrystusa na \u015bwiecie, mo\u017cna go spotka\u0107 niemal w ka\u017cdym ko\u015bciele w najdalszych zak\u0105tkach \u015bwiata. Ale dopiero teraz, poprzez t\u0119 fotografi\u0119 mo\u017cemy ogl\u0105da\u0107 go z bliska.<\/div>\n<div><\/div>\n<div><a href=\"https:\/\/www.faustyna.pl\/zmbm\/laskami-slynacy-obraz-jezusa-milosiernego-z-sanktuarium-bozego-milosierdzia-w-krakowie-lagiewnikach\/\">Pobierz do niekomercyjnego szerzenia or\u0119dzia Mi\u0142osierdzia<\/a><\/div>\n<div style=\"text-align: justify\"><\/div>\n<p style=\"text-align: right;margin: 0px\" align=\"center\">Autor gigapikselowej fotografii Piotr Tumidajski<\/p>\n<p style=\"text-align: left\" align=\"center\"><a href=\"https:\/\/www.faustyna.pl\/zmbm\/milosierdzie\/\">Mi\u0142osierdzie\/Gigapikselowa fotografia obrazu Jezusa Mi\u0142osiernego<\/a><\/p>\n","protected":false},"excerpt":{"rendered":"<p>Taka fotografia zapewnia niespotykan\u0105 do tej pory mo\u017cliwo\u015b\u0107 ogl\u0105dania na ekranie komputera (poprzez stron\u0119 Web) ca\u0142ego obrazu i jego detali, w przybli\u017ceniu umo\u017cliwiaj\u0105cym zwr\u00f3cenie uwagi na ka\u017cde poci\u0105gni\u0119cie p\u0119dzla, kanelury czy retusze. Ultra-fotografi\u0119 \u0142askami s\u0142yn\u0105cego obrazu z Sanktuarium Bo\u017cego Mi\u0142osierdzia w Krakowie-\u0141agiewnikach wykona\u0142em w pa\u017adzierniku 2011 roku. Przez 12 godzin rejestrowa\u0142em obraz w specjalnej technice, [&hellip;]<\/p>\n","protected":false},"author":1,"featured_media":0,"parent":0,"menu_order":0,"comment_status":"closed","ping_status":"closed","template":"","meta":{"footnotes":""},"categories":[16],"tags":[],"class_list":["post-860","page","type-page","status-publish","hentry","category-gigapikselowa-fotografia-obrazu-jezusa-milosiernego"],"_links":{"self":[{"href":"https:\/\/www.faustyna.pl\/zmbm\/wp-json\/wp\/v2\/pages\/860","targetHints":{"allow":["GET"]}}],"collection":[{"href":"https:\/\/www.faustyna.pl\/zmbm\/wp-json\/wp\/v2\/pages"}],"about":[{"href":"https:\/\/www.faustyna.pl\/zmbm\/wp-json\/wp\/v2\/types\/page"}],"author":[{"embeddable":true,"href":"https:\/\/www.faustyna.pl\/zmbm\/wp-json\/wp\/v2\/users\/1"}],"replies":[{"embeddable":true,"href":"https:\/\/www.faustyna.pl\/zmbm\/wp-json\/wp\/v2\/comments?post=860"}],"version-history":[{"count":28,"href":"https:\/\/www.faustyna.pl\/zmbm\/wp-json\/wp\/v2\/pages\/860\/revisions"}],"predecessor-version":[{"id":25837,"href":"https:\/\/www.faustyna.pl\/zmbm\/wp-json\/wp\/v2\/pages\/860\/revisions\/25837"}],"wp:attachment":[{"href":"https:\/\/www.faustyna.pl\/zmbm\/wp-json\/wp\/v2\/media?parent=860"}],"wp:term":[{"taxonomy":"category","embeddable":true,"href":"https:\/\/www.faustyna.pl\/zmbm\/wp-json\/wp\/v2\/categories?post=860"},{"taxonomy":"post_tag","embeddable":true,"href":"https:\/\/www.faustyna.pl\/zmbm\/wp-json\/wp\/v2\/tags?post=860"}],"curies":[{"name":"wp","href":"https:\/\/api.w.org\/{rel}","templated":true}]}}