



{"id":8927,"date":"2016-12-14T18:53:20","date_gmt":"2016-12-14T17:53:20","guid":{"rendered":"https:\/\/www.faustyna.pl\/zmbm\/?page_id=8927"},"modified":"2025-12-30T23:45:11","modified_gmt":"2025-12-30T22:45:11","slug":"patronowie","status":"publish","type":"page","link":"https:\/\/www.faustyna.pl\/zmbm\/patronowie\/","title":{"rendered":"Losowanie Patrona na 2026"},"content":{"rendered":"<p style=\"text-align: justify;\">Ka\u017cdego roku we wszystkich klasztorach Zgromadzenia Si\u00f3str Matki Bo\u017cej Mi\u0142osierdzia odbywa si\u0119 losowanie rocznych Patron\u00f3w. Do tego wydarzenia wielk\u0105 wag\u0119 przywi\u0105zywa\u0142a \u015bw. Siostra Faustyna, gdy\u017c spodziewa\u0142a si\u0119 wielkiej pomocy z nieba, udzielanej jej na pro\u015bb\u0119 Patrona Roku. \u015awi\u0119ci bowiem, to nie tylko wzory chrze\u015bcija\u0144skiego \u017cycia, od kt\u00f3rych wiele si\u0119 mo\u017cna nauczy\u0107, ale tak\u017ce mo\u017cni or\u0119downicy u Boga, kt\u00f3rzy wstawiaj\u0105 si\u0119 za nami.<\/p>\n<p style=\"text-align: justify;\"><span style=\"color: #800000;\"><strong>Wraz z Patronem otrzymujemy roczn\u0105 intencj\u0119 do modlitwy, kt\u00f3r\u0105 mo\u017cemy podejmowa\u0107 na r\u00f3\u017cne sposoby, nawet kr\u00f3tkim aktem strzelistym, oraz przes\u0142anie, kt\u00f3re najcz\u0119\u015bciej pochodzi z \u201eDzienniczka\u201d \u015bw. Siostry Faustyny.<\/strong><\/span><\/p>\n<p>Patrona otrzymujemy przez losowanie, wybieraj\u0105c numer 1-200.<\/p>\n<div id=\"vfb-form-9\" class=\"visual-form-builder-container\"><form id=\"losowanie-patronow-9\" class=\"visual-form-builder vfb-form-9  \" method=\"post\" enctype=\"multipart\/form-data\" action=\"\">\n\t\t<input type=\"hidden\" name=\"form_id\" value=\"9\" \/><fieldset class=\"vfb-fieldset vfb-fieldset-1 formularz-losowania-patronow    \" id=\"item-vfb-157\"><div class=\"vfb-legend\"><h3>Formularz losowania Patron\u00f3w<\/h3><\/div><ul class=\"vfb-section vfb-section-1\"><li class=\"vfb-item vfb-item-text    \" id=\"item-vfb-163\"><label for=\"vfb-163\" class=\"vfb-desc\">Imi\u0119  <span class=\"vfb-required-asterisk\">*<\/span><\/label><input type=\"text\" name=\"vfb-163\" id=\"vfb-163\" value=\"\" class=\"vfb-text  vfb-medium  required  \" \/><\/li>\n<li class=\"vfb-item vfb-item-number    \" id=\"item-vfb-162\"><label for=\"vfb-162\" class=\"vfb-desc\">Wpisz numer Patrona od 1 do 200  <span class=\"vfb-required-asterisk\">*<\/span><\/label><input type=\"text\" name=\"vfb-162\" id=\"vfb-162\" value=\"\" class=\"vfb-text  vfb-medium  required  digits \" \/><\/li>\n<li class=\"vfb-item vfb-item-instructions    \" id=\"item-vfb-213\"><label class=\"vfb-desc\">Dane osobowe z formularza nie s\u0105 przechowywane ani przetwarzane. <\/label><\/li>\n<\/ul>&nbsp;<\/fieldset><fieldset class=\"vfb-fieldset vfb-fieldset-2 weryfikacja  \" id=\"item-vfb-158\"><div class=\"vfb-legend\"><h3>Weryfikacja<\/h3><\/div><ul class=\"vfb-section vfb-section-2\"><li class=\"vfb-item vfb-item-secret\" ><label for=\"item-vfb-159\" class=\"vfb-desc\">Wprowad\u017a dwie dowolne cyfry<\/label><input type=\"hidden\" name=\"_vfb-required-secret\" value=\"0\" \/><input type=\"hidden\" name=\"_vfb-secret\" value=\"vfb-159\" \/><input type=\"text\" name=\"vfb-159\" id=\"item-vfb-159\" value=\"\" class=\"vfb-text  vfb-medium  {digits:true,maxlength:2,minlength:2} \" \/><li style=\"display:none;\"><label>To pole jest do ochrony przed spamem - <strong>prosz\u0119 zostawi\u0107 puste<\/strong><\/label><div><input name=\"vfb-spam\" \/><\/div><\/li><li class=\"vfb-item vfb-item-submit\" id=\"item-vfb-160\">\n\t\t\t\t\t<input type=\"submit\" name=\"vfb-submit\" id=\"vfb-160\" value=\"Wy\u015blij\" class=\"vfb-submit \" \/>\n\t\t\t\t\t<\/li><\/ul>\n\t\t &nbsp;\n\t\t <\/fieldset><input type=\"hidden\" name=\"_wp_http_referer\" value=\"\/zmbm\/wp-json\/wp\/v2\/pages\/8927\" \/><\/form><\/div> <!-- .visual-form-builder-container -->\n<p style=\"text-align: center;\"><strong><span style=\"color: #800000;\">Niech \u015bwi\u0119ci Patronowie wspieraj\u0105 nas,<br \/>\nniech pomagaj\u0105 coraz pe\u0142niej uczestniczy\u0107<br \/>\nw \u017cyciu i misji Jezusa<br \/>\nobjawiaj\u0105cego \u015bwiatu mi\u0142osiern\u0105 mi\u0142o\u015b\u0107 Boga!<\/span><\/strong><\/p>\n<h3><\/h3>\n","protected":false},"excerpt":{"rendered":"<p>Ka\u017cdego roku we wszystkich klasztorach Zgromadzenia Si\u00f3str Matki Bo\u017cej Mi\u0142osierdzia odbywa si\u0119 losowanie rocznych Patron\u00f3w. Do tego wydarzenia wielk\u0105 wag\u0119 przywi\u0105zywa\u0142a \u015bw. Siostra Faustyna, gdy\u017c spodziewa\u0142a si\u0119 wielkiej pomocy z nieba, udzielanej jej na pro\u015bb\u0119 Patrona Roku. \u015awi\u0119ci bowiem, to nie tylko wzory chrze\u015bcija\u0144skiego \u017cycia, od kt\u00f3rych wiele si\u0119 mo\u017cna nauczy\u0107, ale tak\u017ce mo\u017cni or\u0119downicy [&hellip;]<\/p>\n","protected":false},"author":1,"featured_media":0,"parent":0,"menu_order":0,"comment_status":"closed","ping_status":"closed","template":"page_detailsNoHeaderSpace.php","meta":{"footnotes":""},"categories":[86423],"tags":[],"class_list":["post-8927","page","type-page","status-publish","hentry","category-patronowie"],"_links":{"self":[{"href":"https:\/\/www.faustyna.pl\/zmbm\/wp-json\/wp\/v2\/pages\/8927","targetHints":{"allow":["GET"]}}],"collection":[{"href":"https:\/\/www.faustyna.pl\/zmbm\/wp-json\/wp\/v2\/pages"}],"about":[{"href":"https:\/\/www.faustyna.pl\/zmbm\/wp-json\/wp\/v2\/types\/page"}],"author":[{"embeddable":true,"href":"https:\/\/www.faustyna.pl\/zmbm\/wp-json\/wp\/v2\/users\/1"}],"replies":[{"embeddable":true,"href":"https:\/\/www.faustyna.pl\/zmbm\/wp-json\/wp\/v2\/comments?post=8927"}],"version-history":[{"count":44,"href":"https:\/\/www.faustyna.pl\/zmbm\/wp-json\/wp\/v2\/pages\/8927\/revisions"}],"predecessor-version":[{"id":31503,"href":"https:\/\/www.faustyna.pl\/zmbm\/wp-json\/wp\/v2\/pages\/8927\/revisions\/31503"}],"wp:attachment":[{"href":"https:\/\/www.faustyna.pl\/zmbm\/wp-json\/wp\/v2\/media?parent=8927"}],"wp:term":[{"taxonomy":"category","embeddable":true,"href":"https:\/\/www.faustyna.pl\/zmbm\/wp-json\/wp\/v2\/categories?post=8927"},{"taxonomy":"post_tag","embeddable":true,"href":"https:\/\/www.faustyna.pl\/zmbm\/wp-json\/wp\/v2\/tags?post=8927"}],"curies":[{"name":"wp","href":"https:\/\/api.w.org\/{rel}","templated":true}]}}