



{"id":8961,"date":"2016-12-18T23:25:17","date_gmt":"2016-12-18T22:25:17","guid":{"rendered":"https:\/\/www.faustyna.pl\/zmbm\/?page_id=8961"},"modified":"2025-12-30T23:45:54","modified_gmt":"2025-12-30T22:45:54","slug":"patronowie-potwierdzenie","status":"publish","type":"page","link":"https:\/\/www.faustyna.pl\/zmbm\/patronowie-potwierdzenie\/","title":{"rendered":"Patron na rok 2026"},"content":{"rendered":"<p style=\"text-align: justify;\"><strong><span style=\"color: #003300;\">Dzi\u0119kujemy za to, \u017ce wzi\u0105\u0142e\u015b udzia\u0142 w losowaniu. System prezentuje poni\u017cej wylosowanego przez Ciebie Patrona na rok 2026. Niech Ten, kt\u00f3rego wylosowa\u0142e\u015b, wspiera Ci\u0119 i or\u0119duje przed Panem w Twoich sprawach. <\/span><\/strong><\/p>\n<p style=\"text-align: right;\"><span style=\"color: #003300;\"><em>Zgromadzenie Si\u00f3str Matki Bo\u017cej Mi\u0142osierdzia<\/em><\/span><\/p>\n","protected":false},"excerpt":{"rendered":"<p>Dzi\u0119kujemy za to, \u017ce wzi\u0105\u0142e\u015b udzia\u0142 w losowaniu. System prezentuje poni\u017cej wylosowanego przez Ciebie Patrona na rok 2026. Niech Ten, kt\u00f3rego wylosowa\u0142e\u015b, wspiera Ci\u0119 i or\u0119duje przed Panem w Twoich sprawach. Zgromadzenie Si\u00f3str Matki Bo\u017cej Mi\u0142osierdzia<\/p>\n","protected":false},"author":1,"featured_media":0,"parent":0,"menu_order":0,"comment_status":"closed","ping_status":"closed","template":"page_patroni_conf.php","meta":{"footnotes":""},"categories":[86423],"tags":[],"class_list":["post-8961","page","type-page","status-publish","hentry","category-patronowie"],"_links":{"self":[{"href":"https:\/\/www.faustyna.pl\/zmbm\/wp-json\/wp\/v2\/pages\/8961","targetHints":{"allow":["GET"]}}],"collection":[{"href":"https:\/\/www.faustyna.pl\/zmbm\/wp-json\/wp\/v2\/pages"}],"about":[{"href":"https:\/\/www.faustyna.pl\/zmbm\/wp-json\/wp\/v2\/types\/page"}],"author":[{"embeddable":true,"href":"https:\/\/www.faustyna.pl\/zmbm\/wp-json\/wp\/v2\/users\/1"}],"replies":[{"embeddable":true,"href":"https:\/\/www.faustyna.pl\/zmbm\/wp-json\/wp\/v2\/comments?post=8961"}],"version-history":[{"count":23,"href":"https:\/\/www.faustyna.pl\/zmbm\/wp-json\/wp\/v2\/pages\/8961\/revisions"}],"predecessor-version":[{"id":31504,"href":"https:\/\/www.faustyna.pl\/zmbm\/wp-json\/wp\/v2\/pages\/8961\/revisions\/31504"}],"wp:attachment":[{"href":"https:\/\/www.faustyna.pl\/zmbm\/wp-json\/wp\/v2\/media?parent=8961"}],"wp:term":[{"taxonomy":"category","embeddable":true,"href":"https:\/\/www.faustyna.pl\/zmbm\/wp-json\/wp\/v2\/categories?post=8961"},{"taxonomy":"post_tag","embeddable":true,"href":"https:\/\/www.faustyna.pl\/zmbm\/wp-json\/wp\/v2\/tags?post=8961"}],"curies":[{"name":"wp","href":"https:\/\/api.w.org\/{rel}","templated":true}]}}