



{"id":952,"date":"2014-12-14T10:22:54","date_gmt":"2014-12-14T09:22:54","guid":{"rendered":"http:\/\/www.faustyna.pl\/zmbm\/?page_id=952"},"modified":"2023-03-08T14:19:29","modified_gmt":"2023-03-08T13:19:29","slug":"w-zgromadzeniu","status":"publish","type":"page","link":"https:\/\/www.faustyna.pl\/zmbm\/w-zgromadzeniu\/","title":{"rendered":"W Zgromadzeniu"},"content":{"rendered":"<p align=\"justify\"><a href=\"https:\/\/www.faustyna.pl\/zmbm\/wp-content\/uploads\/2014\/12\/Matka-Milosierdzia-z-Lagiewnik.jpg\" data-gallery><img loading=\"lazy\" decoding=\"async\" class=\"size-medium wp-image-10433 alignnone\" src=\"https:\/\/www.faustyna.pl\/zmbm\/wp-content\/uploads\/2014\/12\/Matka-Milosierdzia-z-Lagiewnik-560x334.jpg\" alt=\"\" width=\"560\" height=\"334\" srcset=\"https:\/\/www.faustyna.pl\/zmbm\/wp-content\/uploads\/2014\/12\/Matka-Milosierdzia-z-Lagiewnik-560x334.jpg 560w, https:\/\/www.faustyna.pl\/zmbm\/wp-content\/uploads\/2014\/12\/Matka-Milosierdzia-z-Lagiewnik-140x83.jpg 140w, https:\/\/www.faustyna.pl\/zmbm\/wp-content\/uploads\/2014\/12\/Matka-Milosierdzia-z-Lagiewnik.jpg 1024w\" sizes=\"auto, (max-width: 560px) 100vw, 560px\" \/><\/a><\/p>\n<p align=\"justify\">Maryja w tytule Matki Bo\u017cej Mi\u0142osierdzia od pocz\u0105tku czczona\u00a0 jest w Zgromadzeniu, kt\u00f3re w swej nazwie nosi to wezwanie. Jej kult z biegiem lat uleg\u0142 pog\u0142\u0119bieniu przede wszystkim dzi\u0119ki objawieniom i nabo\u017ce\u0144stwu \u015bw. Siostry Faustyny, kt\u00f3re zapisa\u0142a w swym \u201eDzienniczku\u201d, i teologii Matki Mi\u0142osierdzia, kt\u00f3r\u0105 Jan Pawe\u0142 II zawar\u0142 w encyklice \u201eDives in misericordia\u201d. Echa i dos\u0142owne cytaty z tych dzie\u0142 odnale\u017a\u0107 mo\u017cna w najnowszych Konstytucjach z 1985 roku, w modlitewniku Zgromadzenia, w tekstach pie\u015bni i w prze\u017cywaniu nabo\u017ce\u0144stwa do Matki Bo\u017cej u wsp\u00f3\u0142czesnych pokole\u0144 si\u00f3str. Maryja czczona jest w Zgromadzeniu przede wszystkim jako Niepokalana Matka Syna Bo\u017cego \u2013 Wcielonego Mi\u0142osierdzia, kt\u00f3ra najpe\u0142niej uczestniczy\u0142a w Jego zbawczym dziele, dlatego <i style=\"font-weight: normal\">najlepiej zna mi\u0142osierdzie Bo\u017ce, wie, ile ono kosztowa\u0142o i jak wielkie ono jest<\/i>. Ona zarazem jest Matk\u0105 wszystkich ludzi, wobec kt\u00f3rych \u015bwiadczy mi\u0142osierdzie, prowadz\u0105c do Zbawicielowych zdroj\u00f3w mi\u0142osierdzia. Jest najdoskonalszym wzorem \u017cycia chrze\u015bcija\u0144skiego, wszystkich cn\u00f3t, i najskuteczniejsz\u0105\u00a0 pomoc\u0105\u00a0 w\u00a0 wyjednywaniu\u00a0 \u0142ask\u00a0 u\u00a0 Boga\u00a0 bogatego w mi\u0142osierdzie. Sama najpe\u0142niej obdarowana \u0142ask\u0105, z pokolenia na pokolenie g\u0142osi mi\u0142osierdzie Boga i nieustannie wyprasza je dla \u015bwiata.<\/p>\n<p><!--more--><\/p>\n<p align=\"justify\"><a href=\"https:\/\/www.faustyna.pl\/zmbm\/wp-content\/uploads\/2014\/12\/Matka-Milosierdzia-z-Zytniej.jpg\" data-gallery><img loading=\"lazy\" decoding=\"async\" class=\"size-medium wp-image-10434 alignnone\" src=\"https:\/\/www.faustyna.pl\/zmbm\/wp-content\/uploads\/2014\/12\/Matka-Milosierdzia-z-Zytniej-560x331.jpg\" alt=\"\" width=\"560\" height=\"331\" srcset=\"https:\/\/www.faustyna.pl\/zmbm\/wp-content\/uploads\/2014\/12\/Matka-Milosierdzia-z-Zytniej-560x331.jpg 560w, https:\/\/www.faustyna.pl\/zmbm\/wp-content\/uploads\/2014\/12\/Matka-Milosierdzia-z-Zytniej-140x83.jpg 140w, https:\/\/www.faustyna.pl\/zmbm\/wp-content\/uploads\/2014\/12\/Matka-Milosierdzia-z-Zytniej.jpg 1024w\" sizes=\"auto, (max-width: 560px) 100vw, 560px\" \/><\/a><\/p>\n<p align=\"justify\">Pocz\u0105tkowo\u00a0 Maryja\u00a0 czczona\u00a0 by\u0142a w Zgromadzeniu g\u0142\u00f3wnie jako Ta, kt\u00f3ra jest Matk\u0105, Opiekunk\u0105, najdoskonalszym wzorem cn\u00f3t oraz niezawodn\u0105 pomoc\u0105 w d\u0105\u017ceniu do osobistej \u015bwi\u0119to\u015bci si\u00f3str i w owocnym prowadzeniu dzie\u0142a apostolskiego, czyli wyjednywaniu nawr\u00f3cenia dla pokutnic. Duchowo\u015b\u0107 Zgromadzenia cechowa\u0142a bowiem przede wszystkim \u017carliwa gorliwo\u015b\u0107, <i style=\"font-weight: normal\">utrzymuj\u0105ca ka\u017cd\u0105 z jego cz\u0142onki\u0144 w ustawicznej gotowo\u015bci czynienia i cierpienia wszystkiego dla skuteczniejszego dopomagania do powrotu na drog\u0119 cnoty duszom pokutuj\u0105cym, powierzonym im przez Boskiego Mistrza<\/i> <span style=\"font-size: 90%\">(Konstytucje 1909, s. 6)<\/span>. Ducha tej gorliwo\u015bci siostry mia\u0142y czerpa\u0107 z rozwa\u017cania wielkich prawd wiary, szczeg\u00f3lnie tajemnicy mi\u0142osierdzia Bo\u017cego, oraz z rozwa\u017cania <i style=\"font-weight: normal\">cn\u00f3t i uczu\u0107 swej Matki i Opiekunki, Matki Bo\u017cej Mi\u0142osierdzia, kt\u00f3rej cierpliwo\u015b\u0107, s\u0142odycz i wi\u0119cej ni\u017c\u00a0 macierzy\u0144sk\u0105\u00a0 lito\u015b\u0107\u00a0 dla\u00a0 grzesznik\u00f3w\u00a0 b\u0119d\u0105\u00a0 usi\u0142owa\u0142y\u00a0 na\u015bladowa\u0107<\/i> (j.w.). Apostolstwo mi\u0142osierdzia wobec dziewcz\u0105t i kobiet potrzebuj\u0105cych g\u0142\u0119bokiej odnowy moralnej prowadzone by\u0142o \u2013 jak g\u0142osi\u0142y Konstytucje \u2013 <i style=\"font-weight: normal\">pod opiek\u0105 Matki Mi\u0142osierdzia, naszej nadziei, naszej pomocy, naszego najmilszego i najdoskonalszego wzoru<\/i> <span style=\"font-size: 90%\">(Konstytucje 1909, s. 46)<\/span>.<\/p>\n<p style=\"text-align: justify\">Kult Matki\u00a0 Bo\u017cej Mi\u0142osierdzia\u00a0 wyra\u017ca\u0142 si\u0119 w modlitwach, w uroczystym obchodzeniu \u015bwi\u0105t, a przede wszystkim w na\u015bladowaniu Jej cn\u00f3t tak potrzebnych w d\u0105\u017ceniu do chrze\u015bcija\u0144skiej doskona\u0142o\u015bci i pracy apostolskiej. Regu\u0142a zakonna w oznaczonych porach dnia okre\u015bla\u0142a modlitwy, kt\u00f3re siostry odmawia\u0142y. W\u015br\u00f3d nich by\u0142y takie, kt\u00f3re powszechnie praktykowano w Ko\u015bciele, jak: \u201ePozdrowienie Anielskie\u201d, \u201eGodzinki\u201d, \u201eR\u00f3\u017caniec\u201d, \u201eLitania Loreta\u0144ska\u201d, \u201eMagnificat\u201d, \u201ePod Twoj\u0105 obron\u0119\u201d, \u201eWitaj, Gwiazdo morza\u201d, \u201eKoronka do Matki Bo\u017cej Nieustaj\u0105cej Pomocy\u201d, \u201eModlitwa o \u015bmier\u0107 szcz\u0119\u015bliw\u0105\u201d, \u201eModlitwa Stra\u017cy Honorowej do Naj\u015bwi\u0119tszej Panny\u201d czy \u201eNowenna do Niepokalanego Pocz\u0119cia\u201d oraz takie, w kt\u00f3rych specjalnie zwracano si\u0119 do mi\u0142osierdzia Maryi. Do tych ostatnich nale\u017ca\u0142y przede wszystkim: \u201eKoronka do Matki Bo\u017cej Mi\u0142osierdzia\u201d, antyfona \u201eWitaj, Kr\u00f3lowo, Matko Mi\u0142osierdzia\u201d oraz modlitwa \u015bw. Bernarda, zaczynaj\u0105ca si\u0119 od s\u0142\u00f3w: <i style=\"font-weight: normal\">Pomnij, o najmi\u0142osierniejsza Panno Maryjo&#8230;<\/i> Ju\u017c w porannej modlitwie ofiarowania dnia siostry zwraca\u0142y si\u0119 do Boga <i style=\"font-weight: normal\">za po\u015brednictwem Naj\u015bwi\u0119tszej Maryi Panny, Matki Mi\u0142osierdzia i \u015bw. J\u00f3zefa<\/i>. <span style=\"font-size: 90%\">(zob.: <i style=\"font-weight: normal\">Zbi\u00f3r modlitw u\u017cywanych w Zgromadzeniu Si\u00f3str Matki Bo\u017cej Mi\u0142osierdzia<\/i>, Krak\u00f3w 1931)<\/span>.<\/p>\n<p style=\"text-align: justify\">\u015awi\u0119to patronalne\u00a0 Zgromadzenia\u00a0 od\u00a0 pocz\u0105tku\u00a0 obchodzono 5 sierpnia, gdy\u017c tego dnia Ko\u015bci\u00f3\u0142 oddawa\u0142 cze\u015b\u0107 Maryi Matce Boga. Data ta wi\u0105\u017ce si\u0119 z dogmatem o Bo\u017cym macierzy\u0144stwie Maryi (<i style=\"font-weight: normal\">Theotokos<\/i>) i rocznic\u0105 po\u015bwi\u0119cenia Bazyliki Naj\u015bwi\u0119tszej Maryi Panny Wi\u0119kszej w Rzymie (<i style=\"font-weight: normal\">Santa Maria Maggiore<\/i>), najstarszego na Zachodzie ko\u015bcio\u0142a po\u015bwi\u0119conego Naj\u015bwi\u0119tszej Maryi Pannie. Wed\u0142ug tradycji w 352 r. Maryja ukaza\u0142a si\u0119 papie\u017cowi Liberiuszowi i rzymskiemu\u00a0 patrycjuszowi Janowi,\u00a0 nakazuj\u0105c budow\u0119 \u015bwi\u0105tyni w miejscu, kt\u00f3re sama wska\u017ce. W nocy z 4 na 5 sierpnia, w okresie upa\u0142\u00f3w, na Wzg\u00f3rzu Eskwili\u0144skim spad\u0142 \u015bnieg i tam zbudowano niewielk\u0105 \u015bwi\u0105tyni\u0119, kt\u00f3ra by\u0107 mo\u017ce z czasem uleg\u0142a zniszczeniu. Papie\u017c Sykstus III, pragn\u0105c uczci\u0107 zako\u0144czenie bardzo burzliwego soboru w Efezie (431), na kt\u00f3rym og\u0142oszono dogmat o Bo\u017cym Macierzy\u0144stwie Maryi (<i style=\"font-weight: normal\">Theotokos<\/i>), postanowi\u0142 gruntownie przebudowa\u0107 t\u0119 \u015bwi\u0105tyni\u0119. Wspomnienie dogmatu <i style=\"font-weight: normal\">Theotokos<\/i> obchodzono najpierw w samej bazylice, z czasem jednak kolejni papie\u017ce rozszerzali je najpierw na teren Rzymu, a potem ju\u017c ca\u0142ego Ko\u015bcio\u0142a. Dzisiaj w kalendarzu liturgicznym Ko\u015bcio\u0142a wpisane jest wspomnienie Matki Bo\u017cej \u015anie\u017cniej, upami\u0119tniaj\u0105ce cud zwi\u0105zany z powstaniem bazyliki, i ta nazwa funkcjonuje w \u015bwiadomo\u015bci wiernych. Zapomniana zosta\u0142a wi\u0119c okoliczno\u015b\u0107 obchodzenia \u015bwi\u0119ta Maryi jako Matki Syna Bo\u017cego \u2013 \u0179r\u00f3d\u0142a wszelkiego mi\u0142osierdzia i st\u0105d niezbyt czytelna jest data oddawania w tym dniu szczeg\u00f3lnej czci Matce Bo\u017cej Mi\u0142osierdzia w Jej Zgromadzeniu w Polsce.<\/p>\n<p style=\"text-align: justify\">Z inicjatywy prze\u0142o\u017conej\u00a0generalnej m. Michaeli\u00a0Moraczewskiej 5 sierpnia 1937 roku prze\u0142o\u017cone na zje\u017adzie w Warszawie, a 15 sierpnia siostry we wszystkich klasztorach, dokona\u0142y aktu elekcji Matki Bo\u017cej Mi\u0142osierdzia na niebiesk\u0105 prze\u0142o\u017con\u0105 generaln\u0105 Zgromadzenia. W tym dniu Siostra Faustyna zapisa\u0142a: <i style=\"font-weight: normal\">W czasie tego aktu, kt\u00f3ry si\u0119 odby\u0142 ku czci Matki Bo\u017cej \u2013 pod koniec tego [aktu] ujrza\u0142am Naj\u015bwi\u0119tsz\u0105 Pann\u0119, kt\u00f3ra mi rzek\u0142a: \u201eO jak mi\u0142y mi jest ho\u0142d mi\u0142o\u015bci waszej\u201d. I w tej chwili okry\u0142a swym p\u0142aszczem wszystkie siostry naszego Zgromadzenia. Praw\u0105 r\u0119k\u0105 przytuli\u0142a do siebie matk\u0119 generaln\u0105 Michael\u0119, a lew\u0105 r\u0119k\u0105 mnie, a wszystkie siostry by\u0142y u Jej st\u00f3p os\u0142oni\u0119te Jej p\u0142aszczem<\/i> <span style=\"font-size: 90%\">(Dz. 1244)<\/span>. Wtedy Matka Bo\u017ca przekaza\u0142a przez Siostr\u0119 Faustyn\u0119 wielk\u0105\u00a0 obietnic\u0119: <i style=\"font-weight: normal\">Ka\u017cd\u0105, kt\u00f3ra\u00a0 wytrwa\u00a0 w\u00a0 gorliwo\u015bci a\u017c do \u015bmierci w Zgromadzeniu Moim, minie ogie\u0144 czy\u015b\u0107cowy, i pragn\u0119, aby ka\u017cda odznaczy\u0142a si\u0119 tymi cnotami: pokor\u0105 i cicho\u015bci\u0105, czysto\u015bci\u0105 i mi\u0142o\u015bci\u0105 Bo\u017c\u0105 i bli\u017anich, lito\u015bci\u0105 i mi\u0142osierdziem<\/i> <span style=\"font-size: 90%\">(Dz. 1244)<\/span>. W akcie elekcji, kt\u00f3ry w uzupe\u0142nionej formie ponawiany jest 5 sierpnia ka\u017cdego roku, w \u015bwi\u0119to patronalne Zgromadzenia, siostry na nowo oddaj\u0105 w r\u0119ce Matki Mi\u0142osierdzia ster Zgromadzenia, zawierzaj\u0105 Jej jego rozw\u00f3j duchowy i materialny, wszystkie prze\u0142o\u017cone, \u015bwi\u0119to\u015b\u0107 \u017cycia ka\u017cdej siostry i osoby powierzone apostolskiej pieczy Zgromadzenia. Obiecuj\u0105: wierno\u015b\u0107 Jezusowi, odbijanie w swym \u017cyciu Jego mi\u0142osierdzia wobec wszelkiej ludzkiej n\u0119dzy i budzenie ufno\u015bci w Bo\u017ce mi\u0142osierdzie nad \u015bwiatem. Prosz\u0105 Maryj\u0119, by im dopomog\u0142a stawa\u0107 si\u0119 \u017cywym znakiem Bo\u017cego mi\u0142osierdzia dzia\u0142aj\u0105cego w \u015bwiecie, a sw\u0105 nadziej\u0119 pok\u0142adaj\u0105 w Jej macierzy\u0144skim mi\u0142osierdziu, w kt\u00f3rym pragn\u0105 znajdowa\u0107 oparcie zawsze, zw\u0142aszcza w chwilach cierpienia, w przeciwno\u015bciach \u017cycia i w godzinie \u015bmierci. <i style=\"font-weight: normal\">Cze\u015b\u0107 Ci sk\u0142adamy, Matko Mi\u0142osierdzia<\/i> \u2013 m\u00f3wi\u0105 na ko\u0144cu \u2013 <i style=\"font-weight: normal\">nasza naj\u015bwi\u0119tsza Matko Generalna. Rz\u0105d\u017a nami, opiekuj si\u0119 nami i prowad\u017a do Boga. Amen.<\/i><\/p>\n<p style=\"text-align: justify\">Objawienia Siostry Faustyny, Jej niezwyk\u0142y kontakt z Matk\u0105 Bo\u017c\u0105 przekazany w zapiskach, jakie pozostawi\u0142a swym \u201eDzienniczku\u201d, rozwijaj\u0105cy si\u0119 kult Mi\u0142osierdzia\u00a0 Bo\u017cego w formach,\u00a0kt\u00f3re\u00a0 przez\u00a0 ni\u0105\u00a0 przekaza\u0142\u00a0 Chrystus, a tak\u017ce na nowo podj\u0119ta teologia Matki Bo\u017cej w nauczaniu Ojca \u015awi\u0119tego Jana Paw\u0142a II, w tym teologia Matki Mi\u0142osierdzia ukazana w encyklice \u201eDives in misericordia\u201d,\u00a0 wp\u0142yn\u0119\u0142y\u00a0 na\u00a0 pog\u0142\u0119bienie\u00a0 kultu\u00a0 Matki\u00a0 Bo\u017cej\u00a0 Mi\u0142osierdzia w Ko\u015bciele i w Zgromadzeniu,\u00a0co\u00a0 znalaz\u0142o odbicie w nowych Konstytucjach z 1985 roku oraz w praktyce nabo\u017ce\u0144stwa do Matki Bo\u017cej Mi\u0142osierdzia.<\/p>\n<p style=\"text-align: justify\">Mi\u0142osierdzie Maryi postrzegane jest w \u015bcis\u0142ym\u00a0 zwi\u0105zku z tajemnic\u0105 mi\u0142osierdzia Boga. Maryja jest przede wszystkim T\u0105, kt\u00f3ra zrodzi\u0142a Syna Bo\u017cego, Wcielone\u00a0 Mi\u0142osierdzie \u2013 jak\u00a0 wprost napisze Siostra Faustyna <span style=\"font-size: 90%\">(Dz. 1745)<\/span>, i uczestniczy w dziele zbawczym Chrystusa <span style=\"font-size: 90%\">(Konstytucje, art. 3 i 8)<\/span>. Ona jest tak\u017ce T\u0105, kt\u00f3ra <i style=\"font-weight: normal\">w spos\u00f3b szczeg\u00f3lny i wyj\u0105tkowy do\u015bwiadczy\u0142a mi\u0142osierdzia, a r\u00f3wnocze\u015bnie te\u017c w spos\u00f3b wyj\u0105tkowy okupi\u0142a sw\u00f3j udzia\u0142 w objawieniu si\u0119 mi\u0142osierdzia Bo\u017cego ofiar\u0105 serca. Maryja najpe\u0142niej zna tajemnic\u0119 Bo\u017cego mi\u0142osierdzia. Wie, ile ono kosztowa\u0142o i wie, jak wielkie ono jest. W tym znaczeniu nazywamy J\u0105 r\u00f3wnie\u017c Matk\u0105 Mi\u0142osierdzia \u2013 Matk\u0105 Bo\u017c\u0105 Mi\u0142osierdzia<\/i> \u2013 czytamy s\u0142owa Jana Paw\u0142a II w 11 artykule Konstytucji. Najpe\u0142niej Maryja sta\u0142a si\u0119 Matk\u0105 Mi\u0142osierdzia pod krzy\u017cem <span style=\"font-size: 90%\">(art. 39)<\/span>, gdzie przez pos\u0142usze\u0144stwo Jej Syna a\u017c do \u015bmierci dokona\u0142o si\u0119 zbawienie \u015bwiata. W tym mi\u0142osiernym planie Boga Ojca Maryja uczestniczy\u0142a w spos\u00f3b czynny przez ca\u0142e \u017cycie, od momentu Wcielenia a\u017c po ofiar\u0119 z jedynego Syna, jak\u0105 sk\u0142ada\u0142a na Golgocie. Maryja jest w ko\u0144cu Matk\u0105 <i style=\"font-weight: normal\">dusz po\u015bwi\u0119conych Bogu<\/i> <span style=\"font-size: 90%\">(art. 51)<\/span>, najdoskonalszym wzorem \u015bwi\u0119to\u015bci najskuteczniejsz\u0105 pomoc\u0105 w wypraszaniu \u0142ask Bo\u017cego mi\u0142osierdzia. Konstytucje w wielu miejscach m\u00f3wi\u0105 o Maryi jako wzorze: uleg\u0142o\u015bci Duchowi \u015awi\u0119temu, pos\u0142usze\u0144stwa woli Ojca, czysto\u015bci, ub\u00f3stwa, ufno\u015bci, skromno\u015bci&#8230; s\u0142owem \u2013 mi\u0142osierdzia i \u015bwi\u0119to\u015bci <span style=\"font-size: 90%\">(por. art.: 13, 17, 19, 24, 39, 51, 247)<\/span>. Osobista \u015bwi\u0119to\u015b\u0107 si\u00f3str \u2013 jak m\u00f3wi 321 art. Konstytucji \u2013 jest w Zgromadzeniu realizowana <i style=\"font-weight: normal\">na wz\u00f3r Maryi Matki Mi\u0142osierdzia i pod Jej opiek\u0105<\/i>.\u00a0 Maryja\u00a0 nie tylko\u00a0 jest wzorem,\u00a0 ale\u00a0 tak\u017ce\u00a0 pomoc\u0105. W Niej siostry\u00a0 maj\u0105\u00a0 szuka\u0107 opieki,\u00a0oparcia i umocnienia\u00a0 w ka\u017cdej sytuacji, a zw\u0142aszcza w chwilach trudu i cierpienia, by tak jak Ona i wraz z Ni\u0105 <i style=\"font-weight: normal\">odda\u0107 si\u0119 do dyspozycji umi\u0142owanemu nade wszystko Bogu, szukaj\u0105c Jego woli i Jego chwa\u0142y<\/i> <span style=\"font-size: 90%\">(art.13)<\/span>. Przez Maryj\u0119, Matk\u0119 Mi\u0142osierdzia siostry z \u017cyw\u0105 wiar\u0105 <i style=\"font-weight: normal\">w\u0142\u0105czaj\u0105 si\u0119 w \u017cycie Chrystusa i Jego pos\u0142annictwo zbawienia \u015bwiata<\/i> <span style=\"font-size: 90%\">(art. 3)<\/span>.<\/p>\n<p style=\"text-align: justify\">Kult Matki Bo\u017cej Mi\u0142osierdzia wyra\u017ca si\u0119 wi\u0119c\u00a0 najpierw w na\u015bladowaniu Maryi Matki Mi\u0142osierdzia, w kszta\u0142towaniu w swym \u017cyciu Jej cn\u00f3t oraz postawy pe\u0142nej zaufania wobec Boga, wierno\u015bci w pe\u0142nieniu Jego woli i ofiarnej mi\u0142o\u015bci do ludzi. W Liturgii nabo\u017ce\u0144stwo do Matki Bo\u017cej Mi\u0142osierdzia zaznacza si\u0119 w osobnej Mszy \u015bw. wotywnej zatwierdzonej dla Zgromadzenia przez kard. Stefana Wyszy\u0144skiego 3 sierpnia 1974 roku oraz w osobnej uroczysto\u015bci, kt\u00f3ra jest obchodzona 5 sierpnia, a poprzedzana nowenn\u0105 modlitw. Kongregacja Kultu Bo\u017cego i Dyscypliny Sakrament\u00f3w dokumentem z 17 lutego 2003 roku zatwierdzi\u0142a kalendarz w\u0142asny Zgromadzenia, w kt\u00f3rym zezwoli\u0142a, aby ten dzie\u0144 (5 sierpnia) obchodzi\u0107 jako \u015bwi\u0119to patronalne ku czci Matki Bo\u017cej Mi\u0142osierdzia. Uroczy\u015bcie obchodzone s\u0105 te\u017c inne \u015bwi\u0119ta maryjne zapisane w kalendarzu liturgicznym Ko\u015bcio\u0142a, a w ka\u017cd\u0105 sobot\u0119 dodatkowo \u2013 je\u015bli\u00a0na to\u00a0pozwalaj\u0105 przepisy liturgiczne \u2013 odmawiana jest\u00a0 Liturgia Godzin o Matce Bo\u017cej <span style=\"font-size: 90%\">(Konstytucje, art. 264)<\/span>.<\/p>\n<p style=\"text-align: justify\">W\u0142a\u015bciwie ka\u017cdy dzie\u0144 zawiera wiele\u00a0 odniesie\u0144 i modlitw\u00a0 do Matki Bo\u017cej Mi\u0142osierdzia. Ju\u017c w porannym ofiarowaniu dnia siostry zwracaj\u0105 si\u0119 do Boga, Ojca mi\u0142osierdzia, <i style=\"font-weight: normal\">za po\u015brednictwem Naj\u015bwi\u0119tszej Maryi Panny, kt\u00f3r\u0105 nam da\u0142e\u015b za patronk\u0119 jako Matk\u0119 Mi\u0142osierdzia<\/i>, i prosz\u0105, by modli\u0142a si\u0119 za nimi. W porannych modlitwach codziennie po brewiarzu odmawiana jest modlitwa do Matki Bo\u017cej\u00a0 Mi\u0142osierdzia (<i style=\"font-weight: normal\">O Maryjo, Matko\u00a0 Mi\u0142osierdzia<\/i>, a w soboty i \u015bwi\u0119ta maryjne: <i style=\"font-weight: normal\">Niepokalana Matko Mi\u0142osierdzia<\/i>) i wezwanie: <i style=\"font-weight: normal\">Matko Mi\u0142osierdzia \u2013 m\u00f3dl si\u0119 za nami<\/i>. O godzinie 9:00 siostry wraz z Maryj\u0105 Matk\u0105 Mi\u0142osierdzia wzywaj\u0105 Ducha \u015awi\u0119tego i prosz\u0105 o \u0142aski dla rozwoju \u017cycia duchowego Zgromadzenia, dzie\u0142 apostolskich i o nowe powo\u0142ania. Po brewiarzu po\u0142udniowym odmawiana jest modlitwa za konaj\u0105cych, w kt\u00f3rej siostry b\u0142agaj\u0105 o ich zbawienie,\u00a0odwo\u0142uj\u0105c si\u0119 do bolesnego\u00a0 konania Jezusa na krzy\u017cu i cierpienia Maryi, Matki Mi\u0142osierdzia. W chwili konania Jezusa (o 15:00 \u2013 Godzina Mi\u0142osierdzia) siostry w duchu staj\u0105 u st\u00f3p krzy\u017ca, by wraz z Maryj\u0105 b\u0142aga\u0107 o mi\u0142osierdzie dla siebie i ca\u0142ego \u015bwiata.<\/p>\n<p style=\"text-align: justify\">Od\u00a0 wielu\u00a0 lat\u00a0 codziennie\u00a0 odmawiana jest\u00a0 te\u017c \u201eKoronka do Matki Bo\u017cej Mi\u0142osierdzia\u201d, rozpoczynaj\u0105ca si\u0119 od antyfony \u201eWitaj, Kr\u00f3lowo, Matko Mi\u0142osierdzia\u201d. W wezwaniach Koronki modl\u0105cy si\u0119 prosz\u0105 o obron\u0119 przed nieprzyjaci\u00f3\u0142mi duszy, towarzystwo Maryi w chwili \u015bmierci i o to, by uprosi\u0142a wszelkie mi\u0142osierdzie u swego Syna. W modlitwie ko\u0144cowej wyra\u017caj\u0105 ufno\u015b\u0107 w Jej macierzy\u0144skie mi\u0142osierdzie (<i style=\"font-weight: normal\">Otwierasz przez nami szeroko swe ramiona i wyci\u0105gasz r\u0119ce pe\u0142ne wszelkich \u0142ask i dar\u00f3w, Twoje serce pragnie nas obdarzy\u0107 wszystkim, czego potrzebujemy<\/i>&#8230;), kt\u00f3re ma moc uprosi\u0107 to wszystko, co jest\u00a0 potrzebne,\u00a0 zachowa\u0107\u00a0 dusze\u00a0 w\u00a0 czysto\u015bci\u00a0 i\u00a0 niewinno\u015bci,\u00a0 piel\u0119gnowa\u0107 w nich dzieci\u0119c\u0105 mi\u0142o\u015b\u0107 i odbi\u0107 obraz Jezusa, kt\u00f3ry zaprowadzi cz\u0142owieka do celu jego \u017cycia \u2013 do \u015bwiat\u0142o\u015bci wiecznej.<\/p>\n<p style=\"text-align: justify\">Ka\u017cdy dzie\u0144\u00a0 ko\u0144czy\u00a0 si\u0119 w Zgromadzeniu\u00a0 Apelem Maryjnym, w czasie kt\u00f3rego siostry modl\u0105 si\u0119 za papie\u017ca i Ojczyzn\u0119 odmawiaj\u0105c \u201ePod Twoj\u0105 obron\u0119\u201d i 3 \u201eZdrowa\u015b Maryjo\u201d na podzi\u0119kowanie Matce Mi\u0142osierdzia za \u0142ask\u0119 powo\u0142ania i z pro\u015bb\u0105 o wytrwanie w niej w gorliwo\u015bci a\u017c do \u015bmierci. W modlitewniku Zgromadzenia s\u0105 te\u017c inne modlitwy do Matki Mi\u0142osierdzia, np. <i style=\"font-weight: normal\">Pomnij o najmi\u0142osierniejsza Panno Maryjo<\/i> \u2013 \u015bw. Bernarda. W Litanii Loreta\u0144skiej za zgod\u0105 w\u0142adz Ko\u015bcielnych wpisane zosta\u0142o wezwanie: <i style=\"font-weight: normal\">Matko Mi\u0142osierdzia, m\u00f3dl si\u0119 za nami<\/i>.<\/p>\n<p align=\"justify\"><b>Zobacz tak\u017ce:<\/b> <a href=\"https:\/\/www.faustyna.pl\/zmbm\/maryja-matka-milosierdzia\/\">Nabo\u017ce\u0144stwo do Matki Bo\u017cej w \u017cyciu \u015bw. Siostry Faustyny<\/a><\/p>\n<p align=\"right\">Opracowanie: <i style=\"font-weight: normal\">s. M. El\u017cbieta Siepak ISMM<\/i><\/p>\n<p style=\"text-align: left\" align=\"right\"><a href=\"https:\/\/www.faustyna.pl\/zmbm\/matka-boza-milosierdzia\/\">Matka Bo\u017ca Mi\u0142osierdzia\/Kult<\/a><\/p>\n","protected":false},"excerpt":{"rendered":"<p>Maryja w tytule Matki Bo\u017cej Mi\u0142osierdzia od pocz\u0105tku czczona\u00a0 jest w Zgromadzeniu, kt\u00f3re w swej nazwie nosi to wezwanie. Jej kult z biegiem lat uleg\u0142 pog\u0142\u0119bieniu przede wszystkim dzi\u0119ki objawieniom i nabo\u017ce\u0144stwu \u015bw. Siostry Faustyny, kt\u00f3re zapisa\u0142a w swym \u201eDzienniczku\u201d, i teologii Matki Mi\u0142osierdzia, kt\u00f3r\u0105 Jan Pawe\u0142 II zawar\u0142 w encyklice \u201eDives in misericordia\u201d. Echa [&hellip;]<\/p>\n","protected":false},"author":1,"featured_media":0,"parent":0,"menu_order":0,"comment_status":"closed","ping_status":"closed","template":"","meta":{"footnotes":""},"categories":[20],"tags":[],"class_list":["post-952","page","type-page","status-publish","hentry","category-kult"],"_links":{"self":[{"href":"https:\/\/www.faustyna.pl\/zmbm\/wp-json\/wp\/v2\/pages\/952","targetHints":{"allow":["GET"]}}],"collection":[{"href":"https:\/\/www.faustyna.pl\/zmbm\/wp-json\/wp\/v2\/pages"}],"about":[{"href":"https:\/\/www.faustyna.pl\/zmbm\/wp-json\/wp\/v2\/types\/page"}],"author":[{"embeddable":true,"href":"https:\/\/www.faustyna.pl\/zmbm\/wp-json\/wp\/v2\/users\/1"}],"replies":[{"embeddable":true,"href":"https:\/\/www.faustyna.pl\/zmbm\/wp-json\/wp\/v2\/comments?post=952"}],"version-history":[{"count":7,"href":"https:\/\/www.faustyna.pl\/zmbm\/wp-json\/wp\/v2\/pages\/952\/revisions"}],"predecessor-version":[{"id":25843,"href":"https:\/\/www.faustyna.pl\/zmbm\/wp-json\/wp\/v2\/pages\/952\/revisions\/25843"}],"wp:attachment":[{"href":"https:\/\/www.faustyna.pl\/zmbm\/wp-json\/wp\/v2\/media?parent=952"}],"wp:term":[{"taxonomy":"category","embeddable":true,"href":"https:\/\/www.faustyna.pl\/zmbm\/wp-json\/wp\/v2\/categories?post=952"},{"taxonomy":"post_tag","embeddable":true,"href":"https:\/\/www.faustyna.pl\/zmbm\/wp-json\/wp\/v2\/tags?post=952"}],"curies":[{"name":"wp","href":"https:\/\/api.w.org\/{rel}","templated":true}]}}