



{"id":955,"date":"2014-12-14T10:22:54","date_gmt":"2014-12-14T09:22:54","guid":{"rendered":"http:\/\/www.faustyna.pl\/zmbm\/?page_id=955"},"modified":"2023-05-22T17:05:35","modified_gmt":"2023-05-22T15:05:35","slug":"litania","status":"publish","type":"page","link":"https:\/\/www.faustyna.pl\/zmbm\/litania\/","title":{"rendered":"Litania"},"content":{"rendered":"<p align=\"center\"><span style=\"color: #800000\"><b><a href=\"https:\/\/www.faustyna.pl\/zmbm\/wp-content\/uploads\/2014\/12\/Litania-do-Matki-Bozej.jpg\" data-gallery><img loading=\"lazy\" decoding=\"async\" class=\"size-medium wp-image-10470 alignnone\" src=\"https:\/\/www.faustyna.pl\/zmbm\/wp-content\/uploads\/2014\/12\/Litania-do-Matki-Bozej-560x331.jpg\" alt=\"\" width=\"560\" height=\"331\" srcset=\"https:\/\/www.faustyna.pl\/zmbm\/wp-content\/uploads\/2014\/12\/Litania-do-Matki-Bozej-560x331.jpg 560w, https:\/\/www.faustyna.pl\/zmbm\/wp-content\/uploads\/2014\/12\/Litania-do-Matki-Bozej-140x83.jpg 140w, https:\/\/www.faustyna.pl\/zmbm\/wp-content\/uploads\/2014\/12\/Litania-do-Matki-Bozej.jpg 1024w\" sizes=\"auto, (max-width: 560px) 100vw, 560px\" \/><\/a><\/b><\/span><\/p>\n<p align=\"center\"><span style=\"color: #800000\"><b>LITANIA LORETA\u0143SKA<\/b><\/span><\/p>\n<p align=\"justify\">Kyrie, eleison, Christe, eleison, Kyrie, eleison<br \/>\nChryste, us\u0142ysz nas, Chryste, wys\u0142uchaj nas.<br \/>\nOjcze z nieba Bo\u017ce \u2013 zmi\u0142uj si\u0119 nad nami.<br \/>\nSynu, Odkupicielu \u015bwiata, Bo\u017ce \u2013 zmi\u0142uj si\u0119 nad nami.<br \/>\nDuchu \u015awi\u0119ty, Bo\u017ce \u2013 zmi\u0142uj si\u0119 nad nami.<br \/>\n\u015awi\u0119ta Tr\u00f3jco, Jedyny Bo\u017ce \u2013 zmi\u0142uj si\u0119 nad nami.<br \/>\n\u015awi\u0119ta Maryjo \u2013 m\u00f3dl si\u0119 za nami.<br \/>\n\u015awi\u0119ta Bo\u017ca Rodzicielko \u2013 m\u00f3dl si\u0119 za nami.<br \/>\n\u015awi\u0119ta Panno nad pannami \u2013 m\u00f3dl si\u0119 za nami.<br \/>\nMatko Chrystusowa \u2013 m\u00f3dl si\u0119 za nami.<br \/>\nMatko Ko\u015bcio\u0142a \u2013 m\u00f3dl si\u0119 za nami.<br \/>\nMatko Mi\u0142osierdzia \u2013 m\u00f3dl si\u0119 za nami.<br \/>\nMatko \u0142aski Bo\u017cej \u2013 m\u00f3dl si\u0119 za nami.<br \/>\nMatko nadziei \u2013 m\u00f3dl si\u0119 za nami.<br \/>\nMatko nieskalana \u2013 m\u00f3dl si\u0119 za nami.<br \/>\nMatko najczystsza \u2013 m\u00f3dl si\u0119 za nami.<br \/>\nMatko dziewicza \u2013 m\u00f3dl si\u0119 za nami.<br \/>\nMatko nienaruszona \u2013 m\u00f3dl si\u0119 za nami.<br \/>\nMatko najmilsza \u2013 m\u00f3dl si\u0119 za nami.<br \/>\nMatko przedziwna \u2013 m\u00f3dl si\u0119 za nami.<br \/>\nMatko dobrej rady \u2013 m\u00f3dl si\u0119 za nami.<br \/>\nMatko Stworzyciela \u2013 m\u00f3dl si\u0119 za nami.<br \/>\nMatko Zbawiciela \u2013 m\u00f3dl si\u0119 za nami.<br \/>\nPanno roztropna \u2013 m\u00f3dl si\u0119 za nami.<br \/>\nPanno czcigodna \u2013 m\u00f3dl si\u0119 za nami.<br \/>\nPanno ws\u0142awiona \u2013 m\u00f3dl si\u0119 za nami.<br \/>\nPanno mo\u017cna \u2013 m\u00f3dl si\u0119 za nami.<br \/>\nPanno \u0142askawa \u2013 m\u00f3dl si\u0119 za nami.<br \/>\nPanno wierna \u2013 m\u00f3dl si\u0119 za nami.<br \/>\nZwierciad\u0142o sprawiedliwo\u015bci \u2013 m\u00f3dl si\u0119 za nami.<br \/>\nStolico m\u0105dro\u015bci \u2013 m\u00f3dl si\u0119 za nami.<br \/>\nPrzyczyno naszej rado\u015bci \u2013 m\u00f3dl si\u0119 za nami.<br \/>\nPrzybytku Ducha \u015awi\u0119tego \u2013 m\u00f3dl si\u0119 za nami.<br \/>\nPrzybytku chwalebny \u2013 m\u00f3dl si\u0119 za nami.<br \/>\nPrzybytku s\u0142awny pobo\u017cno\u015bci \u2013 m\u00f3dl si\u0119 za nami.<br \/>\nR\u00f3\u017co duchowna \u2013 m\u00f3dl si\u0119 za nami.<br \/>\nWie\u017co Dawidowa \u2013 m\u00f3dl si\u0119 za nami.<br \/>\nWie\u017co z ko\u015bci s\u0142oniowej \u2013 m\u00f3dl si\u0119 za nami.<br \/>\nDomie z\u0142oty \u2013 m\u00f3dl si\u0119 za nami.<br \/>\nArko przymierza \u2013 m\u00f3dl si\u0119 za nami.<br \/>\nBramo niebieska \u2013 m\u00f3dl si\u0119 za nami.<br \/>\nGwiazdo zaranna \u2013 m\u00f3dl si\u0119 za nami.<br \/>\nUzdrowienie chorych \u2013 m\u00f3dl si\u0119 za nami.<br \/>\nUcieczko grzesznych \u2013 m\u00f3dl si\u0119 za nami.<br \/>\nPociecho migrant\u00f3w \u2013 m\u00f3dl si\u0119 za nami.<br \/>\nPocieszycielko strapionych \u2013 m\u00f3dl si\u0119 za nami.<br \/>\nWspomo\u017cenie wiernych \u2013 m\u00f3dl si\u0119 za nami.<br \/>\nKr\u00f3lowo Anio\u0142\u00f3w \u2013 m\u00f3dl si\u0119 za nami.<br \/>\nKr\u00f3lowo Patriarch\u00f3w \u2013 m\u00f3dl si\u0119 za nami.<br \/>\nKr\u00f3lowo Prorok\u00f3w \u2013 m\u00f3dl si\u0119 za nami.<br \/>\nKr\u00f3lowo Aposto\u0142\u00f3w \u2013 m\u00f3dl si\u0119 za nami.<br \/>\nKr\u00f3lowo M\u0119czennik\u00f3w \u2013 m\u00f3dl si\u0119 za nami.<br \/>\nKr\u00f3lowo Wyznawc\u00f3w \u2013 m\u00f3dl si\u0119 za nami.<br \/>\nKr\u00f3lowo Dziewic \u2013 m\u00f3dl si\u0119 za nami.<br \/>\nKr\u00f3lowo Wszystkich \u015awi\u0119tych \u2013 m\u00f3dl si\u0119 za nami.<br \/>\nKr\u00f3lowo be zmazy pierworodnej pocz\u0119ta \u2013 m\u00f3dl si\u0119 za nami.<br \/>\nKr\u00f3lowo wniebowzi\u0119ta \u2013 m\u00f3dl si\u0119 za nami.<br \/>\nKr\u00f3lowo r\u00f3\u017ca\u0144ca \u015bwi\u0119tego \u2013 m\u00f3dl si\u0119 za nami.<br \/>\nKr\u00f3lowo pokoju \u2013 m\u00f3dl si\u0119 za nami.<br \/>\nKr\u00f3lowo Polski \u2013 m\u00f3dl si\u0119 za nami.<\/p>\n<p>Baranku Bo\u017cy, kt\u00f3ry g\u0142adzisz grzechy \u015bwiata \u2013 przepu\u015b\u0107 nam, Panie.<br \/>\nBaranku Bo\u017cy, kt\u00f3ry g\u0142adzisz grzechy \u015bwiata \u2013 wys\u0142uchaj nas, Panie.<br \/>\nBaranku Bo\u017cy, kt\u00f3ry g\u0142adzisz grzechy \u015bwiata \u2013 zmi\u0142uj si\u0119 nad nami.<\/p>\n<p>K: M\u00f3dl si\u0119 za nami, \u015bwi\u0119ta Bo\u017ca Rodzicielko.<br \/>\nW: Aby\u015bmy si\u0119 stali godnymi obietnic Chrystusowych.<\/p>\n<p style=\"text-align: justify\">M\u00f3dlmy si\u0119:<br \/>\nPanie, nasz Bo\u017ce, daj nam s\u0142ugom swoim, cieszy\u0107 si\u0119 trwa\u0142ym zdrowiem duszy i cia\u0142a, i za wstawiennictwem Naj\u015bwi\u0119tszej Maryi, zawsze Dziewicy, uwolnij nas od doczesnych utrapie\u0144 i obdarz wieczn\u0105 rado\u015bci\u0105. Przez Chrystusa, Pana naszego. Amen.<\/p>\n<p align=\"center\"><span style=\"color: #800000\"><b>Pod Twoj\u0105 obron\u0119<\/b><\/span><\/p>\n<p align=\"justify\">Pod Twoj\u0105 obron\u0119 uciekamy si\u0119, \u015bwi\u0119ta Bo\u017ca Rodzicielko. Naszymi pro\u015bbami racz nie gardzi\u0107 w potrzebach naszych; ale od wszelakich z\u0142ych przyg\u00f3d racz nas zawsze wybawia\u0107, Panno chwalebna i b\u0142ogos\u0142awiona. O Pani nasza, Or\u0119downiczko nasza, Po\u015bredniczko nasza, Pocieszycielko nasza! Z Synem swoim nas pojednaj, Synowi swojemu nas polecaj, swojemu Synowi nas oddawaj.<\/p>\n<p align=\"justify\"><a href=\"https:\/\/www.faustyna.pl\/zmbm\/matka-boza-milosierdzia\/\">Matka Bo\u017ca Mi\u0142osierdzia\/Liturgia i modlitwy<\/a><\/p>\n","protected":false},"excerpt":{"rendered":"<p>LITANIA LORETA\u0143SKA Kyrie, eleison, Christe, eleison, Kyrie, eleison Chryste, us\u0142ysz nas, Chryste, wys\u0142uchaj nas. Ojcze z nieba Bo\u017ce \u2013 zmi\u0142uj si\u0119 nad nami. Synu, Odkupicielu \u015bwiata, Bo\u017ce \u2013 zmi\u0142uj si\u0119 nad nami. Duchu \u015awi\u0119ty, Bo\u017ce \u2013 zmi\u0142uj si\u0119 nad nami. \u015awi\u0119ta Tr\u00f3jco, Jedyny Bo\u017ce \u2013 zmi\u0142uj si\u0119 nad nami. \u015awi\u0119ta Maryjo \u2013 m\u00f3dl si\u0119 za [&hellip;]<\/p>\n","protected":false},"author":1,"featured_media":0,"parent":0,"menu_order":0,"comment_status":"closed","ping_status":"closed","template":"","meta":{"footnotes":""},"categories":[21],"tags":[],"class_list":["post-955","page","type-page","status-publish","hentry","category-liturgia-i-modlitwy"],"_links":{"self":[{"href":"https:\/\/www.faustyna.pl\/zmbm\/wp-json\/wp\/v2\/pages\/955","targetHints":{"allow":["GET"]}}],"collection":[{"href":"https:\/\/www.faustyna.pl\/zmbm\/wp-json\/wp\/v2\/pages"}],"about":[{"href":"https:\/\/www.faustyna.pl\/zmbm\/wp-json\/wp\/v2\/types\/page"}],"author":[{"embeddable":true,"href":"https:\/\/www.faustyna.pl\/zmbm\/wp-json\/wp\/v2\/users\/1"}],"replies":[{"embeddable":true,"href":"https:\/\/www.faustyna.pl\/zmbm\/wp-json\/wp\/v2\/comments?post=955"}],"version-history":[{"count":8,"href":"https:\/\/www.faustyna.pl\/zmbm\/wp-json\/wp\/v2\/pages\/955\/revisions"}],"predecessor-version":[{"id":26474,"href":"https:\/\/www.faustyna.pl\/zmbm\/wp-json\/wp\/v2\/pages\/955\/revisions\/26474"}],"wp:attachment":[{"href":"https:\/\/www.faustyna.pl\/zmbm\/wp-json\/wp\/v2\/media?parent=955"}],"wp:term":[{"taxonomy":"category","embeddable":true,"href":"https:\/\/www.faustyna.pl\/zmbm\/wp-json\/wp\/v2\/categories?post=955"},{"taxonomy":"post_tag","embeddable":true,"href":"https:\/\/www.faustyna.pl\/zmbm\/wp-json\/wp\/v2\/tags?post=955"}],"curies":[{"name":"wp","href":"https:\/\/api.w.org\/{rel}","templated":true}]}}