



{"id":962,"date":"2014-12-14T10:22:54","date_gmt":"2014-12-14T09:22:54","guid":{"rendered":"http:\/\/www.faustyna.pl\/zmbm\/?page_id=962"},"modified":"2023-03-08T14:25:09","modified_gmt":"2023-03-08T13:25:09","slug":"msza-swieta","status":"publish","type":"page","link":"https:\/\/www.faustyna.pl\/zmbm\/msza-swieta\/","title":{"rendered":"Msza \u015awi\u0119ta"},"content":{"rendered":"<p><a href=\"https:\/\/www.faustyna.pl\/zmbm\/wp-content\/uploads\/2014\/12\/Matka-Milosierdzia-z-Czestochowy.jpg\" data-gallery><img loading=\"lazy\" decoding=\"async\" class=\"size-medium wp-image-10451 aligncenter\" src=\"https:\/\/www.faustyna.pl\/zmbm\/wp-content\/uploads\/2014\/12\/Matka-Milosierdzia-z-Czestochowy-560x329.jpg\" alt=\"\" width=\"560\" height=\"329\" srcset=\"https:\/\/www.faustyna.pl\/zmbm\/wp-content\/uploads\/2014\/12\/Matka-Milosierdzia-z-Czestochowy-560x329.jpg 560w, https:\/\/www.faustyna.pl\/zmbm\/wp-content\/uploads\/2014\/12\/Matka-Milosierdzia-z-Czestochowy-140x82.jpg 140w, https:\/\/www.faustyna.pl\/zmbm\/wp-content\/uploads\/2014\/12\/Matka-Milosierdzia-z-Czestochowy.jpg 1024w\" sizes=\"auto, (max-width: 560px) 100vw, 560px\" \/><\/a><\/p>\n<p style=\"text-align: center\"><strong><span style=\"color: #800000\">MSZA \u015aWI\u0118TA<br \/>\n<\/span><span style=\"color: #800000\"> na uroczysto\u015b\u0107 Naj\u015bwi\u0119tszej Maryi Panny<\/span><br \/>\n<span style=\"color: #800000\"> MATKI MI\u0141OSIERDZIA<\/span><br \/>\n<span style=\"color: #800000\"> 5 sierpnia<\/span> <\/strong><\/p>\n<p style=\"padding: 0px 6px;text-align: center;float: left\" align=\"center\"><b><span style=\"color: #800000\">\u00a0<\/span><\/b><\/p>\n<p>&nbsp;<\/p>\n<p style=\"clear: left\" align=\"justify\"><span style=\"color: #800000\"><b><span style=\"text-decoration: underline\">Antyfona na Wej\u015bcie:<\/span><\/b><\/span> Ps 59, 17; Iz 40, 9<\/p>\n<p>A ja opiewa\u0107 b\u0119d\u0119 Tw\u0105 pot\u0119g\u0119 i rankiem b\u0119d\u0119 si\u0119 weseli\u0107 z Twojej \u0142askawo\u015bci.<br \/>\nWst\u0105p\u017ce na wysok\u0105 g\u00f3r\u0119, zwiastunko dobrej nowiny w Syjonie!<br \/>\nPonie\u015b mocno tw\u00f3j g\u0142os, zwiastunko dobrej nowiny w Jeruzalem!<br \/>\nPodnie\u015b g\u0142os, nie b\u00f3j si\u0119 \u2013 zwiastunko dobrej nowiny w Syjonie!<br \/>\nPowiedz miastom judzkim: <i style=\"font-weight: normal\">Oto wasz B\u00f3g!<\/i><br \/>\nChwa\u0142a Ojcu i Synowi i Duchowi \u015awi\u0119temu, jak by\u0142a na pocz\u0105tku,<br \/>\nteraz i zawsze i na wieki wiek\u00f3w. Amen.<\/p>\n<p style=\"text-align: justify\"><span style=\"color: #800000\"><b><span style=\"text-decoration: underline\">Kolekta:<\/span><\/b><\/span><br \/>\nOjcze mi\u0142osierdzia, kt\u00f3ry Maryj\u0119 Dziewic\u0119 dopu\u015bci\u0142e\u015b do uczestnictwa<span style=\"letter-spacing: -0.4pt\"> w swo<\/span>im niesko\u0144czonym mi\u0142osierdziu i chcia\u0142e\u015b, by to mi\u0142osierdzie w Niej i przez Ni\u0105 przejawia\u0142o si\u0119 w mi\u0142o\u015bci prawdziwie macierzy\u0144skiej: wspieraj nas nieustannie sw\u0105 pot\u0119\u017cn\u0105 \u0142ask\u0105, aby\u015bmy na\u015bladuj\u0105c T\u0119, kt\u00f3r\u0105 ustanowi\u0142e\u015b Matk\u0105 Mi\u0142osierdzia, wiernie i wytrwale wsp\u00f3\u0142dzia\u0142ali w dziele dokonywania mi\u0142osierdzia Twego na ziemi. Przez naszego Pana.<\/p>\n<p><span style=\"color: #800000\"><b><span style=\"text-decoration: underline\">Czytanie 1:<\/span><\/b><\/span> Iz 62, 1-5<\/p>\n<p>Czytanie z Ksi\u0119gi proroka Izajasza:<\/p>\n<p>Przez wzgl\u0105d na Syjon nie umilkn\u0119,<br \/>\nprzez wzgl\u0105d na Jerozolim\u0119 nie spoczn\u0119,<br \/>\ndop\u00f3ki jej sprawiedliwo\u015b\u0107 nie b\u0142y\u015bnie jak zorza<br \/>\ni zbawienie jej nie zap\u0142onie jak pochodnia.<br \/>\nW\u00f3wczas narody ujrz\u0105 tw\u0105 sprawiedliwo\u015b\u0107<br \/>\ni chwa\u0142\u0119 twoj\u0105 wszyscy kr\u00f3lowie.<br \/>\nI nazw\u0105 ci\u0119 nowym imieniem,<br \/>\nkt\u00f3re usta Pana oznacz\u0105.<br \/>\nB\u0119dziesz prze\u015bliczn\u0105 koron\u0105 w r\u0119kach Pana,<br \/>\nkr\u00f3lewskim diademem w d\u0142oni twego Boga.<br \/>\nNie b\u0119d\u0105 wi\u0119cej m\u00f3wi\u0107 o tobie <i style=\"font-weight: normal\">Porzucona,<\/i><br \/>\no krainie twej ju\u017c nie powiedz\u0105 <i style=\"font-weight: normal\">Spustoszona.<\/i><br \/>\nRaczej ci\u0119 nazw\u0105 <i style=\"font-weight: normal\">Moje w niej upodobanie,<\/i><br \/>\na krain\u0119 twoj\u0105 <i style=\"font-weight: normal\">Po\u015blubiona.<\/i><br \/>\nAlbowiem spodoba\u0142a\u015b si\u0119 Panu<br \/>\ni twoja kraina otrzyma m\u0119\u017ca.<br \/>\nBo jak m\u0142odzieniec po\u015blubia dziewic\u0119,<br \/>\ntak tw\u00f3j Budowniczy ciebie po\u015blubi,<br \/>\ni jak oblubieniec weseli si\u0119 z oblubienicy,<br \/>\ntak B\u00f3g tw\u00f3j tob\u0105 si\u0119 rozraduje.<\/p>\n<p>Oto s\u0142owo Bo\u017ce.<\/p>\n<p><span style=\"color: #800000\"><b><span style=\"text-decoration: underline\">Psalm responsoryjny:<\/span><\/b><\/span> Ps 107, 1-2; 8-9; 21-22; 31, 43. Ref.: \u0141k 6, 36<\/p>\n<p>Ref.: <b>B\u0105d\u017acie mi\u0142osierni, jak Ojciec wasz jest mi\u0142osierny.<\/b><\/p>\n<p>Wys\u0142awiajcie Pana, bo jest dobry,<br \/>\nbo Jego \u0142aska trwa na wieki.<br \/>\nTak niech m\u00f3wi\u0105 odkupieni przez Pana,<br \/>\nkt\u00f3rych wybawi\u0142 z r\u0105k przeciwnika.<\/p>\n<p>Ref.: <b>B\u0105d\u017acie mi\u0142osierni, jak Ojciec wasz jest mi\u0142osierny.<\/b><\/p>\n<p>Niech dzi\u0119kuj\u0105 Panu za dobro\u0107 Jego,<br \/>\nza Jego cuda wobec syn\u00f3w ludzkich.<br \/>\nBo g\u0142odnego nasyci\u0142,<br \/>\na \u0142akn\u0105cego nape\u0142ni\u0142 dobrami.<\/p>\n<p>Ref.: <b>B\u0105d\u017acie mi\u0142osierni, jak Ojciec wasz jest mi\u0142osierny.<\/b><\/p>\n<p>Niech dzi\u0119kuj\u0105 Panu za dobro\u0107 Jego,<br \/>\nza Jego cuda wobec syn\u00f3w ludzkich.<br \/>\nNiech sk\u0142adaj\u0105 dzi\u0119kczynne ofiary,<br \/>\nniech s\u0142awi\u0105 z rado\u015bci\u0105 Jego dzie\u0142a.<\/p>\n<p>Ref.: <b>B\u0105d\u017acie mi\u0142osierni, jak Ojciec wasz jest mi\u0142osierny.<\/b><\/p>\n<p>Niech dzi\u0119kuj\u0105 Panu za dobro\u0107 Jego,<br \/>\nza Jego cuda wobec syn\u00f3w ludzkich:<br \/>\nKto m\u0105dry, niech to rozwa\u017cy<br \/>\ni uzna \u0142ask\u0119 Pana.<\/p>\n<p>Ref.: <b>B\u0105d\u017acie mi\u0142osierni, jak Ojciec wasz jest mi\u0142osierny.<\/b><\/p>\n<p><span style=\"color: #800000\"><b><span style=\"text-decoration: underline\">Czytanie 2:<\/span><\/b><\/span> Ef 2, 4-10<\/p>\n<p>Czytanie z Listu \u015bwi\u0119tego Paw\u0142a Aposto\u0142a do Efezjan:<\/p>\n<p style=\"text-align: justify\">Bracia: B\u00f3g b\u0119d\u0105c bogaty w mi\u0142osierdzie, przez wielk\u0105 sw\u0105 mi\u0142o\u015b\u0107, jak\u0105 nas umi\u0142owa\u0142, i to nas, umar\u0142ych na skutek wyst\u0119pk\u00f3w, razem z Chrystusem przywr\u00f3ci\u0142 do \u017cycia.\u00a0 \u0141ask\u0105 bowiem jeste\u015bcie\u00a0 zbawieni! Razem te\u017c wskrzesi\u0142 i razem posadzi\u0142 na wy\u017cynach niebieskich w Chrystusie Jezusie, aby w nadchodz\u0105cych wiekach przemo\u017cne bogactwa Jego \u0142aski, wykaza\u0142 na przyk\u0142adzie dobroci wzgl\u0119dem nas, w Chrystusie Jezusie. \u0141ask\u0105 bowiem jeste\u015bcie zbawieni przez wiar\u0119. A to pochodzi nie od was, lecz jest darem Boga: nie z uczynk\u00f3w, aby si\u0119 nikt nie chlubi\u0142. Jeste\u015bmy bowiem Jego dzie\u0142em, stworzeni w Chrystusie Jezusie dla dobrych uczynk\u00f3w, kt\u00f3re B\u00f3g z g\u00f3ry przygotowa\u0142, aby\u015bmy je pe\u0142nili.<\/p>\n<p>Oto s\u0142owo Bo\u017ce.<\/p>\n<p><span style=\"color: #800000\"><b><span style=\"text-decoration: underline\">\u015apiew przed Ewangeli\u0105:<\/span><\/b><\/span><\/p>\n<p>Alleluja, alleluja, alleluja.<\/p>\n<p>Szcz\u0119\u015bliwa jeste\u015b Matko Dziewico:<br \/>\nw pe\u0142ni od Boga dost\u0105pi\u0142a\u015b mi\u0142osierdzia<br \/>\ni ca\u0142e swe \u017cycie po\u015bwi\u0119ci\u0142a\u015b mi\u0142osierdziu.<\/p>\n<p>Alleluja, alleluja, alleluja.<\/p>\n<p><span style=\"color: #800000\"><b><span style=\"text-decoration: underline\">Ewangelia:<\/span><\/b><\/span> J 19, 25-27<\/p>\n<p>S\u0142owa Ewangelii wed\u0142ug \u015bwi\u0119tego Jana:<\/p>\n<p style=\"text-align: justify\">W owym czasie obok krzy\u017ca Jezusowego sta\u0142y: Matka Jego i siostra Matki Jego, Maria, \u017cona Kleofasa, i Maria Magdalena. Kiedy wi\u0119c Jezus ujrza\u0142 Matk\u0119 i stoj\u0105cego obok Niej ucznia, kt\u00f3rego mi\u0142owa\u0142, rzek\u0142 do Matki: <i style=\"font-weight: normal\">Niewiasto, oto syn tw\u00f3j.<\/i> Nast\u0119pnie rzek\u0142 do ucznia: <i style=\"font-weight: normal\">Oto Matka twoja.<\/i> I od tej godziny ucze\u0144 wzi\u0105\u0142 J\u0105 do siebie.<\/p>\n<p>Oto s\u0142owo Pa\u0144skie.<\/p>\n<p><span style=\"color: #800000\"><b><span style=\"text-decoration: underline\">Antyfona na przygotowanie dar\u00f3w:<\/span><\/b><\/span> Ps 66, 1-2, 16<\/p>\n<p>S\u0142awcie Boga z rado\u015bci\u0105 wszystkie ziemie,<br \/>\nopiewajcie chwa\u0142\u0119 Jego imienia.<br \/>\nWszyscy, co si\u0119 Boga boicie, chod\u017acie i s\u0142uchajcie,<br \/>\nchc\u0119 opowiedzie\u0107, co uczyni\u0142 mojej duszy!<\/p>\n<p><span style=\"color: #800000\"><b><span style=\"text-decoration: underline\">Modlitwa nad darami:<\/span><\/b><\/span><\/p>\n<p style=\"text-align: justify\">Spraw, prosimy Ci\u0119, mi\u0142osierny Bo\u017ce, niech dar z\u0142o\u017cony przed oczyma Twego majestatu za przyczyn\u0105 Maryi, Matki Mi\u0142osierdzia, wyjedna nam \u0142ask\u0119 szczerej gorliwo\u015bci w Twojej s\u0142u\u017cbie i nieustannie nas umacnia. Przez Chrystusa, Pana naszego.<\/p>\n<p><span style=\"color: #800000\"><b><span style=\"text-decoration: underline\">Prefacja:<\/span><\/b><\/span><\/p>\n<p style=\"text-align: justify\">Zaprawd\u0119\u00a0 godne\u00a0 to\u00a0 i\u00a0 sprawiedliwe,\u00a0 s\u0142uszne i zbawienne,\u00a0 aby\u015bmy\u00a0 zawsze i wsz\u0119dzie Tobie sk\u0142adali dzi\u0119kczynienie, Panie, Ojcze \u015awi\u0119ty, wszechmog\u0105cy, wieczny Bo\u017ce. I aby\u015bmy Ci\u0119 wielbili, b\u0142ogos\u0142awili i wys\u0142awiali obchodz\u0105c uroczysto\u015b\u0107 Naj\u015bwi\u0119tszej Maryi, Matki Mi\u0142osierdzia. Ona to w szczeg\u00f3lny spos\u00f3b wsp\u00f3\u0142pracowa\u0142a z dzie\u0142em mi\u0142osierdzia Jezusa Chrystusa przez wiar\u0119, nadziej\u0119 i mi\u0142o\u015b\u0107 \u017carliw\u0105 dla odnowienia nadprzyrodzonego \u017cycia dusz ludzkich. Przeto z Anio\u0142ami i Archanio\u0142ami, z b\u0142ogos\u0142awionymi Duchami oraz ze wszystkimi ch\u00f3rami niebios \u015bpiewamy hymn ku Twojej chwale, bez ko\u0144ca wo\u0142aj\u0105c: \u015awi\u0119ty &#8230;<\/p>\n<p><span style=\"color: #800000\"><b><span style=\"text-decoration: underline\">Antyfona na Komuni\u0119:<\/span><\/b><\/span> Mt 5, 7<\/p>\n<p>Jezus naucza\u0142 ich tymi s\u0142owami:<br \/>\nB\u0142ogos\u0142awieni mi\u0142osierni, albowiem oni mi\u0142osierdzia dost\u0105pi\u0105.<\/p>\n<p><b><span style=\"text-decoration: underline\"><span style=\"color: #800000;text-decoration: underline\">Mod<\/span><span style=\"color: #800000;text-decoration: underline\">litwa po Komunii \u015bwi\u0119tej:<\/span><\/span><\/b><\/p>\n<p style=\"text-align: justify\">Wspomagaj, Panie, tych, kt\u00f3rych pokrzepiasz Cia\u0142em i Krwi\u0105 swoj\u0105 \u2013 i za po\u015brednictwem Matki Mi\u0142osierdzia uwolnij ich od wszelkiego z\u0142a i niebezpiecze\u0144stwa, i os\u0142aniaj opiek\u0105 wszystkie ich dobre dzie\u0142a. Kt\u00f3ry \u017cyjesz.<\/p>\n<p>&#8212;&#8212;&#8212;&#8212;&#8212;&#8212;&#8212;&#8212;&#8212;&#8212;<br \/>\nFormularz mszalny zatwierdzony przez kard. Stefana Wyszy\u0144skiego, pryma- sa Polski, 3 sierpnia 1974 roku, N 1861\/74\/P \u2013 dla Zgromadzenia Si\u00f3str Matki Bo\u017cej Mi\u0142osierdzia.<\/p>\n<p><a href=\"https:\/\/www.faustyna.pl\/zmbm\/matka-boza-milosierdzia\/\">Matka Bo\u017ca Mi\u0142osierdzia\/Liturgia i modlitwy<\/a><\/p>\n","protected":false},"excerpt":{"rendered":"<p>MSZA \u015aWI\u0118TA na uroczysto\u015b\u0107 Naj\u015bwi\u0119tszej Maryi Panny MATKI MI\u0141OSIERDZIA 5 sierpnia \u00a0 &nbsp; Antyfona na Wej\u015bcie: Ps 59, 17; Iz 40, 9 A ja opiewa\u0107 b\u0119d\u0119 Tw\u0105 pot\u0119g\u0119 i rankiem b\u0119d\u0119 si\u0119 weseli\u0107 z Twojej \u0142askawo\u015bci. Wst\u0105p\u017ce na wysok\u0105 g\u00f3r\u0119, zwiastunko dobrej nowiny w Syjonie! Ponie\u015b mocno tw\u00f3j g\u0142os, zwiastunko dobrej nowiny w Jeruzalem! Podnie\u015b [&hellip;]<\/p>\n","protected":false},"author":1,"featured_media":0,"parent":0,"menu_order":0,"comment_status":"closed","ping_status":"closed","template":"","meta":{"footnotes":""},"categories":[21],"tags":[],"class_list":["post-962","page","type-page","status-publish","hentry","category-liturgia-i-modlitwy"],"_links":{"self":[{"href":"https:\/\/www.faustyna.pl\/zmbm\/wp-json\/wp\/v2\/pages\/962","targetHints":{"allow":["GET"]}}],"collection":[{"href":"https:\/\/www.faustyna.pl\/zmbm\/wp-json\/wp\/v2\/pages"}],"about":[{"href":"https:\/\/www.faustyna.pl\/zmbm\/wp-json\/wp\/v2\/types\/page"}],"author":[{"embeddable":true,"href":"https:\/\/www.faustyna.pl\/zmbm\/wp-json\/wp\/v2\/users\/1"}],"replies":[{"embeddable":true,"href":"https:\/\/www.faustyna.pl\/zmbm\/wp-json\/wp\/v2\/comments?post=962"}],"version-history":[{"count":8,"href":"https:\/\/www.faustyna.pl\/zmbm\/wp-json\/wp\/v2\/pages\/962\/revisions"}],"predecessor-version":[{"id":25856,"href":"https:\/\/www.faustyna.pl\/zmbm\/wp-json\/wp\/v2\/pages\/962\/revisions\/25856"}],"wp:attachment":[{"href":"https:\/\/www.faustyna.pl\/zmbm\/wp-json\/wp\/v2\/media?parent=962"}],"wp:term":[{"taxonomy":"category","embeddable":true,"href":"https:\/\/www.faustyna.pl\/zmbm\/wp-json\/wp\/v2\/categories?post=962"},{"taxonomy":"post_tag","embeddable":true,"href":"https:\/\/www.faustyna.pl\/zmbm\/wp-json\/wp\/v2\/tags?post=962"}],"curies":[{"name":"wp","href":"https:\/\/api.w.org\/{rel}","templated":true}]}}