



{"id":965,"date":"2014-12-15T23:08:04","date_gmt":"2014-12-15T22:08:04","guid":{"rendered":"http:\/\/www.faustyna.pl\/zmbm\/?page_id=965"},"modified":"2021-07-16T21:45:22","modified_gmt":"2021-07-16T19:45:22","slug":"matka-boza-milosierdzia","status":"publish","type":"page","link":"https:\/\/www.faustyna.pl\/zmbm\/matka-boza-milosierdzia\/","title":{"rendered":"Matka Bo\u017ca Mi\u0142osierdzia"},"content":{"rendered":"<p style=\"text-align: justify;\">Maryja jest T\u0105, kt\u00f3ra w spos\u00f3b szczeg\u00f3lny i wyj\u0105tkowy do\u015bwiadczy\u0142a mi\u0142osierdzia, a r\u00f3wnocze\u015bnie te\u017c w spos\u00f3b wyj\u0105tkowy okupi\u0142a sw\u00f3j udzia\u0142 w objawieniu si\u0119 mi\u0142osierdzia Bo\u017cego ofiar\u0105 serca. Ona najlepiej zna tajemnic\u0119 Bo\u017cego mi\u0142osierdzia. Wie, ile ono kosztowa\u0142o i wie, jak wielkie ono jest (por. DM, 9).<\/p>\n","protected":false},"excerpt":{"rendered":"<p>Maryja jest T\u0105, kt\u00f3ra w spos\u00f3b szczeg\u00f3lny i wyj\u0105tkowy do\u015bwiadczy\u0142a mi\u0142osierdzia, a r\u00f3wnocze\u015bnie te\u017c w spos\u00f3b wyj\u0105tkowy okupi\u0142a sw\u00f3j udzia\u0142 w objawieniu si\u0119 mi\u0142osierdzia Bo\u017cego ofiar\u0105 serca. Ona najlepiej zna tajemnic\u0119 Bo\u017cego mi\u0142osierdzia. Wie, ile ono kosztowa\u0142o i wie, jak wielkie ono jest (por. DM, 9).<\/p>\n","protected":false},"author":1,"featured_media":17494,"parent":0,"menu_order":0,"comment_status":"closed","ping_status":"closed","template":"page_section_menu.php","meta":{"footnotes":""},"categories":[18],"tags":[],"class_list":["post-965","page","type-page","status-publish","has-post-thumbnail","hentry","category-matka-boza-milosierdzia"],"_links":{"self":[{"href":"https:\/\/www.faustyna.pl\/zmbm\/wp-json\/wp\/v2\/pages\/965","targetHints":{"allow":["GET"]}}],"collection":[{"href":"https:\/\/www.faustyna.pl\/zmbm\/wp-json\/wp\/v2\/pages"}],"about":[{"href":"https:\/\/www.faustyna.pl\/zmbm\/wp-json\/wp\/v2\/types\/page"}],"author":[{"embeddable":true,"href":"https:\/\/www.faustyna.pl\/zmbm\/wp-json\/wp\/v2\/users\/1"}],"replies":[{"embeddable":true,"href":"https:\/\/www.faustyna.pl\/zmbm\/wp-json\/wp\/v2\/comments?post=965"}],"version-history":[{"count":4,"href":"https:\/\/www.faustyna.pl\/zmbm\/wp-json\/wp\/v2\/pages\/965\/revisions"}],"predecessor-version":[{"id":21573,"href":"https:\/\/www.faustyna.pl\/zmbm\/wp-json\/wp\/v2\/pages\/965\/revisions\/21573"}],"wp:featuredmedia":[{"embeddable":true,"href":"https:\/\/www.faustyna.pl\/zmbm\/wp-json\/wp\/v2\/media\/17494"}],"wp:attachment":[{"href":"https:\/\/www.faustyna.pl\/zmbm\/wp-json\/wp\/v2\/media?parent=965"}],"wp:term":[{"taxonomy":"category","embeddable":true,"href":"https:\/\/www.faustyna.pl\/zmbm\/wp-json\/wp\/v2\/categories?post=965"},{"taxonomy":"post_tag","embeddable":true,"href":"https:\/\/www.faustyna.pl\/zmbm\/wp-json\/wp\/v2\/tags?post=965"}],"curies":[{"name":"wp","href":"https:\/\/api.w.org\/{rel}","templated":true}]}}