



{"id":996,"date":"2014-12-15T23:45:29","date_gmt":"2014-12-15T23:45:29","guid":{"rendered":"http:\/\/www.faustyna.pl\/zmbm\/?page_id=996"},"modified":"2023-03-08T14:22:21","modified_gmt":"2023-03-08T13:22:21","slug":"koronka-do-matki-bozej-milosierdzia","status":"publish","type":"page","link":"https:\/\/www.faustyna.pl\/zmbm\/koronka-do-matki-bozej-milosierdzia\/","title":{"rendered":"Koronka do Matki Bo\u017cej Mi\u0142osierdzia"},"content":{"rendered":"<p style=\"text-align: center\" align=\"justify\"><span style=\"color: #800000\"><b><a href=\"https:\/\/www.faustyna.pl\/zmbm\/wp-content\/uploads\/2014\/12\/Maryja-Matka-Milosierdzia-Lagiewniki.jpg\" data-gallery><img loading=\"lazy\" decoding=\"async\" class=\"size-medium wp-image-10458 alignnone\" src=\"https:\/\/www.faustyna.pl\/zmbm\/wp-content\/uploads\/2014\/12\/Maryja-Matka-Milosierdzia-Lagiewniki-560x331.jpg\" alt=\"\" width=\"560\" height=\"331\" srcset=\"https:\/\/www.faustyna.pl\/zmbm\/wp-content\/uploads\/2014\/12\/Maryja-Matka-Milosierdzia-Lagiewniki-560x331.jpg 560w, https:\/\/www.faustyna.pl\/zmbm\/wp-content\/uploads\/2014\/12\/Maryja-Matka-Milosierdzia-Lagiewniki-140x83.jpg 140w, https:\/\/www.faustyna.pl\/zmbm\/wp-content\/uploads\/2014\/12\/Maryja-Matka-Milosierdzia-Lagiewniki.jpg 1024w\" sizes=\"auto, (max-width: 560px) 100vw, 560px\" \/><\/a><\/b><\/span><\/p>\n<p style=\"text-align: center\" align=\"justify\"><span style=\"color: #800000\"><b>KORONKA DO MATKI BO\u017bEJ MI\u0141OSIERDZIA<\/b><\/span><br \/>\n<span style=\"color: #800000\"> (sk\u0142ada si\u0119 z trzech dziesi\u0105tk\u00f3w<\/span>)<\/p>\n<p style=\"text-align: justify\"><b>Na pocz\u0105tku:<\/b><br \/>\nWitaj, Kr\u00f3lowo, Matko mi\u0142osierdzia, \u017cycie, s\u0142odyczy i nadziejo nasza, witaj. Do Ciebie wo\u0142amy, wygna\u0144cy synowie Ewy. Do Ciebie wzdychamy, j\u0119cz\u0105c i p\u0142acz\u0105c na tym \u0142ez padole. Przeto Or\u0119downiczko nasza, Twoje mi\u0142osierne oczy na nas zwr\u00f3\u0107, a Jezusa, b\u0142ogos\u0142awiony owoc \u017cywota Twojego, po tym wygnaniu nam oka\u017c. O \u0142askawa, o lito\u015bciwa, o s\u0142odka Panno Maryjo.<\/p>\n<p><b>Na du\u017cych paciorkach:<\/b><br \/>\nMaryjo, Matko \u0142aski i Matko Mi\u0142osierdzia, bro\u0144 nas od nieprzyjaci\u00f3\u0142 i przyjmij w godzin\u0119 \u015bmierci (1 raz).<\/p>\n<p><b>Na ma\u0142ych paciorkach:<\/b><br \/>\nMaryjo, Matko Mi\u0142osierdzia, upro\u015b nam mi\u0142osierdzie u Syna swojego (10 razy).<\/p>\n<p style=\"text-align: justify\"><b>Na zako\u0144czenie:<\/b><br \/>\nOtwierasz przed nami, najmi\u0142osierniejsza Matko, szeroko swe ramiona i wyci\u0105gasz r\u0119ce pe\u0142ne wszelkich \u0142ask i dar\u00f3w. Twoje serce matczyne pragnie nas obdarzy\u0107 wszystkim, czego potrzebujemy. Zach\u0119cone t\u0105 dobroci\u0105 z ufno\u015bci\u0105 zwracamy si\u0119 do Ciebie. Upro\u015b nam, Matko, wszystko to, co jest nam potrzebne, a przede wszystkim spraw swym mo\u017cnym po\u015brednictwem, aby\u015bmy strzeg\u0142y czysto\u015bci i niewinno\u015bci, wiernie i wytrwale piel\u0119gnowa\u0142y dzieci\u0119c\u0105 mi\u0142o\u015b\u0107 ku Tobie, a w sercu nosi\u0142y obraz serca Twojego Syna. Niech to Serce nas broni, kieruje nami i zaprowadzi nas do \u015bwiat\u0142o\u015bci wiecznej. Amen.<\/p>\n<p>______________________________<br \/>\n<i style=\"font-weight: normal\">Jezu, ufam Tobie. Modlitewnik Zgromadzenia Si\u00f3str Matki Bo\u017cej Mi\u0142osierdzia<\/i>, Warszawa 1986, s. 75-76.<\/p>\n<p><a href=\"https:\/\/www.faustyna.pl\/zmbm\/matka-boza-milosierdzia\/\">Matka Bo\u017ca Mi\u0142osierdzia\/Liturgia i modlitwy<\/a><\/p>\n","protected":false},"excerpt":{"rendered":"<p>KORONKA DO MATKI BO\u017bEJ MI\u0141OSIERDZIA (sk\u0142ada si\u0119 z trzech dziesi\u0105tk\u00f3w) Na pocz\u0105tku: Witaj, Kr\u00f3lowo, Matko mi\u0142osierdzia, \u017cycie, s\u0142odyczy i nadziejo nasza, witaj. Do Ciebie wo\u0142amy, wygna\u0144cy synowie Ewy. Do Ciebie wzdychamy, j\u0119cz\u0105c i p\u0142acz\u0105c na tym \u0142ez padole. Przeto Or\u0119downiczko nasza, Twoje mi\u0142osierne oczy na nas zwr\u00f3\u0107, a Jezusa, b\u0142ogos\u0142awiony owoc \u017cywota Twojego, po tym [&hellip;]<\/p>\n","protected":false},"author":1,"featured_media":0,"parent":0,"menu_order":0,"comment_status":"closed","ping_status":"closed","template":"","meta":{"footnotes":""},"categories":[21],"tags":[],"class_list":["post-996","page","type-page","status-publish","hentry","category-liturgia-i-modlitwy"],"_links":{"self":[{"href":"https:\/\/www.faustyna.pl\/zmbm\/wp-json\/wp\/v2\/pages\/996","targetHints":{"allow":["GET"]}}],"collection":[{"href":"https:\/\/www.faustyna.pl\/zmbm\/wp-json\/wp\/v2\/pages"}],"about":[{"href":"https:\/\/www.faustyna.pl\/zmbm\/wp-json\/wp\/v2\/types\/page"}],"author":[{"embeddable":true,"href":"https:\/\/www.faustyna.pl\/zmbm\/wp-json\/wp\/v2\/users\/1"}],"replies":[{"embeddable":true,"href":"https:\/\/www.faustyna.pl\/zmbm\/wp-json\/wp\/v2\/comments?post=996"}],"version-history":[{"count":6,"href":"https:\/\/www.faustyna.pl\/zmbm\/wp-json\/wp\/v2\/pages\/996\/revisions"}],"predecessor-version":[{"id":25848,"href":"https:\/\/www.faustyna.pl\/zmbm\/wp-json\/wp\/v2\/pages\/996\/revisions\/25848"}],"wp:attachment":[{"href":"https:\/\/www.faustyna.pl\/zmbm\/wp-json\/wp\/v2\/media?parent=996"}],"wp:term":[{"taxonomy":"category","embeddable":true,"href":"https:\/\/www.faustyna.pl\/zmbm\/wp-json\/wp\/v2\/categories?post=996"},{"taxonomy":"post_tag","embeddable":true,"href":"https:\/\/www.faustyna.pl\/zmbm\/wp-json\/wp\/v2\/tags?post=996"}],"curies":[{"name":"wp","href":"https:\/\/api.w.org\/{rel}","templated":true}]}}